{"id":1376,"date":"2023-07-28T11:49:36","date_gmt":"2023-07-28T09:49:36","guid":{"rendered":"https:\/\/clinicatenisteknon.com\/?page_id=1376"},"modified":"2023-07-28T12:10:51","modified_gmt":"2023-07-28T10:10:51","slug":"idi","status":"publish","type":"page","link":"https:\/\/clinicatenisteknon.com\/en\/idi\/","title":{"rendered":"R+D+I"},"content":{"rendered":"<div data-elementor-type=\"wp-page\" data-elementor-id=\"1376\" class=\"elementor elementor-1376\" data-elementor-post-type=\"page\">\n\t\t\t\t\t\t<section class=\"elementor-section elementor-top-section elementor-element elementor-element-5e5f5a2 elementor-section-boxed elementor-section-height-default elementor-section-height-default\" data-id=\"5e5f5a2\" data-element_type=\"section\" data-e-type=\"section\">\n\t\t\t\t\t\t<div class=\"elementor-container elementor-column-gap-default\">\n\t\t\t\t\t<div class=\"elementor-column elementor-col-100 elementor-top-column elementor-element elementor-element-e614c09\" data-id=\"e614c09\" data-element_type=\"column\" data-e-type=\"column\">\n\t\t\t<div class=\"elementor-widget-wrap elementor-element-populated\">\n\t\t\t\t\t\t<div class=\"elementor-element elementor-element-8c24077 elementor-widget elementor-widget-heading\" data-id=\"8c24077\" data-element_type=\"widget\" data-e-type=\"widget\" data-widget_type=\"heading.default\">\n\t\t\t\t<div class=\"elementor-widget-container\">\n\t\t\t\t\t<h2 class=\"elementor-heading-title elementor-size-default\">La Prevenci\u00f3n M\u00e9dica en el tenis<\/h2>\t\t\t\t<\/div>\n\t\t\t\t<\/div>\n\t\t\t\t<div class=\"elementor-element elementor-element-3521f47 elementor-widget elementor-widget-text-editor\" data-id=\"3521f47\" data-element_type=\"widget\" data-e-type=\"widget\" data-widget_type=\"text-editor.default\">\n\t\t\t\t<div class=\"elementor-widget-container\">\n\t\t\t\t\t\t\t\t\t<p>En la primavera de 2015, desde la Fundaci\u00f3n MAPFRE y la Cl\u00ednica MAPFRE de Medicina del Tenis, presentamos un estudio inicial sobre las lesiones m\u00e1s frecuentes en el tenis.<\/p><p>La evoluci\u00f3n de este deporte en los \u00faltimos a\u00f1os, con unos claros componentes globales del aumento de la fuerza y rapidez en el juego, nos hizo saltar la se\u00f1al de alarma ante la aparici\u00f3n de nuevas patolog\u00edas o, en muchos casos, a la aparici\u00f3n en<br \/>edades muy tempranas de las que ya se detectaban habitualmente.<\/p>\t\t\t\t\t\t\t\t<\/div>\n\t\t\t\t<\/div>\n\t\t\t\t<div class=\"elementor-element elementor-element-49417d9 elementor-widget elementor-widget-text-editor\" data-id=\"49417d9\" data-element_type=\"widget\" data-e-type=\"widget\" data-widget_type=\"text-editor.default\">\n\t\t\t\t<div class=\"elementor-widget-container\">\n\t\t\t\t\t\t\t\t\t<p>Desde la creaci\u00f3n de la Cl\u00ednica MAPFRE de Medicina del Tenis, pionera y referente a nivel mundial, hemos controlado a m\u00e1s de 7.000 tenistas, obteniendo una gran experiencia en las patolog\u00edas propias de este deporte, y buscando siempre adelantarnos mediante la prevenci\u00f3n de las mismas.<\/p>\t\t\t\t\t\t\t\t<\/div>\n\t\t\t\t<\/div>\n\t\t\t\t<div class=\"elementor-element elementor-element-5012f49 elementor-align-center elementor-widget elementor-widget-button\" data-id=\"5012f49\" data-element_type=\"widget\" data-e-type=\"widget\" data-widget_type=\"button.default\">\n\t\t\t\t<div class=\"elementor-widget-container\">\n\t\t\t\t\t\t\t\t\t<div class=\"elementor-button-wrapper\">\n\t\t\t\t\t<a class=\"elementor-button elementor-button-link elementor-size-sm\" href=\"https:\/\/clinicatenisteknon.com\/wp-content\/uploads\/2023\/07\/La-prevencion-medica-en-el-tenis-MAPFRE.pdf\">\n\t\t\t\t\t\t<span class=\"elementor-button-content-wrapper\">\n\t\t\t\t\t\t\t\t\t<span class=\"elementor-button-text\">Descarga Aqu\u00ed la Gu\u00eda<\/span>\n\t\t\t\t\t<\/span>\n\t\t\t\t\t<\/a>\n\t\t\t\t<\/div>\n\t\t\t\t\t\t\t\t<\/div>\n\t\t\t\t<\/div>\n\t\t\t\t\t<\/div>\n\t\t<\/div>\n\t\t\t\t\t<\/div>\n\t\t<\/section>\n\t\t\t\t<\/div>","protected":false},"excerpt":{"rendered":"<p>La Prevenci\u00f3n M\u00e9dica en el tenis En la primavera de 2015, desde la Fundaci\u00f3n MAPFRE y la Cl\u00ednica MAPFRE de Medicina del Tenis, presentamos un estudio inicial sobre las lesiones &#8230; <a title=\"R+D+I\" class=\"read-more\" href=\"https:\/\/clinicatenisteknon.com\/en\/idi\/\" aria-label=\"Read more about I+D+I\">Read more<\/a><\/p>","protected":false},"author":4,"featured_media":0,"parent":0,"menu_order":0,"comment_status":"closed","ping_status":"closed","template":"","meta":{"generate_page_header":"","footnotes":""},"class_list":["post-1376","page","type-page","status-publish"],"yoast_head":"<!-- This site is optimized with the Yoast SEO plugin v27.4 - https:\/\/yoast.com\/product\/yoast-seo-wordpress\/ -->\n<title>I+D+I - Cl\u00ednica Tenis Teknon<\/title>\n<meta name=\"robots\" content=\"index, follow, max-snippet:-1, max-image-preview:large, max-video-preview:-1\" \/>\n<link rel=\"canonical\" href=\"https:\/\/clinicatenisteknon.com\/en\/idi\/\" \/>\n<meta property=\"og:locale\" content=\"en_US\" \/>\n<meta property=\"og:type\" content=\"article\" \/>\n<meta property=\"og:title\" content=\"I+D+I - Cl\u00ednica Tenis Teknon\" \/>\n<meta property=\"og:description\" content=\"La Prevenci\u00f3n M\u00e9dica en el tenis En la primavera de 2015, desde la Fundaci\u00f3n MAPFRE y la Cl\u00ednica MAPFRE de Medicina del Tenis, presentamos un estudio inicial sobre las lesiones ... Read more\" \/>\n<meta property=\"og:url\" content=\"https:\/\/clinicatenisteknon.com\/en\/idi\/\" \/>\n<meta property=\"og:site_name\" content=\"Cl\u00ednica Tenis Teknon\" \/>\n<meta property=\"article:modified_time\" content=\"2023-07-28T10:10:51+00:00\" \/>\n<meta name=\"twitter:card\" content=\"summary_large_image\" \/>\n<meta name=\"twitter:label1\" content=\"Est. reading time\" \/>\n\t<meta name=\"twitter:data1\" content=\"1 minute\" \/>\n<script type=\"application\/ld+json\" class=\"yoast-schema-graph\">{\"@context\":\"https:\\\/\\\/schema.org\",\"@graph\":[{\"@type\":\"WebPage\",\"@id\":\"https:\\\/\\\/clinicatenisteknon.com\\\/idi\\\/\",\"url\":\"https:\\\/\\\/clinicatenisteknon.com\\\/idi\\\/\",\"name\":\"I+D+I - Cl\u00ednica Tenis Teknon\",\"isPartOf\":{\"@id\":\"https:\\\/\\\/clinicatenisteknon.com\\\/#website\"},\"datePublished\":\"2023-07-28T09:49:36+00:00\",\"dateModified\":\"2023-07-28T10:10:51+00:00\",\"breadcrumb\":{\"@id\":\"https:\\\/\\\/clinicatenisteknon.com\\\/idi\\\/#breadcrumb\"},\"inLanguage\":\"en-US\",\"potentialAction\":[{\"@type\":\"ReadAction\",\"target\":[\"https:\\\/\\\/clinicatenisteknon.com\\\/idi\\\/\"]}]},{\"@type\":\"BreadcrumbList\",\"@id\":\"https:\\\/\\\/clinicatenisteknon.com\\\/idi\\\/#breadcrumb\",\"itemListElement\":[{\"@type\":\"ListItem\",\"position\":1,\"name\":\"Portada\",\"item\":\"https:\\\/\\\/clinicatenisteknon.com\\\/\"},{\"@type\":\"ListItem\",\"position\":2,\"name\":\"I+D+I\"}]},{\"@type\":\"WebSite\",\"@id\":\"https:\\\/\\\/clinicatenisteknon.com\\\/#website\",\"url\":\"https:\\\/\\\/clinicatenisteknon.com\\\/\",\"name\":\"Cl\u00ednica Tenis Teknon\",\"description\":\"Cl\u00ednica del tenis \",\"publisher\":{\"@id\":\"https:\\\/\\\/clinicatenisteknon.com\\\/#organization\"},\"potentialAction\":[{\"@type\":\"SearchAction\",\"target\":{\"@type\":\"EntryPoint\",\"urlTemplate\":\"https:\\\/\\\/clinicatenisteknon.com\\\/?s={search_term_string}\"},\"query-input\":{\"@type\":\"PropertyValueSpecification\",\"valueRequired\":true,\"valueName\":\"search_term_string\"}}],\"inLanguage\":\"en-US\"},{\"@type\":\"Organization\",\"@id\":\"https:\\\/\\\/clinicatenisteknon.com\\\/#organization\",\"name\":\"Cl\u00ednica Tenis Teknon\",\"url\":\"https:\\\/\\\/clinicatenisteknon.com\\\/\",\"logo\":{\"@type\":\"ImageObject\",\"inLanguage\":\"en-US\",\"@id\":\"https:\\\/\\\/clinicatenisteknon.com\\\/#\\\/schema\\\/logo\\\/image\\\/\",\"url\":\"https:\\\/\\\/clinicatenisteknon.com\\\/wp-content\\\/uploads\\\/2023\\\/02\\\/QS-C-Cl-T-Teknon-Logo-Hz-Positiv-CMYK.jpg\",\"contentUrl\":\"https:\\\/\\\/clinicatenisteknon.com\\\/wp-content\\\/uploads\\\/2023\\\/02\\\/QS-C-Cl-T-Teknon-Logo-Hz-Positiv-CMYK.jpg\",\"width\":1802,\"height\":449,\"caption\":\"Cl\u00ednica Tenis Teknon\"},\"image\":{\"@id\":\"https:\\\/\\\/clinicatenisteknon.com\\\/#\\\/schema\\\/logo\\\/image\\\/\"}}]}<\/script>\n<!-- \/ Yoast SEO plugin. -->","yoast_head_json":{"title":"I+D+I - Cl\u00ednica Tenis Teknon","robots":{"index":"index","follow":"follow","max-snippet":"max-snippet:-1","max-image-preview":"max-image-preview:large","max-video-preview":"max-video-preview:-1"},"canonical":"https:\/\/clinicatenisteknon.com\/en\/idi\/","og_locale":"en_US","og_type":"article","og_title":"I+D+I - Cl\u00ednica Tenis Teknon","og_description":"La Prevenci\u00f3n M\u00e9dica en el tenis En la primavera de 2015, desde la Fundaci\u00f3n MAPFRE y la Cl\u00ednica MAPFRE de Medicina del Tenis, presentamos un estudio inicial sobre las lesiones ... Read more","og_url":"https:\/\/clinicatenisteknon.com\/en\/idi\/","og_site_name":"Cl\u00ednica Tenis Teknon","article_modified_time":"2023-07-28T10:10:51+00:00","twitter_card":"summary_large_image","twitter_misc":{"Est. reading time":"1 minute"},"schema":{"@context":"https:\/\/schema.org","@graph":[{"@type":"WebPage","@id":"https:\/\/clinicatenisteknon.com\/idi\/","url":"https:\/\/clinicatenisteknon.com\/idi\/","name":"I+D+I - Cl\u00ednica Tenis Teknon","isPartOf":{"@id":"https:\/\/clinicatenisteknon.com\/#website"},"datePublished":"2023-07-28T09:49:36+00:00","dateModified":"2023-07-28T10:10:51+00:00","breadcrumb":{"@id":"https:\/\/clinicatenisteknon.com\/idi\/#breadcrumb"},"inLanguage":"en-US","potentialAction":[{"@type":"ReadAction","target":["https:\/\/clinicatenisteknon.com\/idi\/"]}]},{"@type":"BreadcrumbList","@id":"https:\/\/clinicatenisteknon.com\/idi\/#breadcrumb","itemListElement":[{"@type":"ListItem","position":1,"name":"Portada","item":"https:\/\/clinicatenisteknon.com\/"},{"@type":"ListItem","position":2,"name":"I+D+I"}]},{"@type":"WebSite","@id":"https:\/\/clinicatenisteknon.com\/#website","url":"https:\/\/clinicatenisteknon.com\/","name":"Cl\u00ednica Tenis Teknon","description":"Cl\u00ednica del tenis","publisher":{"@id":"https:\/\/clinicatenisteknon.com\/#organization"},"potentialAction":[{"@type":"SearchAction","target":{"@type":"EntryPoint","urlTemplate":"https:\/\/clinicatenisteknon.com\/?s={search_term_string}"},"query-input":{"@type":"PropertyValueSpecification","valueRequired":true,"valueName":"search_term_string"}}],"inLanguage":"en-US"},{"@type":"Organization","@id":"https:\/\/clinicatenisteknon.com\/#organization","name":"Cl\u00ednica Tenis Teknon","url":"https:\/\/clinicatenisteknon.com\/","logo":{"@type":"ImageObject","inLanguage":"en-US","@id":"https:\/\/clinicatenisteknon.com\/#\/schema\/logo\/image\/","url":"https:\/\/clinicatenisteknon.com\/wp-content\/uploads\/2023\/02\/QS-C-Cl-T-Teknon-Logo-Hz-Positiv-CMYK.jpg","contentUrl":"https:\/\/clinicatenisteknon.com\/wp-content\/uploads\/2023\/02\/QS-C-Cl-T-Teknon-Logo-Hz-Positiv-CMYK.jpg","width":1802,"height":449,"caption":"Cl\u00ednica Tenis Teknon"},"image":{"@id":"https:\/\/clinicatenisteknon.com\/#\/schema\/logo\/image\/"}}]}},"_links":{"self":[{"href":"https:\/\/clinicatenisteknon.com\/en\/wp-json\/wp\/v2\/pages\/1376","targetHints":{"allow":["GET"]}}],"collection":[{"href":"https:\/\/clinicatenisteknon.com\/en\/wp-json\/wp\/v2\/pages"}],"about":[{"href":"https:\/\/clinicatenisteknon.com\/en\/wp-json\/wp\/v2\/types\/page"}],"author":[{"embeddable":true,"href":"https:\/\/clinicatenisteknon.com\/en\/wp-json\/wp\/v2\/users\/4"}],"replies":[{"embeddable":true,"href":"https:\/\/clinicatenisteknon.com\/en\/wp-json\/wp\/v2\/comments?post=1376"}],"version-history":[{"count":9,"href":"https:\/\/clinicatenisteknon.com\/en\/wp-json\/wp\/v2\/pages\/1376\/revisions"}],"predecessor-version":[{"id":1387,"href":"https:\/\/clinicatenisteknon.com\/en\/wp-json\/wp\/v2\/pages\/1376\/revisions\/1387"}],"wp:attachment":[{"href":"https:\/\/clinicatenisteknon.com\/en\/wp-json\/wp\/v2\/media?parent=1376"}],"curies":[{"name":"wp","href":"https:\/\/api.w.org\/{rel}","templated":true}]}}