{"id":1418,"date":"2023-08-08T11:24:05","date_gmt":"2023-08-08T09:24:05","guid":{"rendered":"https:\/\/clinicatenisteknon.com\/?page_id=1418"},"modified":"2023-08-08T13:50:48","modified_gmt":"2023-08-08T11:50:48","slug":"cadera","status":"publish","type":"page","link":"https:\/\/clinicatenisteknon.com\/en\/tratamientos\/cadera\/","title":{"rendered":"Hip"},"content":{"rendered":"<div data-elementor-type=\"wp-page\" data-elementor-id=\"1418\" class=\"elementor elementor-1418\" data-elementor-post-type=\"page\">\n\t\t\t\t\t\t<section class=\"elementor-section elementor-top-section elementor-element elementor-element-63f39873 elementor-section-stretched elementor-section-boxed elementor-section-height-default elementor-section-height-default\" data-id=\"63f39873\" data-element_type=\"section\" data-e-type=\"section\" data-settings=\"{&quot;stretch_section&quot;:&quot;section-stretched&quot;}\">\n\t\t\t\t\t\t<div class=\"elementor-container elementor-column-gap-default\">\n\t\t\t\t\t<div class=\"elementor-column elementor-col-50 elementor-top-column elementor-element elementor-element-250585b5\" data-id=\"250585b5\" data-element_type=\"column\" data-e-type=\"column\">\n\t\t\t<div class=\"elementor-widget-wrap elementor-element-populated\">\n\t\t\t\t\t\t<div class=\"elementor-element elementor-element-42733c27 elementor-widget elementor-widget-image\" data-id=\"42733c27\" data-element_type=\"widget\" data-e-type=\"widget\" data-widget_type=\"image.default\">\n\t\t\t\t<div class=\"elementor-widget-container\">\n\t\t\t\t\t\t\t\t\t\t\t\t\t\t\t<img fetchpriority=\"high\" decoding=\"async\" width=\"1024\" height=\"646\" src=\"https:\/\/clinicatenisteknon.com\/wp-content\/uploads\/2023\/07\/CADERA-1024x646.jpg\" class=\"attachment-large size-large wp-image-1359\" alt=\"\" srcset=\"https:\/\/clinicatenisteknon.com\/wp-content\/uploads\/2023\/07\/CADERA-1024x646.jpg 1024w, https:\/\/clinicatenisteknon.com\/wp-content\/uploads\/2023\/07\/CADERA-scaled-600x379.jpg 600w, https:\/\/clinicatenisteknon.com\/wp-content\/uploads\/2023\/07\/CADERA-300x189.jpg 300w, https:\/\/clinicatenisteknon.com\/wp-content\/uploads\/2023\/07\/CADERA-768x484.jpg 768w, https:\/\/clinicatenisteknon.com\/wp-content\/uploads\/2023\/07\/CADERA-1536x969.jpg 1536w, https:\/\/clinicatenisteknon.com\/wp-content\/uploads\/2023\/07\/CADERA-2048x1292.jpg 2048w, https:\/\/clinicatenisteknon.com\/wp-content\/uploads\/2023\/07\/CADERA-18x12.jpg 18w\" sizes=\"(max-width: 1024px) 100vw, 1024px\" \/>\t\t\t\t\t\t\t\t\t\t\t\t\t\t\t<\/div>\n\t\t\t\t<\/div>\n\t\t\t\t\t<\/div>\n\t\t<\/div>\n\t\t\t\t<div class=\"elementor-column elementor-col-50 elementor-top-column elementor-element elementor-element-66c57f8f elementor-invisible\" data-id=\"66c57f8f\" data-element_type=\"column\" data-e-type=\"column\" data-settings=\"{&quot;animation&quot;:&quot;fadeInRight&quot;}\">\n\t\t\t<div class=\"elementor-widget-wrap elementor-element-populated\">\n\t\t\t\t\t\t<div class=\"elementor-element elementor-element-5158fa9 elementor-widget elementor-widget-heading\" data-id=\"5158fa9\" data-element_type=\"widget\" data-e-type=\"widget\" data-widget_type=\"heading.default\">\n\t\t\t\t<div class=\"elementor-widget-container\">\n\t\t\t\t\t<h2 class=\"elementor-heading-title elementor-size-default\">Hip Treatment<\/h2>\t\t\t\t<\/div>\n\t\t\t\t<\/div>\n\t\t\t\t\t<\/div>\n\t\t<\/div>\n\t\t\t\t\t<\/div>\n\t\t<\/section>\n\t\t\t\t<section class=\"elementor-section elementor-top-section elementor-element elementor-element-2621a71d elementor-section-stretched elementor-section-boxed elementor-section-height-default elementor-section-height-default\" data-id=\"2621a71d\" data-element_type=\"section\" data-e-type=\"section\" data-settings=\"{&quot;stretch_section&quot;:&quot;section-stretched&quot;}\">\n\t\t\t\t\t\t<div class=\"elementor-container elementor-column-gap-wider\">\n\t\t\t\t\t<div class=\"elementor-column elementor-col-100 elementor-top-column elementor-element elementor-element-41ed3f05\" data-id=\"41ed3f05\" data-element_type=\"column\" data-e-type=\"column\">\n\t\t\t<div class=\"elementor-widget-wrap elementor-element-populated\">\n\t\t\t\t\t\t<div class=\"elementor-element elementor-element-22290dd1 elementor-widget elementor-widget-text-editor\" data-id=\"22290dd1\" data-element_type=\"widget\" data-e-type=\"widget\" data-widget_type=\"text-editor.default\">\n\t\t\t\t<div class=\"elementor-widget-container\">\n\t\t\t\t\t\t\t\t\t<h3><strong>Femoroacetabular impingement (FAI)<\/strong><\/h3><p>Femoroacetabular impingement (FAI), also known as hip impingement, is the abnormal growth of one or both of the bones conforming the hip joint, causing increased contact and friction between them.<\/p><p>This can lead to a higher risk of hip osteoarthritis due to the deterioration of the articular cartilage and the labrum.<\/p>\t\t\t\t\t\t\t\t<\/div>\n\t\t\t\t<\/div>\n\t\t\t\t<div class=\"elementor-element elementor-element-113665f7 elementor-widget elementor-widget-heading\" data-id=\"113665f7\" data-element_type=\"widget\" data-e-type=\"widget\" data-widget_type=\"heading.default\">\n\t\t\t\t<div class=\"elementor-widget-container\">\n\t\t\t\t\t<p class=\"elementor-heading-title elementor-size-default\">There are 3 types of FAI:<\/p>\t\t\t\t<\/div>\n\t\t\t\t<\/div>\n\t\t\t\t<div class=\"elementor-element elementor-element-21bc466e elementor-widget elementor-widget-text-editor\" data-id=\"21bc466e\" data-element_type=\"widget\" data-e-type=\"widget\" data-widget_type=\"text-editor.default\">\n\t\t\t\t<div class=\"elementor-widget-container\">\n\t\t\t\t\t\t\t\t\t<p>1. Cam impingement, in which the femoral head is not entirely round and cannot rotate smoothly inside the hip socket (or acetabulum), causing pain in the groin area.<\/p><p>2. Pincer impingement, in which there is bone overgrowth creating a prominent rim covering the femoral head, causing pain when in flexion or rotation.<\/p><p>3. Combined impingement, in which both pincer and cam impingements are present.<\/p>\t\t\t\t\t\t\t\t<\/div>\n\t\t\t\t<\/div>\n\t\t\t\t<div class=\"elementor-element elementor-element-553b40a4 elementor-widget elementor-widget-heading\" data-id=\"553b40a4\" data-element_type=\"widget\" data-e-type=\"widget\" data-widget_type=\"heading.default\">\n\t\t\t\t<div class=\"elementor-widget-container\">\n\t\t\t\t\t<p class=\"elementor-heading-title elementor-size-default\">Treatment<\/p>\t\t\t\t<\/div>\n\t\t\t\t<\/div>\n\t\t\t\t<div class=\"elementor-element elementor-element-2821a4e4 elementor-widget elementor-widget-text-editor\" data-id=\"2821a4e4\" data-element_type=\"widget\" data-e-type=\"widget\" data-widget_type=\"text-editor.default\">\n\t\t\t\t<div class=\"elementor-widget-container\">\n\t\t\t\t\t\t\t\t\t<ul><li class=\" translation-block\"><strong>Arthroscopic surgery<\/strong> can be used to treat most forms of FAI. It works by cleaning out any labral and articular cartilage damage, to repair the injury and to preserve the labrum or reattach it, when possible.<\/li><li class=\" translation-block\"><strong>Pincer impingement<\/strong>, in which there is bone overgrowth creating a prominent rim covering the femoral head, causing pain in flexion and rotation.<\/li><li>In some extreme cases, <strong>open surgery<\/strong> may be necessary to fully treat the injury.<\/li><\/ul>\t\t\t\t\t\t\t\t<\/div>\n\t\t\t\t<\/div>\n\t\t\t\t\t<\/div>\n\t\t<\/div>\n\t\t\t\t\t<\/div>\n\t\t<\/section>\n\t\t\t\t<section class=\"elementor-section elementor-top-section elementor-element elementor-element-e7047d3 elementor-section-stretched elementor-section-boxed elementor-section-height-default elementor-section-height-default\" data-id=\"e7047d3\" data-element_type=\"section\" data-e-type=\"section\" data-settings=\"{&quot;stretch_section&quot;:&quot;section-stretched&quot;}\">\n\t\t\t\t\t\t<div class=\"elementor-container elementor-column-gap-wider\">\n\t\t\t\t\t<div class=\"elementor-column elementor-col-100 elementor-top-column elementor-element elementor-element-10dce8c\" data-id=\"10dce8c\" data-element_type=\"column\" data-e-type=\"column\">\n\t\t\t<div class=\"elementor-widget-wrap elementor-element-populated\">\n\t\t\t\t\t\t<div class=\"elementor-element elementor-element-f3323a0 elementor-widget elementor-widget-text-editor\" data-id=\"f3323a0\" data-element_type=\"widget\" data-e-type=\"widget\" data-widget_type=\"text-editor.default\">\n\t\t\t\t<div class=\"elementor-widget-container\">\n\t\t\t\t\t\t\t\t\t<h3><strong>Labral Tears<\/strong><\/h3><p>The labrum is made of fibrocartilage (or collagen), and surrounds the acetabulum (or hip socket) to provide stability and proprioception when in movement.<br \/>Labral tears tend to affect the anterior and superior parts of the hip and are the result of a traumatic injury or the wear and tear of the joint. They are often related to femoroacetabular impingement.<\/p>\t\t\t\t\t\t\t\t<\/div>\n\t\t\t\t<\/div>\n\t\t\t\t<div class=\"elementor-element elementor-element-378e6fa elementor-widget elementor-widget-heading\" data-id=\"378e6fa\" data-element_type=\"widget\" data-e-type=\"widget\" data-widget_type=\"heading.default\">\n\t\t\t\t<div class=\"elementor-widget-container\">\n\t\t\t\t\t<p class=\"elementor-heading-title elementor-size-default\">Treatment<\/p>\t\t\t\t<\/div>\n\t\t\t\t<\/div>\n\t\t\t\t<div class=\"elementor-element elementor-element-c1e65e0 elementor-widget elementor-widget-text-editor\" data-id=\"c1e65e0\" data-element_type=\"widget\" data-e-type=\"widget\" data-widget_type=\"text-editor.default\">\n\t\t\t\t<div class=\"elementor-widget-container\">\n\t\t\t\t\t\t\t\t\t<ul><li><p class=\" translation-block\"><strong>Conservative management<\/strong> includes anti-inflammatory drugs, physical therapy and intra-articular injections of corticosteroids, platelet-rich plasma (PRP) and hyaluronic acid.<\/p><\/li><li><p class=\" translation-block\"><strong>Surgical treatment<\/strong> is used for labral repair, debridement, or reconstruction. A hip arthroscopy can be performed as a surgical procedure.<\/p><\/li><\/ul>\t\t\t\t\t\t\t\t<\/div>\n\t\t\t\t<\/div>\n\t\t\t\t\t<\/div>\n\t\t<\/div>\n\t\t\t\t\t<\/div>\n\t\t<\/section>\n\t\t\t\t<section class=\"elementor-section elementor-top-section elementor-element elementor-element-49433ea elementor-section-stretched elementor-section-boxed elementor-section-height-default elementor-section-height-default\" data-id=\"49433ea\" data-element_type=\"section\" data-e-type=\"section\" data-settings=\"{&quot;stretch_section&quot;:&quot;section-stretched&quot;}\">\n\t\t\t\t\t\t<div class=\"elementor-container elementor-column-gap-wider\">\n\t\t\t\t\t<div class=\"elementor-column elementor-col-100 elementor-top-column elementor-element elementor-element-bb06b2d\" data-id=\"bb06b2d\" data-element_type=\"column\" data-e-type=\"column\">\n\t\t\t<div class=\"elementor-widget-wrap elementor-element-populated\">\n\t\t\t\t\t\t<div class=\"elementor-element elementor-element-7e0ea11 elementor-widget elementor-widget-text-editor\" data-id=\"7e0ea11\" data-element_type=\"widget\" data-e-type=\"widget\" data-widget_type=\"text-editor.default\">\n\t\t\t\t<div class=\"elementor-widget-container\">\n\t\t\t\t\t\t\t\t\t<h3><strong>Cartilage Injuries<\/strong><\/h3><p>Chondral, osteochondral and cartilage injuries are the result of tissue degeneration or a traumatic injury. If the injury is extensive and affects all of the cartilage, it is called osteoarthritis (or arthrosis).<\/p>\t\t\t\t\t\t\t\t<\/div>\n\t\t\t\t<\/div>\n\t\t\t\t<div class=\"elementor-element elementor-element-acae2f5 elementor-widget elementor-widget-heading\" data-id=\"acae2f5\" data-element_type=\"widget\" data-e-type=\"widget\" data-widget_type=\"heading.default\">\n\t\t\t\t<div class=\"elementor-widget-container\">\n\t\t\t\t\t<p class=\"elementor-heading-title elementor-size-default\">Treatment<\/p>\t\t\t\t<\/div>\n\t\t\t\t<\/div>\n\t\t\t\t<div class=\"elementor-element elementor-element-3423aea elementor-widget elementor-widget-text-editor\" data-id=\"3423aea\" data-element_type=\"widget\" data-e-type=\"widget\" data-widget_type=\"text-editor.default\">\n\t\t\t\t<div class=\"elementor-widget-container\">\n\t\t\t\t\t\t\t\t\t<ul><li><p class=\" translation-block\"><strong>Conservative management<\/strong>. It includes making changes to daily activities, rehabilitation, and injections of corticosteroids, platelet-rich plasma (PRP), and mesenchymal stem cells (MSCs).<\/p><\/li><li><p class=\" translation-block\"><strong>Surgical treatment<\/strong>. Diagnostic and therapeutic hip arthroscopy is indicated for labral tears and loose bodies, but not for osteoarthritis.<\/p><\/li><\/ul>\t\t\t\t\t\t\t\t<\/div>\n\t\t\t\t<\/div>\n\t\t\t\t\t<\/div>\n\t\t<\/div>\n\t\t\t\t\t<\/div>\n\t\t<\/section>\n\t\t\t\t<section class=\"elementor-section elementor-top-section elementor-element elementor-element-4f10538 elementor-section-stretched elementor-section-boxed elementor-section-height-default elementor-section-height-default\" data-id=\"4f10538\" data-element_type=\"section\" data-e-type=\"section\" data-settings=\"{&quot;stretch_section&quot;:&quot;section-stretched&quot;}\">\n\t\t\t\t\t\t<div class=\"elementor-container elementor-column-gap-wider\">\n\t\t\t\t\t<div class=\"elementor-column elementor-col-100 elementor-top-column elementor-element elementor-element-ce9e178\" data-id=\"ce9e178\" data-element_type=\"column\" data-e-type=\"column\">\n\t\t\t<div class=\"elementor-widget-wrap elementor-element-populated\">\n\t\t\t\t\t\t<div class=\"elementor-element elementor-element-d3d634a elementor-widget elementor-widget-text-editor\" data-id=\"d3d634a\" data-element_type=\"widget\" data-e-type=\"widget\" data-widget_type=\"text-editor.default\">\n\t\t\t\t<div class=\"elementor-widget-container\">\n\t\t\t\t\t\t\t\t\t<h3><strong>Hip Replacement<\/strong><\/h3><p>Hip replacement surgery is recommended when all other treatment options have failed to relieve pain. The hip joint is fully or partially replaced with an implant made of metal, ceramic, and plastic components.<\/p>\t\t\t\t\t\t\t\t<\/div>\n\t\t\t\t<\/div>\n\t\t\t\t<div class=\"elementor-element elementor-element-8f6648d elementor-widget elementor-widget-heading\" data-id=\"8f6648d\" data-element_type=\"widget\" data-e-type=\"widget\" data-widget_type=\"heading.default\">\n\t\t\t\t<div class=\"elementor-widget-container\">\n\t\t\t\t\t<p class=\"elementor-heading-title elementor-size-default\">Types:<\/p>\t\t\t\t<\/div>\n\t\t\t\t<\/div>\n\t\t\t\t<div class=\"elementor-element elementor-element-e9e3323 elementor-widget elementor-widget-text-editor\" data-id=\"e9e3323\" data-element_type=\"widget\" data-e-type=\"widget\" data-widget_type=\"text-editor.default\">\n\t\t\t\t<div class=\"elementor-widget-container\">\n\t\t\t\t\t\t\t\t\t<ul><li>Partial hip replacement is a procedure to replace only one side of the hip joint, the femoral head. It is only used in older people who are not very active and who also suffer from a femoral neck fracture. It is not usually indicated for osteoarthritis, as it causes great wear and tear on the acetabulum.<\/li><li>Hip resurfacing is a procedure to trim and cap the femoral head with a smooth metal cover. It is typically used in active young people and athletes. The main advantage is that it preserves the femoral neck and minimises bone removal, while providing greater stability to the hip joint and requiring a shorter recovery time. The disadvantage is that there is a chance, albeit low, of femoral neck fracture.<\/li><li>Total hip replacement is a procedure to replace the entire hip joint with a cemented implant fixed to the bone. The damaged bone and cartilage are removed and replaced with an artificial implant. A hip implant is made up of several components and materials, such as metal, high-density polyethylene, ceramics, and plastic.<\/li><\/ul>\t\t\t\t\t\t\t\t<\/div>\n\t\t\t\t<\/div>\n\t\t\t\t\t<\/div>\n\t\t<\/div>\n\t\t\t\t\t<\/div>\n\t\t<\/section>\n\t\t\t\t<\/div>","protected":false},"excerpt":{"rendered":"<p>Tratamiendo de Cadera Pinzamiento Femoroacetabular (FAI) FAI, tambi\u00e9n llamado Choque Femoroacetabular, consiste en un crecimiento \u00f3seo anormal a lo largo de uno o ambos huesos que forman la articulaci\u00f3n de &#8230; <a title=\"Hip\" class=\"read-more\" href=\"https:\/\/clinicatenisteknon.com\/en\/tratamientos\/cadera\/\" aria-label=\"Read more about Cadera\">Read more<\/a><\/p>","protected":false},"author":4,"featured_media":0,"parent":1168,"menu_order":1,"comment_status":"closed","ping_status":"closed","template":"","meta":{"generate_page_header":"","footnotes":""},"class_list":["post-1418","page","type-page","status-publish"],"yoast_head":"<!-- This site is optimized with the Yoast SEO plugin v27.4 - https:\/\/yoast.com\/product\/yoast-seo-wordpress\/ -->\n<title>Cadera - Cl\u00ednica Tenis Teknon<\/title>\n<meta name=\"robots\" content=\"index, follow, max-snippet:-1, max-image-preview:large, max-video-preview:-1\" \/>\n<link rel=\"canonical\" href=\"https:\/\/clinicatenisteknon.com\/en\/tratamientos\/cadera\/\" \/>\n<meta property=\"og:locale\" content=\"en_US\" \/>\n<meta property=\"og:type\" content=\"article\" \/>\n<meta property=\"og:title\" content=\"Cadera - Cl\u00ednica Tenis Teknon\" \/>\n<meta property=\"og:description\" content=\"Tratamiendo de Cadera Pinzamiento Femoroacetabular (FAI) FAI, tambi\u00e9n llamado Choque Femoroacetabular, consiste en un crecimiento \u00f3seo anormal a lo largo de uno o ambos huesos que forman la articulaci\u00f3n de ... Read more\" \/>\n<meta property=\"og:url\" content=\"https:\/\/clinicatenisteknon.com\/en\/tratamientos\/cadera\/\" \/>\n<meta property=\"og:site_name\" content=\"Cl\u00ednica Tenis Teknon\" \/>\n<meta property=\"article:modified_time\" content=\"2023-08-08T11:50:48+00:00\" \/>\n<meta property=\"og:image\" content=\"https:\/\/clinicatenisteknon.com\/wp-content\/uploads\/2023\/07\/CADERA-1024x646.jpg\" \/>\n<meta name=\"twitter:card\" content=\"summary_large_image\" \/>\n<meta name=\"twitter:label1\" content=\"Est. reading time\" \/>\n\t<meta name=\"twitter:data1\" content=\"4 minutes\" \/>\n<script type=\"application\/ld+json\" class=\"yoast-schema-graph\">{\"@context\":\"https:\\\/\\\/schema.org\",\"@graph\":[{\"@type\":\"WebPage\",\"@id\":\"https:\\\/\\\/clinicatenisteknon.com\\\/tratamientos\\\/cadera\\\/\",\"url\":\"https:\\\/\\\/clinicatenisteknon.com\\\/tratamientos\\\/cadera\\\/\",\"name\":\"Cadera - Cl\u00ednica Tenis Teknon\",\"isPartOf\":{\"@id\":\"https:\\\/\\\/clinicatenisteknon.com\\\/#website\"},\"primaryImageOfPage\":{\"@id\":\"https:\\\/\\\/clinicatenisteknon.com\\\/tratamientos\\\/cadera\\\/#primaryimage\"},\"image\":{\"@id\":\"https:\\\/\\\/clinicatenisteknon.com\\\/tratamientos\\\/cadera\\\/#primaryimage\"},\"thumbnailUrl\":\"https:\\\/\\\/clinicatenisteknon.com\\\/wp-content\\\/uploads\\\/2023\\\/07\\\/CADERA-1024x646.jpg\",\"datePublished\":\"2023-08-08T09:24:05+00:00\",\"dateModified\":\"2023-08-08T11:50:48+00:00\",\"breadcrumb\":{\"@id\":\"https:\\\/\\\/clinicatenisteknon.com\\\/tratamientos\\\/cadera\\\/#breadcrumb\"},\"inLanguage\":\"en-US\",\"potentialAction\":[{\"@type\":\"ReadAction\",\"target\":[\"https:\\\/\\\/clinicatenisteknon.com\\\/tratamientos\\\/cadera\\\/\"]}]},{\"@type\":\"ImageObject\",\"inLanguage\":\"en-US\",\"@id\":\"https:\\\/\\\/clinicatenisteknon.com\\\/tratamientos\\\/cadera\\\/#primaryimage\",\"url\":\"https:\\\/\\\/clinicatenisteknon.com\\\/wp-content\\\/uploads\\\/2023\\\/07\\\/CADERA-1024x646.jpg\",\"contentUrl\":\"https:\\\/\\\/clinicatenisteknon.com\\\/wp-content\\\/uploads\\\/2023\\\/07\\\/CADERA-1024x646.jpg\"},{\"@type\":\"BreadcrumbList\",\"@id\":\"https:\\\/\\\/clinicatenisteknon.com\\\/tratamientos\\\/cadera\\\/#breadcrumb\",\"itemListElement\":[{\"@type\":\"ListItem\",\"position\":1,\"name\":\"Portada\",\"item\":\"https:\\\/\\\/clinicatenisteknon.com\\\/\"},{\"@type\":\"ListItem\",\"position\":2,\"name\":\"Tratamientos\",\"item\":\"https:\\\/\\\/clinicatenisteknon.com\\\/es_es\\\/tratamientos\\\/\"},{\"@type\":\"ListItem\",\"position\":3,\"name\":\"Cadera\"}]},{\"@type\":\"WebSite\",\"@id\":\"https:\\\/\\\/clinicatenisteknon.com\\\/#website\",\"url\":\"https:\\\/\\\/clinicatenisteknon.com\\\/\",\"name\":\"Cl\u00ednica Tenis Teknon\",\"description\":\"Cl\u00ednica del tenis \",\"publisher\":{\"@id\":\"https:\\\/\\\/clinicatenisteknon.com\\\/#organization\"},\"potentialAction\":[{\"@type\":\"SearchAction\",\"target\":{\"@type\":\"EntryPoint\",\"urlTemplate\":\"https:\\\/\\\/clinicatenisteknon.com\\\/?s={search_term_string}\"},\"query-input\":{\"@type\":\"PropertyValueSpecification\",\"valueRequired\":true,\"valueName\":\"search_term_string\"}}],\"inLanguage\":\"en-US\"},{\"@type\":\"Organization\",\"@id\":\"https:\\\/\\\/clinicatenisteknon.com\\\/#organization\",\"name\":\"Cl\u00ednica Tenis Teknon\",\"url\":\"https:\\\/\\\/clinicatenisteknon.com\\\/\",\"logo\":{\"@type\":\"ImageObject\",\"inLanguage\":\"en-US\",\"@id\":\"https:\\\/\\\/clinicatenisteknon.com\\\/#\\\/schema\\\/logo\\\/image\\\/\",\"url\":\"https:\\\/\\\/clinicatenisteknon.com\\\/wp-content\\\/uploads\\\/2023\\\/02\\\/QS-C-Cl-T-Teknon-Logo-Hz-Positiv-CMYK.jpg\",\"contentUrl\":\"https:\\\/\\\/clinicatenisteknon.com\\\/wp-content\\\/uploads\\\/2023\\\/02\\\/QS-C-Cl-T-Teknon-Logo-Hz-Positiv-CMYK.jpg\",\"width\":1802,\"height\":449,\"caption\":\"Cl\u00ednica Tenis Teknon\"},\"image\":{\"@id\":\"https:\\\/\\\/clinicatenisteknon.com\\\/#\\\/schema\\\/logo\\\/image\\\/\"}}]}<\/script>\n<!-- \/ Yoast SEO plugin. -->","yoast_head_json":{"title":"Cadera - Cl\u00ednica Tenis Teknon","robots":{"index":"index","follow":"follow","max-snippet":"max-snippet:-1","max-image-preview":"max-image-preview:large","max-video-preview":"max-video-preview:-1"},"canonical":"https:\/\/clinicatenisteknon.com\/en\/tratamientos\/cadera\/","og_locale":"en_US","og_type":"article","og_title":"Cadera - Cl\u00ednica Tenis Teknon","og_description":"Tratamiendo de Cadera Pinzamiento Femoroacetabular (FAI) FAI, tambi\u00e9n llamado Choque Femoroacetabular, consiste en un crecimiento \u00f3seo anormal a lo largo de uno o ambos huesos que forman la articulaci\u00f3n de ... Read more","og_url":"https:\/\/clinicatenisteknon.com\/en\/tratamientos\/cadera\/","og_site_name":"Cl\u00ednica Tenis Teknon","article_modified_time":"2023-08-08T11:50:48+00:00","og_image":[{"url":"https:\/\/clinicatenisteknon.com\/wp-content\/uploads\/2023\/07\/CADERA-1024x646.jpg","type":"","width":"","height":""}],"twitter_card":"summary_large_image","twitter_misc":{"Est. reading time":"4 minutes"},"schema":{"@context":"https:\/\/schema.org","@graph":[{"@type":"WebPage","@id":"https:\/\/clinicatenisteknon.com\/tratamientos\/cadera\/","url":"https:\/\/clinicatenisteknon.com\/tratamientos\/cadera\/","name":"Cadera - Cl\u00ednica Tenis Teknon","isPartOf":{"@id":"https:\/\/clinicatenisteknon.com\/#website"},"primaryImageOfPage":{"@id":"https:\/\/clinicatenisteknon.com\/tratamientos\/cadera\/#primaryimage"},"image":{"@id":"https:\/\/clinicatenisteknon.com\/tratamientos\/cadera\/#primaryimage"},"thumbnailUrl":"https:\/\/clinicatenisteknon.com\/wp-content\/uploads\/2023\/07\/CADERA-1024x646.jpg","datePublished":"2023-08-08T09:24:05+00:00","dateModified":"2023-08-08T11:50:48+00:00","breadcrumb":{"@id":"https:\/\/clinicatenisteknon.com\/tratamientos\/cadera\/#breadcrumb"},"inLanguage":"en-US","potentialAction":[{"@type":"ReadAction","target":["https:\/\/clinicatenisteknon.com\/tratamientos\/cadera\/"]}]},{"@type":"ImageObject","inLanguage":"en-US","@id":"https:\/\/clinicatenisteknon.com\/tratamientos\/cadera\/#primaryimage","url":"https:\/\/clinicatenisteknon.com\/wp-content\/uploads\/2023\/07\/CADERA-1024x646.jpg","contentUrl":"https:\/\/clinicatenisteknon.com\/wp-content\/uploads\/2023\/07\/CADERA-1024x646.jpg"},{"@type":"BreadcrumbList","@id":"https:\/\/clinicatenisteknon.com\/tratamientos\/cadera\/#breadcrumb","itemListElement":[{"@type":"ListItem","position":1,"name":"Portada","item":"https:\/\/clinicatenisteknon.com\/"},{"@type":"ListItem","position":2,"name":"Tratamientos","item":"https:\/\/clinicatenisteknon.com\/es_es\/tratamientos\/"},{"@type":"ListItem","position":3,"name":"Cadera"}]},{"@type":"WebSite","@id":"https:\/\/clinicatenisteknon.com\/#website","url":"https:\/\/clinicatenisteknon.com\/","name":"Cl\u00ednica Tenis Teknon","description":"Cl\u00ednica del tenis","publisher":{"@id":"https:\/\/clinicatenisteknon.com\/#organization"},"potentialAction":[{"@type":"SearchAction","target":{"@type":"EntryPoint","urlTemplate":"https:\/\/clinicatenisteknon.com\/?s={search_term_string}"},"query-input":{"@type":"PropertyValueSpecification","valueRequired":true,"valueName":"search_term_string"}}],"inLanguage":"en-US"},{"@type":"Organization","@id":"https:\/\/clinicatenisteknon.com\/#organization","name":"Cl\u00ednica Tenis Teknon","url":"https:\/\/clinicatenisteknon.com\/","logo":{"@type":"ImageObject","inLanguage":"en-US","@id":"https:\/\/clinicatenisteknon.com\/#\/schema\/logo\/image\/","url":"https:\/\/clinicatenisteknon.com\/wp-content\/uploads\/2023\/02\/QS-C-Cl-T-Teknon-Logo-Hz-Positiv-CMYK.jpg","contentUrl":"https:\/\/clinicatenisteknon.com\/wp-content\/uploads\/2023\/02\/QS-C-Cl-T-Teknon-Logo-Hz-Positiv-CMYK.jpg","width":1802,"height":449,"caption":"Cl\u00ednica Tenis Teknon"},"image":{"@id":"https:\/\/clinicatenisteknon.com\/#\/schema\/logo\/image\/"}}]}},"_links":{"self":[{"href":"https:\/\/clinicatenisteknon.com\/en\/wp-json\/wp\/v2\/pages\/1418","targetHints":{"allow":["GET"]}}],"collection":[{"href":"https:\/\/clinicatenisteknon.com\/en\/wp-json\/wp\/v2\/pages"}],"about":[{"href":"https:\/\/clinicatenisteknon.com\/en\/wp-json\/wp\/v2\/types\/page"}],"author":[{"embeddable":true,"href":"https:\/\/clinicatenisteknon.com\/en\/wp-json\/wp\/v2\/users\/4"}],"replies":[{"embeddable":true,"href":"https:\/\/clinicatenisteknon.com\/en\/wp-json\/wp\/v2\/comments?post=1418"}],"version-history":[{"count":17,"href":"https:\/\/clinicatenisteknon.com\/en\/wp-json\/wp\/v2\/pages\/1418\/revisions"}],"predecessor-version":[{"id":1504,"href":"https:\/\/clinicatenisteknon.com\/en\/wp-json\/wp\/v2\/pages\/1418\/revisions\/1504"}],"up":[{"embeddable":true,"href":"https:\/\/clinicatenisteknon.com\/en\/wp-json\/wp\/v2\/pages\/1168"}],"wp:attachment":[{"href":"https:\/\/clinicatenisteknon.com\/en\/wp-json\/wp\/v2\/media?parent=1418"}],"curies":[{"name":"wp","href":"https:\/\/api.w.org\/{rel}","templated":true}]}}