{"id":2101,"date":"2024-01-29T10:48:08","date_gmt":"2024-01-29T09:48:08","guid":{"rendered":"https:\/\/clinicatenisteknon.com\/?page_id=2101"},"modified":"2024-01-29T10:48:08","modified_gmt":"2024-01-29T09:48:08","slug":"terminos-y-condiciones","status":"publish","type":"page","link":"https:\/\/clinicatenisteknon.com\/en\/terminos-y-condiciones\/","title":{"rendered":"Terminos y condiciones"},"content":{"rendered":"<p>Las presentes Condiciones Generales de Contrataci\u00f3n &#8211; ahora en adelante CGC -, regulan las condiciones de compra del curso ofrecido en nuestra web: <strong>https:\/\/clinicatenisteknon.com<\/strong>, propiedad de <strong>Cl\u00ednica Tenis, S.L. <\/strong>(ahora en adelante EL VENDEDOR), sociedad espa\u00f1ola, con <strong>NIF <\/strong><strong>B87937835<\/strong>, y ubicado en <strong>C\/ N\u00fa\u00f1ez de Balboa, 28001 \u2013 Madrid<\/strong><\/p>\n<p>Los usuarios que realicen compras en <strong>https:\/\/clinicatenisteknon.com<\/strong> aceptan plenamente las presentes CGC y quedar\u00e1n vinculados por estas, tal y como si fueran escritas en el momento de contrataci\u00f3n\/compra.<\/p>\n<p>Ser\u00e1 requisito indispensable la lectura y la aceptaci\u00f3n de las CGC, con car\u00e1cter previo a la compra del curso a trav\u00e9s de <strong>https:\/\/clinicatenisteknon.com<\/strong> El VENDEDOR se reserva el derecho de modificar las CGC en cualquier momento y sin previo aviso. Las CGC estar\u00e1n siempre accesibles a partir del sitio web, para que el usuario pueda consultarlas o imprimirlas en cualquier momento.<\/p>\n<p>Los precios y condiciones de venta tienen un car\u00e1cter meramente informativo y pueden ser modificados en atenci\u00f3n a las fluctuaciones del mercado. No obstante, la realizaci\u00f3n del pedido mediante la cumplimentaci\u00f3n del formulario de compra, implica la conformidad con el precio ofertado y con las condiciones generales de venta vigentes en ese concreto momento. Una vez formalizado el pedido, se entender\u00e1 perfeccionada la compra de pleno derecho, con todas las garant\u00edas legales que amparan al consumidor adquirente y, desde ese instante, los precios y condiciones tendr\u00e1n car\u00e1cter contractual y no podr\u00e1n ser modificados sin el expreso acuerdo de ambos contratantes. El castellano e ingl\u00e9s ser\u00e1 la lengua utilizada para formalizar el contrato. El documento electr\u00f3nico en que se formalice el contrato se archivar\u00e1 y el usuario tendr\u00e1 acceso a \u00e9l en su zona de cliente.<\/p>\n<p>EL VENDEDOR se reserva el derecho de denegar y\/o suspender el acceso a los servicios prestados en <strong>https:\/\/clinicatenisteknon.com<\/strong> por razones de vulneraci\u00f3n de la buena fe contractual, incumplimiento de la legislaci\u00f3n de aplicaci\u00f3n, de las presentes Condiciones Generales de Compra y\/o en supuestos de fraude detectados por esta empresa<\/p>\n<p>&nbsp;<\/p>\n<h2>Cancelaciones de pedidos<\/h2>\n<p>Aquellas cancelaciones de pedidos que impliquen una devoluci\u00f3n al cliente y que sean por transferencia bancaria tendr\u00e1n un plazo m\u00e1ximo de 30 d\u00edas por tr\u00e1mites administrativos, si bien intentamos que el plazo no sea superior a 7 d\u00edas.<\/p>","protected":false},"excerpt":{"rendered":"<p>Las presentes Condiciones Generales de Contrataci\u00f3n &#8211; ahora en adelante CGC -, regulan las condiciones de compra del curso ofrecido en nuestra web: https:\/\/clinicatenisteknon.com, propiedad de Cl\u00ednica Tenis, S.L. (ahora &#8230; <a title=\"Terminos y condiciones\" class=\"read-more\" href=\"https:\/\/clinicatenisteknon.com\/en\/terminos-y-condiciones\/\" aria-label=\"Read more about Terminos y condiciones\">Read more<\/a><\/p>","protected":false},"author":4,"featured_media":0,"parent":0,"menu_order":0,"comment_status":"closed","ping_status":"closed","template":"","meta":{"generate_page_header":"","footnotes":""},"class_list":["post-2101","page","type-page","status-publish"],"yoast_head":"<!-- This site is optimized with the Yoast SEO plugin v27.4 - https:\/\/yoast.com\/product\/yoast-seo-wordpress\/ -->\n<title>Terminos y condiciones - Cl\u00ednica Tenis Teknon<\/title>\n<meta name=\"robots\" content=\"index, follow, max-snippet:-1, max-image-preview:large, max-video-preview:-1\" \/>\n<link rel=\"canonical\" href=\"https:\/\/clinicatenisteknon.com\/en\/terminos-y-condiciones\/\" \/>\n<meta property=\"og:locale\" content=\"en_US\" \/>\n<meta property=\"og:type\" content=\"article\" \/>\n<meta property=\"og:title\" content=\"Terminos y condiciones - Cl\u00ednica Tenis Teknon\" \/>\n<meta property=\"og:description\" content=\"Las presentes Condiciones Generales de Contrataci\u00f3n &#8211; ahora en adelante CGC -, regulan las condiciones de compra del curso ofrecido en nuestra web: https:\/\/clinicatenisteknon.com, propiedad de Cl\u00ednica Tenis, S.L. (ahora ... Read more\" \/>\n<meta property=\"og:url\" content=\"https:\/\/clinicatenisteknon.com\/en\/terminos-y-condiciones\/\" \/>\n<meta property=\"og:site_name\" content=\"Cl\u00ednica Tenis Teknon\" \/>\n<meta name=\"twitter:card\" content=\"summary_large_image\" \/>\n<meta name=\"twitter:label1\" content=\"Est. reading time\" \/>\n\t<meta name=\"twitter:data1\" content=\"2 minutes\" \/>\n<script type=\"application\/ld+json\" class=\"yoast-schema-graph\">{\"@context\":\"https:\\\/\\\/schema.org\",\"@graph\":[{\"@type\":\"WebPage\",\"@id\":\"https:\\\/\\\/clinicatenisteknon.com\\\/terminos-y-condiciones\\\/\",\"url\":\"https:\\\/\\\/clinicatenisteknon.com\\\/terminos-y-condiciones\\\/\",\"name\":\"Terminos y condiciones - Cl\u00ednica Tenis Teknon\",\"isPartOf\":{\"@id\":\"https:\\\/\\\/clinicatenisteknon.com\\\/#website\"},\"datePublished\":\"2024-01-29T09:48:08+00:00\",\"breadcrumb\":{\"@id\":\"https:\\\/\\\/clinicatenisteknon.com\\\/terminos-y-condiciones\\\/#breadcrumb\"},\"inLanguage\":\"en-US\",\"potentialAction\":[{\"@type\":\"ReadAction\",\"target\":[\"https:\\\/\\\/clinicatenisteknon.com\\\/terminos-y-condiciones\\\/\"]}]},{\"@type\":\"BreadcrumbList\",\"@id\":\"https:\\\/\\\/clinicatenisteknon.com\\\/terminos-y-condiciones\\\/#breadcrumb\",\"itemListElement\":[{\"@type\":\"ListItem\",\"position\":1,\"name\":\"Portada\",\"item\":\"https:\\\/\\\/clinicatenisteknon.com\\\/\"},{\"@type\":\"ListItem\",\"position\":2,\"name\":\"Terminos y condiciones\"}]},{\"@type\":\"WebSite\",\"@id\":\"https:\\\/\\\/clinicatenisteknon.com\\\/#website\",\"url\":\"https:\\\/\\\/clinicatenisteknon.com\\\/\",\"name\":\"Cl\u00ednica Tenis Teknon\",\"description\":\"Cl\u00ednica del tenis \",\"publisher\":{\"@id\":\"https:\\\/\\\/clinicatenisteknon.com\\\/#organization\"},\"potentialAction\":[{\"@type\":\"SearchAction\",\"target\":{\"@type\":\"EntryPoint\",\"urlTemplate\":\"https:\\\/\\\/clinicatenisteknon.com\\\/?s={search_term_string}\"},\"query-input\":{\"@type\":\"PropertyValueSpecification\",\"valueRequired\":true,\"valueName\":\"search_term_string\"}}],\"inLanguage\":\"en-US\"},{\"@type\":\"Organization\",\"@id\":\"https:\\\/\\\/clinicatenisteknon.com\\\/#organization\",\"name\":\"Cl\u00ednica Tenis Teknon\",\"url\":\"https:\\\/\\\/clinicatenisteknon.com\\\/\",\"logo\":{\"@type\":\"ImageObject\",\"inLanguage\":\"en-US\",\"@id\":\"https:\\\/\\\/clinicatenisteknon.com\\\/#\\\/schema\\\/logo\\\/image\\\/\",\"url\":\"https:\\\/\\\/clinicatenisteknon.com\\\/wp-content\\\/uploads\\\/2023\\\/02\\\/QS-C-Cl-T-Teknon-Logo-Hz-Positiv-CMYK.jpg\",\"contentUrl\":\"https:\\\/\\\/clinicatenisteknon.com\\\/wp-content\\\/uploads\\\/2023\\\/02\\\/QS-C-Cl-T-Teknon-Logo-Hz-Positiv-CMYK.jpg\",\"width\":1802,\"height\":449,\"caption\":\"Cl\u00ednica Tenis Teknon\"},\"image\":{\"@id\":\"https:\\\/\\\/clinicatenisteknon.com\\\/#\\\/schema\\\/logo\\\/image\\\/\"}}]}<\/script>\n<!-- \/ Yoast SEO plugin. -->","yoast_head_json":{"title":"Terminos y condiciones - Cl\u00ednica Tenis Teknon","robots":{"index":"index","follow":"follow","max-snippet":"max-snippet:-1","max-image-preview":"max-image-preview:large","max-video-preview":"max-video-preview:-1"},"canonical":"https:\/\/clinicatenisteknon.com\/en\/terminos-y-condiciones\/","og_locale":"en_US","og_type":"article","og_title":"Terminos y condiciones - Cl\u00ednica Tenis Teknon","og_description":"Las presentes Condiciones Generales de Contrataci\u00f3n &#8211; ahora en adelante CGC -, regulan las condiciones de compra del curso ofrecido en nuestra web: https:\/\/clinicatenisteknon.com, propiedad de Cl\u00ednica Tenis, S.L. (ahora ... Read more","og_url":"https:\/\/clinicatenisteknon.com\/en\/terminos-y-condiciones\/","og_site_name":"Cl\u00ednica Tenis Teknon","twitter_card":"summary_large_image","twitter_misc":{"Est. reading time":"2 minutes"},"schema":{"@context":"https:\/\/schema.org","@graph":[{"@type":"WebPage","@id":"https:\/\/clinicatenisteknon.com\/terminos-y-condiciones\/","url":"https:\/\/clinicatenisteknon.com\/terminos-y-condiciones\/","name":"Terminos y condiciones - Cl\u00ednica Tenis Teknon","isPartOf":{"@id":"https:\/\/clinicatenisteknon.com\/#website"},"datePublished":"2024-01-29T09:48:08+00:00","breadcrumb":{"@id":"https:\/\/clinicatenisteknon.com\/terminos-y-condiciones\/#breadcrumb"},"inLanguage":"en-US","potentialAction":[{"@type":"ReadAction","target":["https:\/\/clinicatenisteknon.com\/terminos-y-condiciones\/"]}]},{"@type":"BreadcrumbList","@id":"https:\/\/clinicatenisteknon.com\/terminos-y-condiciones\/#breadcrumb","itemListElement":[{"@type":"ListItem","position":1,"name":"Portada","item":"https:\/\/clinicatenisteknon.com\/"},{"@type":"ListItem","position":2,"name":"Terminos y condiciones"}]},{"@type":"WebSite","@id":"https:\/\/clinicatenisteknon.com\/#website","url":"https:\/\/clinicatenisteknon.com\/","name":"Cl\u00ednica Tenis Teknon","description":"Cl\u00ednica del tenis","publisher":{"@id":"https:\/\/clinicatenisteknon.com\/#organization"},"potentialAction":[{"@type":"SearchAction","target":{"@type":"EntryPoint","urlTemplate":"https:\/\/clinicatenisteknon.com\/?s={search_term_string}"},"query-input":{"@type":"PropertyValueSpecification","valueRequired":true,"valueName":"search_term_string"}}],"inLanguage":"en-US"},{"@type":"Organization","@id":"https:\/\/clinicatenisteknon.com\/#organization","name":"Cl\u00ednica Tenis Teknon","url":"https:\/\/clinicatenisteknon.com\/","logo":{"@type":"ImageObject","inLanguage":"en-US","@id":"https:\/\/clinicatenisteknon.com\/#\/schema\/logo\/image\/","url":"https:\/\/clinicatenisteknon.com\/wp-content\/uploads\/2023\/02\/QS-C-Cl-T-Teknon-Logo-Hz-Positiv-CMYK.jpg","contentUrl":"https:\/\/clinicatenisteknon.com\/wp-content\/uploads\/2023\/02\/QS-C-Cl-T-Teknon-Logo-Hz-Positiv-CMYK.jpg","width":1802,"height":449,"caption":"Cl\u00ednica Tenis Teknon"},"image":{"@id":"https:\/\/clinicatenisteknon.com\/#\/schema\/logo\/image\/"}}]}},"_links":{"self":[{"href":"https:\/\/clinicatenisteknon.com\/en\/wp-json\/wp\/v2\/pages\/2101","targetHints":{"allow":["GET"]}}],"collection":[{"href":"https:\/\/clinicatenisteknon.com\/en\/wp-json\/wp\/v2\/pages"}],"about":[{"href":"https:\/\/clinicatenisteknon.com\/en\/wp-json\/wp\/v2\/types\/page"}],"author":[{"embeddable":true,"href":"https:\/\/clinicatenisteknon.com\/en\/wp-json\/wp\/v2\/users\/4"}],"replies":[{"embeddable":true,"href":"https:\/\/clinicatenisteknon.com\/en\/wp-json\/wp\/v2\/comments?post=2101"}],"version-history":[{"count":1,"href":"https:\/\/clinicatenisteknon.com\/en\/wp-json\/wp\/v2\/pages\/2101\/revisions"}],"predecessor-version":[{"id":2102,"href":"https:\/\/clinicatenisteknon.com\/en\/wp-json\/wp\/v2\/pages\/2101\/revisions\/2102"}],"wp:attachment":[{"href":"https:\/\/clinicatenisteknon.com\/en\/wp-json\/wp\/v2\/media?parent=2101"}],"curies":[{"name":"wp","href":"https:\/\/api.w.org\/{rel}","templated":true}]}}