{"id":345,"date":"2018-11-26T17:14:14","date_gmt":"2018-11-26T16:14:14","guid":{"rendered":"https:\/\/clinicatenisteknon.com\/?page_id=345"},"modified":"2024-01-26T11:48:18","modified_gmt":"2024-01-26T10:48:18","slug":"politica-de-cookies","status":"publish","type":"page","link":"https:\/\/clinicatenisteknon.com\/en\/politica-de-cookies\/","title":{"rendered":"Cookies policy"},"content":{"rendered":"<p>Desde <b>clinicatenisteknon.com <\/b>deseamos informarte que nuestra web utiliza cookies para medir y analizar la navegaci\u00f3n de nuestros usuarios.<\/p>\n<p>Las cookies son peque\u00f1os ficheros de informaci\u00f3n que nos permiten comparar y entender c\u00f3mo navegas a trav\u00e9s de nuestra p\u00e1gina web. Gracias a ellas, recordamos tus preferencias para que cuando nos visites de nuevo, obtengas una mejor experiencia online. En ning\u00fan caso las cookies almacenan dato personal alguno, ni ning\u00fan tipo de informaci\u00f3n que pueda identificarte.<\/p>\n<p>Si aceptas expresamente nuestra pol\u00edtica de cookies en la fase de registro y\/o contin\u00faas en la Web navegando por distintas p\u00e1ginas, utilizando la barra de desplazamiento, o accediendo a diferentes \u00e1reas y men\u00fas, de esa acci\u00f3n se inferir\u00e1 que aceptas la instalaci\u00f3n y uso de las cookies.<\/p>\n<h3><strong>1. Este Sitio Web utiliza los siguientes tipos de cookies:<\/strong><\/h3>\n<ul>\n<li>Cookies de Sesi\u00f3n: Son necesarias para el correcto uso de la p\u00e1gina web, como para la sesi\u00f3n de usuarios, o para navegar de forma ininterrumpida recordando opciones de idioma o pa\u00eds. Se utilizan para identificar al usuario, si fuese necesario acceder a un \u00e1rea de registro. Sin estas cookies, muchos de los servicios disponibles no estar\u00edan operativos. Dichas cookies caducan cuando se cierra el navegador o pasado un mes.<\/li>\n<li>Cookies T\u00e9cnicas: \u00c9stas tratan informaci\u00f3n gen\u00e9rica y an\u00f3nima, donde no se incluyen datos personales, s\u00f3lo recuerdan la p\u00e1gina de la que proviene el usuario. Su objetivo principal es la mejora del funcionamiento de la web.<\/li>\n<li>Cookies de \u201cplugin\u201d de redes sociales: Permitir al usuario compartir contenidos con miembros de una determinada red social.<\/li>\n<li>Cookies de Terceros (Google Analytics): Conocer el nivel de recurrencia de nuestros visitantes y los contenidos que resultan m\u00e1s interesantes para concentrar nuestros esfuerzos en mejorar las \u00e1reas m\u00e1s visitadas y hacer que el usuario encuentre m\u00e1s f\u00e1cilmente lo que busca. Este dato se consigue a trav\u00e9s de c\u00e1lculos estad\u00edsticos sobre datos an\u00f3nimos. Para m\u00e1s detalles, consulte en <a href=\"https:\/\/clinicatenisteknon.com\/es_es\/politica-de-privacidad\/\">el siguiente enlace la pol\u00edtica de privacidad<\/a>.<\/li>\n<\/ul>\n<h3><strong>2. C\u00f3mo deshabilitar las Cookies y los Web Bugs en los principales navegadores:<\/strong><\/h3>\n<p>Para permitir, conocer, bloquear o eliminar las cookies instaladas en tu equipo puedes hacerlo mediante la configuraci\u00f3n de las opciones del navegador instalado en su ordenador.<\/p>\n<p>Puedes encontrar informaci\u00f3n sobre c\u00f3mo hacerlo en el caso que uses como navegador:<\/p>\n<ul>\n<li><a href=\"http:\/\/support.google.com\/chrome\/bin\/answer.py?hl=es&amp;answer=95647\" target=\"_blank\" rel=\"noopener\">Chrome<\/a><\/li>\n<li><a href=\"http:\/\/windows.microsoft.com\/es-es\/windows7\/how-to-manage-cookies-in-internet-explorer-9\" target=\"_blank\" rel=\"noopener\">Explorer<\/a><\/li>\n<li><a href=\"http:\/\/support.apple.com\/kb\/ph5042\" target=\"_blank\" rel=\"noopener\">Safari<\/a><\/li>\n<li><a href=\"http:\/\/support.mozilla.org\/es\/products\/firefox\/cookies\" target=\"_blank\" rel=\"noopener\">Firefox<\/a><\/li>\n<\/ul>","protected":false},"excerpt":{"rendered":"<p>Desde clinicatenisteknon.com deseamos informarte que nuestra web utiliza cookies para medir y analizar la navegaci\u00f3n de nuestros usuarios. Las cookies son peque\u00f1os ficheros de informaci\u00f3n que nos permiten comparar y &#8230; <a title=\"Cookies policy\" class=\"read-more\" href=\"https:\/\/clinicatenisteknon.com\/en\/politica-de-cookies\/\" aria-label=\"Read more about Pol\u00edtica de cookies\">Read more<\/a><\/p>","protected":false},"author":4,"featured_media":0,"parent":0,"menu_order":0,"comment_status":"closed","ping_status":"closed","template":"","meta":{"generate_page_header":"","footnotes":""},"class_list":["post-345","page","type-page","status-publish"],"yoast_head":"<!-- This site is optimized with the Yoast SEO plugin v27.4 - https:\/\/yoast.com\/product\/yoast-seo-wordpress\/ -->\n<title>Pol\u00edtica de cookies - Cl\u00ednica Tenis Teknon<\/title>\n<meta name=\"robots\" content=\"noindex, nofollow\" \/>\n<meta property=\"og:locale\" content=\"en_US\" \/>\n<meta property=\"og:type\" content=\"article\" \/>\n<meta property=\"og:title\" content=\"Pol\u00edtica de cookies - Cl\u00ednica Tenis Teknon\" \/>\n<meta property=\"og:description\" content=\"Desde clinicatenisteknon.com deseamos informarte que nuestra web utiliza cookies para medir y analizar la navegaci\u00f3n de nuestros usuarios. Las cookies son peque\u00f1os ficheros de informaci\u00f3n que nos permiten comparar y ... Read more\" \/>\n<meta property=\"og:url\" content=\"https:\/\/clinicatenisteknon.com\/en\/politica-de-cookies\/\" \/>\n<meta property=\"og:site_name\" content=\"Cl\u00ednica Tenis Teknon\" \/>\n<meta property=\"article:modified_time\" content=\"2024-01-26T10:48:18+00:00\" \/>\n<meta name=\"twitter:card\" content=\"summary_large_image\" \/>\n<meta name=\"twitter:label1\" content=\"Est. reading time\" \/>\n\t<meta name=\"twitter:data1\" content=\"2 minutes\" \/>\n<script type=\"application\/ld+json\" class=\"yoast-schema-graph\">{\"@context\":\"https:\\\/\\\/schema.org\",\"@graph\":[{\"@type\":\"WebPage\",\"@id\":\"https:\\\/\\\/clinicatenisteknon.com\\\/politica-de-cookies\\\/\",\"url\":\"https:\\\/\\\/clinicatenisteknon.com\\\/politica-de-cookies\\\/\",\"name\":\"Pol\u00edtica de cookies - Cl\u00ednica Tenis Teknon\",\"isPartOf\":{\"@id\":\"https:\\\/\\\/clinicatenisteknon.com\\\/#website\"},\"datePublished\":\"2018-11-26T16:14:14+00:00\",\"dateModified\":\"2024-01-26T10:48:18+00:00\",\"breadcrumb\":{\"@id\":\"https:\\\/\\\/clinicatenisteknon.com\\\/politica-de-cookies\\\/#breadcrumb\"},\"inLanguage\":\"en-US\",\"potentialAction\":[{\"@type\":\"ReadAction\",\"target\":[\"https:\\\/\\\/clinicatenisteknon.com\\\/politica-de-cookies\\\/\"]}]},{\"@type\":\"BreadcrumbList\",\"@id\":\"https:\\\/\\\/clinicatenisteknon.com\\\/politica-de-cookies\\\/#breadcrumb\",\"itemListElement\":[{\"@type\":\"ListItem\",\"position\":1,\"name\":\"Portada\",\"item\":\"https:\\\/\\\/clinicatenisteknon.com\\\/\"},{\"@type\":\"ListItem\",\"position\":2,\"name\":\"Pol\u00edtica de cookies\"}]},{\"@type\":\"WebSite\",\"@id\":\"https:\\\/\\\/clinicatenisteknon.com\\\/#website\",\"url\":\"https:\\\/\\\/clinicatenisteknon.com\\\/\",\"name\":\"Cl\u00ednica Tenis Teknon\",\"description\":\"Cl\u00ednica del tenis \",\"publisher\":{\"@id\":\"https:\\\/\\\/clinicatenisteknon.com\\\/#organization\"},\"potentialAction\":[{\"@type\":\"SearchAction\",\"target\":{\"@type\":\"EntryPoint\",\"urlTemplate\":\"https:\\\/\\\/clinicatenisteknon.com\\\/?s={search_term_string}\"},\"query-input\":{\"@type\":\"PropertyValueSpecification\",\"valueRequired\":true,\"valueName\":\"search_term_string\"}}],\"inLanguage\":\"en-US\"},{\"@type\":\"Organization\",\"@id\":\"https:\\\/\\\/clinicatenisteknon.com\\\/#organization\",\"name\":\"Cl\u00ednica Tenis Teknon\",\"url\":\"https:\\\/\\\/clinicatenisteknon.com\\\/\",\"logo\":{\"@type\":\"ImageObject\",\"inLanguage\":\"en-US\",\"@id\":\"https:\\\/\\\/clinicatenisteknon.com\\\/#\\\/schema\\\/logo\\\/image\\\/\",\"url\":\"https:\\\/\\\/clinicatenisteknon.com\\\/wp-content\\\/uploads\\\/2023\\\/02\\\/QS-C-Cl-T-Teknon-Logo-Hz-Positiv-CMYK.jpg\",\"contentUrl\":\"https:\\\/\\\/clinicatenisteknon.com\\\/wp-content\\\/uploads\\\/2023\\\/02\\\/QS-C-Cl-T-Teknon-Logo-Hz-Positiv-CMYK.jpg\",\"width\":1802,\"height\":449,\"caption\":\"Cl\u00ednica Tenis Teknon\"},\"image\":{\"@id\":\"https:\\\/\\\/clinicatenisteknon.com\\\/#\\\/schema\\\/logo\\\/image\\\/\"}}]}<\/script>\n<!-- \/ Yoast SEO plugin. -->","yoast_head_json":{"title":"Pol\u00edtica de cookies - Cl\u00ednica Tenis Teknon","robots":{"index":"noindex","follow":"nofollow"},"og_locale":"en_US","og_type":"article","og_title":"Pol\u00edtica de cookies - Cl\u00ednica Tenis Teknon","og_description":"Desde clinicatenisteknon.com deseamos informarte que nuestra web utiliza cookies para medir y analizar la navegaci\u00f3n de nuestros usuarios. Las cookies son peque\u00f1os ficheros de informaci\u00f3n que nos permiten comparar y ... Read more","og_url":"https:\/\/clinicatenisteknon.com\/en\/politica-de-cookies\/","og_site_name":"Cl\u00ednica Tenis Teknon","article_modified_time":"2024-01-26T10:48:18+00:00","twitter_card":"summary_large_image","twitter_misc":{"Est. reading time":"2 minutes"},"schema":{"@context":"https:\/\/schema.org","@graph":[{"@type":"WebPage","@id":"https:\/\/clinicatenisteknon.com\/politica-de-cookies\/","url":"https:\/\/clinicatenisteknon.com\/politica-de-cookies\/","name":"Pol\u00edtica de cookies - Cl\u00ednica Tenis Teknon","isPartOf":{"@id":"https:\/\/clinicatenisteknon.com\/#website"},"datePublished":"2018-11-26T16:14:14+00:00","dateModified":"2024-01-26T10:48:18+00:00","breadcrumb":{"@id":"https:\/\/clinicatenisteknon.com\/politica-de-cookies\/#breadcrumb"},"inLanguage":"en-US","potentialAction":[{"@type":"ReadAction","target":["https:\/\/clinicatenisteknon.com\/politica-de-cookies\/"]}]},{"@type":"BreadcrumbList","@id":"https:\/\/clinicatenisteknon.com\/politica-de-cookies\/#breadcrumb","itemListElement":[{"@type":"ListItem","position":1,"name":"Portada","item":"https:\/\/clinicatenisteknon.com\/"},{"@type":"ListItem","position":2,"name":"Pol\u00edtica de cookies"}]},{"@type":"WebSite","@id":"https:\/\/clinicatenisteknon.com\/#website","url":"https:\/\/clinicatenisteknon.com\/","name":"Cl\u00ednica Tenis Teknon","description":"Cl\u00ednica del tenis","publisher":{"@id":"https:\/\/clinicatenisteknon.com\/#organization"},"potentialAction":[{"@type":"SearchAction","target":{"@type":"EntryPoint","urlTemplate":"https:\/\/clinicatenisteknon.com\/?s={search_term_string}"},"query-input":{"@type":"PropertyValueSpecification","valueRequired":true,"valueName":"search_term_string"}}],"inLanguage":"en-US"},{"@type":"Organization","@id":"https:\/\/clinicatenisteknon.com\/#organization","name":"Cl\u00ednica Tenis Teknon","url":"https:\/\/clinicatenisteknon.com\/","logo":{"@type":"ImageObject","inLanguage":"en-US","@id":"https:\/\/clinicatenisteknon.com\/#\/schema\/logo\/image\/","url":"https:\/\/clinicatenisteknon.com\/wp-content\/uploads\/2023\/02\/QS-C-Cl-T-Teknon-Logo-Hz-Positiv-CMYK.jpg","contentUrl":"https:\/\/clinicatenisteknon.com\/wp-content\/uploads\/2023\/02\/QS-C-Cl-T-Teknon-Logo-Hz-Positiv-CMYK.jpg","width":1802,"height":449,"caption":"Cl\u00ednica Tenis Teknon"},"image":{"@id":"https:\/\/clinicatenisteknon.com\/#\/schema\/logo\/image\/"}}]}},"_links":{"self":[{"href":"https:\/\/clinicatenisteknon.com\/en\/wp-json\/wp\/v2\/pages\/345","targetHints":{"allow":["GET"]}}],"collection":[{"href":"https:\/\/clinicatenisteknon.com\/en\/wp-json\/wp\/v2\/pages"}],"about":[{"href":"https:\/\/clinicatenisteknon.com\/en\/wp-json\/wp\/v2\/types\/page"}],"author":[{"embeddable":true,"href":"https:\/\/clinicatenisteknon.com\/en\/wp-json\/wp\/v2\/users\/4"}],"replies":[{"embeddable":true,"href":"https:\/\/clinicatenisteknon.com\/en\/wp-json\/wp\/v2\/comments?post=345"}],"version-history":[{"count":9,"href":"https:\/\/clinicatenisteknon.com\/en\/wp-json\/wp\/v2\/pages\/345\/revisions"}],"predecessor-version":[{"id":2100,"href":"https:\/\/clinicatenisteknon.com\/en\/wp-json\/wp\/v2\/pages\/345\/revisions\/2100"}],"wp:attachment":[{"href":"https:\/\/clinicatenisteknon.com\/en\/wp-json\/wp\/v2\/media?parent=345"}],"curies":[{"name":"wp","href":"https:\/\/api.w.org\/{rel}","templated":true}]}}