{"id":349,"date":"2018-11-26T17:16:36","date_gmt":"2018-11-26T16:16:36","guid":{"rendered":"https:\/\/clinicatenisteknon.com\/?page_id=349"},"modified":"2025-03-11T10:36:31","modified_gmt":"2025-03-11T09:36:31","slug":"aviso-legal","status":"publish","type":"page","link":"https:\/\/clinicatenisteknon.com\/en\/aviso-legal\/","title":{"rendered":"Legal warning"},"content":{"rendered":"<p><b>clinicatenisteknon.com <\/b>en cumplimiento de la Ley 34\/2002, de 11 de julio, de servicios de la sociedad de la informaci\u00f3n y de comercio electr\u00f3nico, apostamos por la transparencia y por eso le informa que:<\/p>\n<p>Su denominaci\u00f3n social es: <strong>CLINICA TENIS, S.L.<\/strong><br \/>\nSu domicilio social est\u00e1 en: <strong>C\/ NU\u00d1EZ DE BALBOA 71. 28001 \u2013 Madrid<\/strong><\/p>\n<p>Su DNI\/NIF <strong>B87937835<\/strong><br \/>\nSu actividad social es: <strong>CENTRO DE MEDICINA DEPORTIVA Y FISIOTERAPIA<\/strong><\/p>\n<h3>Nuestras condiciones<\/h3>\n<p>Las presentes Condiciones Generales regulan el uso (incluyendo el mero acceso) de las p\u00e1ginas web integrantes de <b>clinicatenisteknon.com <\/b>incluidos los contenidos y servicios puestos a disposici\u00f3n en ellas. Toda persona que acceda al portal <b>clinicatenisteknon.com <\/b><strong>(U<\/strong>suario) acepta someterse a las Condiciones Generales vigentes en cada momento del portal <b>clinicatenisteknon.com<\/b><strong>.<\/strong><\/p>\n<h3>La finalidad de nuestra p\u00e1gina web<\/h3>\n<p>Los servicios prestados por <b>clinicatenisteknon.com <\/b>son servicios m\u00e9dicos<br \/>\nEl presente aviso legal (en adelante, el Aviso Legal) regula el uso del sitio web: <b>clinicatenisteknon.com<\/b><\/p>\n<h3>Qu\u00e9 esperamos de nuestros usuarios<\/h3>\n<p>El acceso y\/o uso de este sitio web atribuye a quien lo realiza la condici\u00f3n de Usuario, aceptando, desde este mismo momento, plenamente y sin reserva alguna, el presente Aviso Legal, as\u00ed como las condiciones particulares que, en su caso, lo complementen, en relaci\u00f3n con determinados servicios y contenidos del sitio web.<\/p>\n<p>El Usuario queda informado, y acepta, que el acceso a la presente web no supone, en modo alguno, el inicio de una relaci\u00f3n comercial con <strong>CLINICA TENIS.<\/strong><\/p>\n<p>De esta forma, el usuario se compromete a utilizar el sitio Web, sus servicios y contenidos sin contravenir la legislaci\u00f3n vigente, la buena fe y el orden p\u00fablico. Queda prohibido el uso de la web con fines il\u00edcitos o lesivos, o que, de cualquier forma, puedan causar perjuicio o impedir el normal funcionamiento del sitio web. Respecto de los contenidos de este site, se proh\u00edbe:<\/p>\n<ul>\n<li>Su reproducci\u00f3n, distribuci\u00f3n o modificaci\u00f3n, total o parcial, a menos que se cuente con la autorizaci\u00f3n de sus leg\u00edtimos titulares;<\/li>\n<li>Cualquier vulneraci\u00f3n de los derechos del prestador o de los leg\u00edtimos titulares;<\/li>\n<li>Su utilizaci\u00f3n para fines comerciales o publicitarios.<\/li>\n<\/ul>\n<h3>Qu\u00e9 informaci\u00f3n recabamos de nuestros usuarios y con qu\u00e9 finalidad la utilizamos<\/h3>\n<p>En el sitio web existe la posibilidad de suscribirse a sistemas de seguimiento autom\u00e1tico y Newsletter para recibir las novedades editadas de diferentes maneras:<\/p>\n<ul>\n<li>Feed RSS. Es un archivo generado por algunos sitios web (y por muchos weblogs) que contiene una versi\u00f3n espec\u00edfica de la informaci\u00f3n publicada en esa web. Requiere el uso de un agregador de noticias y no precisa de dato alguno.<\/li>\n<li>Formularios de suscripci\u00f3n a contenidos: dentro de la web existen varios formularios para activar la suscripci\u00f3n. Busque en la bandeja de entrada de su email. Deber\u00e1s confirmar tu suscripci\u00f3n para que podamos validar tu direcci\u00f3n de correo electr\u00f3nico. Utilizar\u00e1 los datos facilitados para enviarte mi Newsletter y mantenerte actualizado sobre novedades y ofertas puntuales, exclusivas para suscriptores.<\/li>\n<li>Formulario de contacto: Tambi\u00e9n existe un formulario de contacto para consultas, sugerencias o contacto profesional. En este caso se utilizar\u00e1 la direcci\u00f3n de correo electr\u00f3nico para responder a las mismas.<\/li>\n<\/ul>\n<p>Podr\u00e1s darte de baja en cualquier momento de los servicios prestados por <b>clinicatenisteknon.com <\/b>en la misma Newsletter.<\/p>\n<p><span style=\"font-weight: 400;\">Su informaci\u00f3n est\u00e1 protegida de acuerdo a nuestra pol\u00edtica de privacidad y t\u00e9rminos de servicio. Al activar una suscripci\u00f3n, comprendes y aceptas que:<\/span><\/p>\n<p><span style=\"font-weight: 400;\">Desde el momento en que efect\u00faa su suscripci\u00f3n, <b>clinicatenisteknon.com <\/b><\/span><span style=\"font-weight: 400;\">tiene acceso a: Nombre de usuario y correo electr\u00f3nico, conformando un fichero debidamente inscrito en el Registro General de la Agencia Espa\u00f1ola de Protecci\u00f3n de Datos con el nombre de \u201cUSUARIOS WEB\u201d.<\/span><\/p>\n<p><span style=\"font-weight: 400;\">En todo caso, <strong>CLINICA TENIS<\/strong><\/span><span style=\"font-weight: 400;\">\u00a0se reserva el derecho de modificar, en cualquier momento y sin necesidad de previo aviso, la presentaci\u00f3n y configuraci\u00f3n del el portal <b>clinicatenisteknon.com <\/b><\/span><span style=\"font-weight: 400;\">como las presentes Condiciones Generales o las correspondientes Condiciones Particulares.<\/span><\/p>\n<h3><b>Compromisos y obligaciones con nuestros usuarios<\/b><\/h3>\n<p><span style=\"font-weight: 400;\">El acceso y\/o uso de este sitio web atribuye a quien lo realiza la condici\u00f3n de Usuario, aceptando, desde este mismo momento, plenamente y sin reserva alguna, el presente Aviso Legal en relaci\u00f3n con determinados servicios y contenidos del sitio Web.<\/span><\/p>\n<p><span style=\"font-weight: 400;\">En la utilizaci\u00f3n del el portal <b>clinicatenisteknon.com <\/b><\/span><span style=\"font-weight: 400;\">el Usuario se compromete a no llevar a cabo ninguna conducta que pudiera da\u00f1ar la imagen, los intereses y los derechos de <strong>CLINICA TENIS<\/strong><\/span><span style=\"font-weight: 400;\">\u00a0o de terceros o que pudiera da\u00f1ar, inutilizar o sobrecargar el portal <b>clinicatenisteknon.com <\/b><\/span><span style=\"font-weight: 400;\">o que impidiera, de cualquier forma, la normal utilizaci\u00f3n del el portal.<\/span><\/p>\n<p><span style=\"font-weight: 400;\"><strong>CLINICA TENIS<\/strong> adopta medidas de seguridad razonablemente adecuadas para detectar la existencia de virus. No obstante, el Usuario debe ser consciente de que las medidas de seguridad de los sistemas inform\u00e1ticos en Internet no son enteramente fiables y que, por tanto, <strong>CLINICA TENIS<\/strong><\/span><b>\u00a0<\/b><span style=\"font-weight: 400;\"> no puede garantizar la inexistencia de virus u otros elementos que puedan producir alteraciones en los sistemas inform\u00e1ticos (software y hardware) del Usuario o en sus documentos electr\u00f3nicos y ficheros contenidos en los mismos.<\/span><\/p>\n<h3><b>Derechos de propiedad intelectual e industrial<\/b><\/h3>\n<p><span style=\"font-weight: 400;\">Mediante estas Condiciones Generales no se cede ning\u00fan derecho de propiedad intelectual o industrial sobre el portal <b>clinicatenisteknon.com <\/b><\/span><span style=\"font-weight: 400;\">ni sobre ninguno de sus elementos integrantes, quedando expresamente prohibidos al Usuario la reproducci\u00f3n, transformaci\u00f3n, distribuci\u00f3n, comunicaci\u00f3n p\u00fablica, puesta a disposici\u00f3n del p\u00fablico, extracci\u00f3n, reutilizaci\u00f3n, reenv\u00edo o la utilizaci\u00f3n de cualquier naturaleza, por cualquier medio o procedimiento, de cualquiera de ellos, salvo en los casos en que est\u00e9 legalmente permitido o sea autorizado por el titular de los correspondientes derechos.<\/span><\/p>\n<p><span style=\"font-weight: 400;\">El usuario conoce y acepta que la totalidad del sitio web, conteniendo sin car\u00e1cter exhaustivo el texto, software, contenidos (incluyendo estructura, selecci\u00f3n, ordenaci\u00f3n y presentaci\u00f3n de los mismos) fotograf\u00edas, material audiovisual y gr\u00e1ficos, est\u00e1 protegida por marcas, derechos de autor y otros derechos leg\u00edtimos registrados, de acuerdo con los tratados internacionales en los que Espa\u00f1a es parte y otros derechos de propiedad y leyes de Espa\u00f1a.<\/span><\/p>\n<h3><b>No estoy solo: Enlaces Externos<\/b><\/h3>\n<p><span style=\"font-weight: 400;\">Las p\u00e1ginas del portal <b>clinicatenisteknon.com <\/b><\/span><span style=\"font-weight: 400;\">proporcionan enlaces a otros sitios web propios y contenidos que son propiedad de terceros. El \u00fanico objeto de los enlaces es proporcionar al Usuario la posibilidad de acceder a dichos enlaces, aunque <strong>CLINICA TENIS<\/strong><\/span><span style=\"font-weight: 400;\"> no ofrece ni comercializa por s\u00ed ni por medio de terceros la informaci\u00f3n, contenidos y servicios disponibles en los sitios enlazados, ni aprueba, supervisa o controla en modo alguno los contenidos y servicios y cualquier material de cualquier naturaleza existente en los mismos. <strong>CLINICA TENIS<\/strong><\/span><span style=\"font-weight: 400;\">\u00a0no se responsabiliza en ning\u00fan caso de los resultados que puedan derivarse al Usuario por acceso a dichos enlaces.<\/span><\/p>\n<p><span style=\"font-weight: 400;\">El Usuario que se proponga establecer cualquier dispositivo t\u00e9cnico de enlace desde su sitio web al el portal <b>clinicatenisteknon.com <\/b><\/span><span style=\"font-weight: 400;\">deber\u00e1 obtener la autorizaci\u00f3n previa y escrita de <strong>CLINICA TENIS<\/strong><\/span><span style=\"font-weight: 400;\">. El establecimiento del enlace no implica en ning\u00fan caso la existencia de relaciones entre <strong>CLINICA TENIS<\/strong><\/span><span style=\"font-weight: 400;\"> y el propietario del sitio en el que se establezca el enlace, ni la aceptaci\u00f3n o aprobaci\u00f3n por parte de <strong>CLINICA TENIS<\/strong><\/span><span style=\"font-weight: 400;\">\u00a0de sus contenidos o servicios.<\/span><\/p>\n<h3><b>Nos importa tu informaci\u00f3n: Nuestra Pol\u00edtica de Protecci\u00f3n de datos y confidencialidad<\/b><\/h3>\n<p><span style=\"font-weight: 400;\"><b><strong>CLINICA TENIS<\/strong> <\/b>se compromete en la utilizaci\u00f3n de los datos incluidos en el fichero, a respetar su confidencialidad y a utilizarlos de acuerdo con la finalidad del mismo, as\u00ed como a dar cumplimiento a su obligaci\u00f3n de guardarlos y adaptar todas las medidas para evitar la alteraci\u00f3n, p\u00e9rdida, tratamiento o acceso no autorizado, de conformidad con lo establecido en el Real Decreto 1720\/2007 de 21 de diciembre por el que se aprueba el Reglamento de desarrollo de la Ley Org\u00e1nica 15\/1999 de 13 de diciembre, de Protecci\u00f3n de Datos de Car\u00e1cter Personal<\/span><\/p>\n<p><span style=\"font-weight: 400;\">El Usuario garantiza que los datos personales facilitados a trav\u00e9s del formulario son veraces, quedando obligado a comunicar cualquier modificaci\u00f3n de los mismos. Igualmente, el Usuario garantiza que toda la informaci\u00f3n facilitada corresponde con su situaci\u00f3n real, que est\u00e1 puesta al d\u00eda y es exacta. Adem\u00e1s el Usuario se obliga a mantener en todo momento sus datos actualizados, siendo el \u00fanico responsable de la inexactitud o falsedad de los datos facilitados y de los perjuicios que pueda causar por ello a <strong>CLINICA TENIS<\/strong><\/span><span style=\"font-weight: 400;\">\u00a0como titular del portal <b>clinicatenisteknon.com<\/b><\/span><span style=\"font-weight: 400;\">, o a terceros con motivo de la utilizaci\u00f3n de dicho.<\/span><\/p>\n<p><span style=\"font-weight: 400;\">Se le informa que podr\u00e1 ejercitar, respecto de los datos recabados, los derechos reconocidos en la Ley Org\u00e1nica 15\/1999, de acceso, rectificaci\u00f3n o cancelaci\u00f3n de datos y oposici\u00f3n. Por ello se le informa que podr\u00e1 ejercer dichos derechos mediante solicitud escrita y firmada que podr\u00e1 enviar, junto con fotocopia de su DNI o documento identificativos equivalente, al domicilio postal de <strong>CLINICA TENIS<\/strong><\/span><span style=\"font-weight: 400;\">\u00a0(esto es, <\/span><b>C\/NU\u00d1EZ DE BALBOA 71<\/b><span style=\"font-weight: 400;\">).<\/span><\/p>\n<h3><b>Exclusi\u00f3n de garant\u00edas y responsabilidad<\/b><\/h3>\n<p><span style=\"font-weight: 400;\">El Prestador no otorga ninguna garant\u00eda ni se hace responsable, en ning\u00fan caso, de los da\u00f1os y perjuicios de cualquier naturaleza que pudieran traer causa de:<\/span><\/p>\n<ul>\n<li style=\"font-weight: 400;\" aria-level=\"1\"><span style=\"font-weight: 400;\">La falta de disponibilidad, mantenimiento y efectivo funcionamiento de la web o de sus servicios y contenidos;<\/span><\/li>\n<li style=\"font-weight: 400;\" aria-level=\"1\"><span style=\"font-weight: 400;\">La existencia de virus, programas maliciosos o lesivos en los contenidos;<\/span><\/li>\n<li style=\"font-weight: 400;\" aria-level=\"1\"><span style=\"font-weight: 400;\">El uso il\u00edcito, negligente, fraudulento o contrario a este Aviso Legal;<\/span><\/li>\n<li style=\"font-weight: 400;\" aria-level=\"1\"><span style=\"font-weight: 400;\">La falta de licitud, calidad, fiabilidad, utilidad y disponibilidad de los servicios prestados por terceros y puestos a disposici\u00f3n de los usuarios en el sitio web.<\/span><\/li>\n<\/ul>\n<p><span style=\"font-weight: 400;\">El prestador no se hace responsable bajo ning\u00fan concepto de los da\u00f1os que pudieran dimanar del uso ilegal o indebido de la presente p\u00e1gina web.<\/span><\/p>\n<h3><b>Ley aplicable y jurisdicci\u00f3n<\/b><\/h3>\n<p><span style=\"font-weight: 400;\">Con car\u00e1cter general las relaciones entre <strong>CLINICA TENIS<\/strong><\/span><span style=\"font-weight: 400;\">\u00a0con los Usuarios de sus servicios telem\u00e1ticos, presentes en este sitio web, se encuentran sometidas a la legislaci\u00f3n y jurisdicci\u00f3n espa\u00f1olas<\/span><\/p>\n<h3><b>Siempre estaremos localizables:\u00a0<\/b><\/h3>\n<p><span style=\"font-weight: 400;\">En caso de que cualquier Usuario tuviese alguna duda acerca de estas Condiciones Generales o cualquier comentario sobre el portal <\/span><b>clinicatenisteknon.com<\/b><span style=\"font-weight: 400;\">, por favor dir\u00edjase a <strong>ar.cotorro@clinicatenisteknon.com<\/strong><\/span><span style=\"font-weight: 400;\">.<\/span><\/p>","protected":false},"excerpt":{"rendered":"<p>clinicatenisteknon.com en cumplimiento de la Ley 34\/2002, de 11 de julio, de servicios de la sociedad de la informaci\u00f3n y de comercio electr\u00f3nico, apostamos por la transparencia y por eso &#8230; <a title=\"Legal warning\" class=\"read-more\" href=\"https:\/\/clinicatenisteknon.com\/en\/aviso-legal\/\" aria-label=\"Read more about Aviso legal\">Read more<\/a><\/p>","protected":false},"author":4,"featured_media":0,"parent":0,"menu_order":0,"comment_status":"closed","ping_status":"closed","template":"","meta":{"generate_page_header":"","footnotes":""},"class_list":["post-349","page","type-page","status-publish"],"yoast_head":"<!-- This site is optimized with the Yoast SEO plugin v27.4 - https:\/\/yoast.com\/product\/yoast-seo-wordpress\/ -->\n<title>Aviso legal - Cl\u00ednica Tenis Teknon<\/title>\n<meta name=\"robots\" content=\"noindex, nofollow\" \/>\n<meta property=\"og:locale\" content=\"en_US\" \/>\n<meta property=\"og:type\" content=\"article\" \/>\n<meta property=\"og:title\" content=\"Aviso legal - Cl\u00ednica Tenis Teknon\" \/>\n<meta property=\"og:description\" content=\"clinicatenisteknon.com en cumplimiento de la Ley 34\/2002, de 11 de julio, de servicios de la sociedad de la informaci\u00f3n y de comercio electr\u00f3nico, apostamos por la transparencia y por eso ... Read more\" \/>\n<meta property=\"og:url\" content=\"https:\/\/clinicatenisteknon.com\/en\/aviso-legal\/\" \/>\n<meta property=\"og:site_name\" content=\"Cl\u00ednica Tenis Teknon\" \/>\n<meta property=\"article:modified_time\" content=\"2025-03-11T09:36:31+00:00\" \/>\n<meta name=\"twitter:card\" content=\"summary_large_image\" \/>\n<meta name=\"twitter:label1\" content=\"Est. reading time\" \/>\n\t<meta name=\"twitter:data1\" content=\"8 minutes\" \/>\n<script type=\"application\/ld+json\" class=\"yoast-schema-graph\">{\"@context\":\"https:\\\/\\\/schema.org\",\"@graph\":[{\"@type\":\"WebPage\",\"@id\":\"https:\\\/\\\/clinicatenisteknon.com\\\/aviso-legal\\\/\",\"url\":\"https:\\\/\\\/clinicatenisteknon.com\\\/aviso-legal\\\/\",\"name\":\"Aviso legal - Cl\u00ednica Tenis Teknon\",\"isPartOf\":{\"@id\":\"https:\\\/\\\/clinicatenisteknon.com\\\/#website\"},\"datePublished\":\"2018-11-26T16:16:36+00:00\",\"dateModified\":\"2025-03-11T09:36:31+00:00\",\"breadcrumb\":{\"@id\":\"https:\\\/\\\/clinicatenisteknon.com\\\/aviso-legal\\\/#breadcrumb\"},\"inLanguage\":\"en-US\",\"potentialAction\":[{\"@type\":\"ReadAction\",\"target\":[\"https:\\\/\\\/clinicatenisteknon.com\\\/aviso-legal\\\/\"]}]},{\"@type\":\"BreadcrumbList\",\"@id\":\"https:\\\/\\\/clinicatenisteknon.com\\\/aviso-legal\\\/#breadcrumb\",\"itemListElement\":[{\"@type\":\"ListItem\",\"position\":1,\"name\":\"Portada\",\"item\":\"https:\\\/\\\/clinicatenisteknon.com\\\/\"},{\"@type\":\"ListItem\",\"position\":2,\"name\":\"Aviso legal\"}]},{\"@type\":\"WebSite\",\"@id\":\"https:\\\/\\\/clinicatenisteknon.com\\\/#website\",\"url\":\"https:\\\/\\\/clinicatenisteknon.com\\\/\",\"name\":\"Cl\u00ednica Tenis Teknon\",\"description\":\"Cl\u00ednica del tenis \",\"publisher\":{\"@id\":\"https:\\\/\\\/clinicatenisteknon.com\\\/#organization\"},\"potentialAction\":[{\"@type\":\"SearchAction\",\"target\":{\"@type\":\"EntryPoint\",\"urlTemplate\":\"https:\\\/\\\/clinicatenisteknon.com\\\/?s={search_term_string}\"},\"query-input\":{\"@type\":\"PropertyValueSpecification\",\"valueRequired\":true,\"valueName\":\"search_term_string\"}}],\"inLanguage\":\"en-US\"},{\"@type\":\"Organization\",\"@id\":\"https:\\\/\\\/clinicatenisteknon.com\\\/#organization\",\"name\":\"Cl\u00ednica Tenis Teknon\",\"url\":\"https:\\\/\\\/clinicatenisteknon.com\\\/\",\"logo\":{\"@type\":\"ImageObject\",\"inLanguage\":\"en-US\",\"@id\":\"https:\\\/\\\/clinicatenisteknon.com\\\/#\\\/schema\\\/logo\\\/image\\\/\",\"url\":\"https:\\\/\\\/clinicatenisteknon.com\\\/wp-content\\\/uploads\\\/2023\\\/02\\\/QS-C-Cl-T-Teknon-Logo-Hz-Positiv-CMYK.jpg\",\"contentUrl\":\"https:\\\/\\\/clinicatenisteknon.com\\\/wp-content\\\/uploads\\\/2023\\\/02\\\/QS-C-Cl-T-Teknon-Logo-Hz-Positiv-CMYK.jpg\",\"width\":1802,\"height\":449,\"caption\":\"Cl\u00ednica Tenis Teknon\"},\"image\":{\"@id\":\"https:\\\/\\\/clinicatenisteknon.com\\\/#\\\/schema\\\/logo\\\/image\\\/\"}}]}<\/script>\n<!-- \/ Yoast SEO plugin. -->","yoast_head_json":{"title":"Aviso legal - Cl\u00ednica Tenis Teknon","robots":{"index":"noindex","follow":"nofollow"},"og_locale":"en_US","og_type":"article","og_title":"Aviso legal - Cl\u00ednica Tenis Teknon","og_description":"clinicatenisteknon.com en cumplimiento de la Ley 34\/2002, de 11 de julio, de servicios de la sociedad de la informaci\u00f3n y de comercio electr\u00f3nico, apostamos por la transparencia y por eso ... Read more","og_url":"https:\/\/clinicatenisteknon.com\/en\/aviso-legal\/","og_site_name":"Cl\u00ednica Tenis Teknon","article_modified_time":"2025-03-11T09:36:31+00:00","twitter_card":"summary_large_image","twitter_misc":{"Est. reading time":"8 minutes"},"schema":{"@context":"https:\/\/schema.org","@graph":[{"@type":"WebPage","@id":"https:\/\/clinicatenisteknon.com\/aviso-legal\/","url":"https:\/\/clinicatenisteknon.com\/aviso-legal\/","name":"Aviso legal - Cl\u00ednica Tenis Teknon","isPartOf":{"@id":"https:\/\/clinicatenisteknon.com\/#website"},"datePublished":"2018-11-26T16:16:36+00:00","dateModified":"2025-03-11T09:36:31+00:00","breadcrumb":{"@id":"https:\/\/clinicatenisteknon.com\/aviso-legal\/#breadcrumb"},"inLanguage":"en-US","potentialAction":[{"@type":"ReadAction","target":["https:\/\/clinicatenisteknon.com\/aviso-legal\/"]}]},{"@type":"BreadcrumbList","@id":"https:\/\/clinicatenisteknon.com\/aviso-legal\/#breadcrumb","itemListElement":[{"@type":"ListItem","position":1,"name":"Portada","item":"https:\/\/clinicatenisteknon.com\/"},{"@type":"ListItem","position":2,"name":"Aviso legal"}]},{"@type":"WebSite","@id":"https:\/\/clinicatenisteknon.com\/#website","url":"https:\/\/clinicatenisteknon.com\/","name":"Cl\u00ednica Tenis Teknon","description":"Cl\u00ednica del tenis","publisher":{"@id":"https:\/\/clinicatenisteknon.com\/#organization"},"potentialAction":[{"@type":"SearchAction","target":{"@type":"EntryPoint","urlTemplate":"https:\/\/clinicatenisteknon.com\/?s={search_term_string}"},"query-input":{"@type":"PropertyValueSpecification","valueRequired":true,"valueName":"search_term_string"}}],"inLanguage":"en-US"},{"@type":"Organization","@id":"https:\/\/clinicatenisteknon.com\/#organization","name":"Cl\u00ednica Tenis Teknon","url":"https:\/\/clinicatenisteknon.com\/","logo":{"@type":"ImageObject","inLanguage":"en-US","@id":"https:\/\/clinicatenisteknon.com\/#\/schema\/logo\/image\/","url":"https:\/\/clinicatenisteknon.com\/wp-content\/uploads\/2023\/02\/QS-C-Cl-T-Teknon-Logo-Hz-Positiv-CMYK.jpg","contentUrl":"https:\/\/clinicatenisteknon.com\/wp-content\/uploads\/2023\/02\/QS-C-Cl-T-Teknon-Logo-Hz-Positiv-CMYK.jpg","width":1802,"height":449,"caption":"Cl\u00ednica Tenis Teknon"},"image":{"@id":"https:\/\/clinicatenisteknon.com\/#\/schema\/logo\/image\/"}}]}},"_links":{"self":[{"href":"https:\/\/clinicatenisteknon.com\/en\/wp-json\/wp\/v2\/pages\/349","targetHints":{"allow":["GET"]}}],"collection":[{"href":"https:\/\/clinicatenisteknon.com\/en\/wp-json\/wp\/v2\/pages"}],"about":[{"href":"https:\/\/clinicatenisteknon.com\/en\/wp-json\/wp\/v2\/types\/page"}],"author":[{"embeddable":true,"href":"https:\/\/clinicatenisteknon.com\/en\/wp-json\/wp\/v2\/users\/4"}],"replies":[{"embeddable":true,"href":"https:\/\/clinicatenisteknon.com\/en\/wp-json\/wp\/v2\/comments?post=349"}],"version-history":[{"count":10,"href":"https:\/\/clinicatenisteknon.com\/en\/wp-json\/wp\/v2\/pages\/349\/revisions"}],"predecessor-version":[{"id":3481,"href":"https:\/\/clinicatenisteknon.com\/en\/wp-json\/wp\/v2\/pages\/349\/revisions\/3481"}],"wp:attachment":[{"href":"https:\/\/clinicatenisteknon.com\/en\/wp-json\/wp\/v2\/media?parent=349"}],"curies":[{"name":"wp","href":"https:\/\/api.w.org\/{rel}","templated":true}]}}