{"id":543,"date":"2023-03-01T13:21:09","date_gmt":"2023-03-01T12:21:09","guid":{"rendered":"https:\/\/clinicatenisteknon.com\/?page_id=543"},"modified":"2024-08-29T09:29:17","modified_gmt":"2024-08-29T07:29:17","slug":"unidad-de-medicina-y-traumatologia-deportiva","status":"publish","type":"page","link":"https:\/\/clinicatenisteknon.com\/en\/unidad-de-medicina-y-traumatologia-deportiva\/","title":{"rendered":"Unidad de medicina y traumatolog\u00eda deportiva"},"content":{"rendered":"\t\t<div data-elementor-type=\"wp-page\" data-elementor-id=\"543\" class=\"elementor elementor-543\" data-elementor-post-type=\"page\">\n\t\t\t\t\t\t<section class=\"elementor-section elementor-top-section elementor-element elementor-element-26570e58 elementor-section-stretched elementor-section-boxed elementor-section-height-default elementor-section-height-default\" data-id=\"26570e58\" data-element_type=\"section\" data-e-type=\"section\" data-settings=\"{&quot;stretch_section&quot;:&quot;section-stretched&quot;}\">\n\t\t\t\t\t\t<div class=\"elementor-container elementor-column-gap-default\">\n\t\t\t\t\t<div class=\"elementor-column elementor-col-50 elementor-top-column elementor-element elementor-element-5422a629\" data-id=\"5422a629\" data-element_type=\"column\" data-e-type=\"column\">\n\t\t\t<div class=\"elementor-widget-wrap elementor-element-populated\">\n\t\t\t\t\t\t<div class=\"elementor-element elementor-element-3e829568 elementor-widget elementor-widget-image\" data-id=\"3e829568\" data-element_type=\"widget\" data-e-type=\"widget\" data-widget_type=\"image.default\">\n\t\t\t\t<div class=\"elementor-widget-container\">\n\t\t\t\t\t\t\t\t\t\t\t\t\t\t\t<img fetchpriority=\"high\" decoding=\"async\" width=\"1024\" height=\"683\" src=\"https:\/\/clinicatenisteknon.com\/wp-content\/uploads\/2023\/08\/UNIDAD-DE-TRAUMATOLOGIA-1024x683.jpg\" class=\"attachment-large size-large wp-image-1580\" alt=\"\" srcset=\"https:\/\/clinicatenisteknon.com\/wp-content\/uploads\/2023\/08\/UNIDAD-DE-TRAUMATOLOGIA-1024x683.jpg 1024w, https:\/\/clinicatenisteknon.com\/wp-content\/uploads\/2023\/08\/UNIDAD-DE-TRAUMATOLOGIA-scaled-600x400.jpg 600w, https:\/\/clinicatenisteknon.com\/wp-content\/uploads\/2023\/08\/UNIDAD-DE-TRAUMATOLOGIA-300x200.jpg 300w, https:\/\/clinicatenisteknon.com\/wp-content\/uploads\/2023\/08\/UNIDAD-DE-TRAUMATOLOGIA-768x512.jpg 768w, https:\/\/clinicatenisteknon.com\/wp-content\/uploads\/2023\/08\/UNIDAD-DE-TRAUMATOLOGIA-1536x1024.jpg 1536w, https:\/\/clinicatenisteknon.com\/wp-content\/uploads\/2023\/08\/UNIDAD-DE-TRAUMATOLOGIA-2048x1365.jpg 2048w, https:\/\/clinicatenisteknon.com\/wp-content\/uploads\/2023\/08\/UNIDAD-DE-TRAUMATOLOGIA-18x12.jpg 18w\" sizes=\"(max-width: 1024px) 100vw, 1024px\" \/>\t\t\t\t\t\t\t\t\t\t\t\t\t\t\t<\/div>\n\t\t\t\t<\/div>\n\t\t\t\t\t<\/div>\n\t\t<\/div>\n\t\t\t\t<div class=\"elementor-column elementor-col-50 elementor-top-column elementor-element elementor-element-207fa30d elementor-invisible\" data-id=\"207fa30d\" data-element_type=\"column\" data-e-type=\"column\" data-settings=\"{&quot;animation&quot;:&quot;fadeInRight&quot;}\">\n\t\t\t<div class=\"elementor-widget-wrap elementor-element-populated\">\n\t\t\t\t\t\t<div class=\"elementor-element elementor-element-5f3bcdac elementor-widget elementor-widget-text-editor\" data-id=\"5f3bcdac\" data-element_type=\"widget\" data-e-type=\"widget\" data-widget_type=\"text-editor.default\">\n\t\t\t\t<div class=\"elementor-widget-container\">\n\t\t\t\t\t\t\t\t\t<p>En la <strong>Unidad de Medicina y Traumatolog\u00eda deportiva<\/strong> nos ocupamos del estudio de la actividad f\u00edsica y de sus repercusiones en el organismo.<\/p><p>Esta Unidad, desempe\u00f1a una labor preventiva, terap\u00e9utica y rehabilitadora con el objetivo de reducir el riesgo y aumentar la seguridad durante la pr\u00e1ctica deportiva.<\/p><p>Formamos un equipo m\u00e9dico multidisciplinar con profesionales que compaginan su actividad en la Cl\u00ednica con la colaboraci\u00f3n en los servicios m\u00e9dicos de Federaciones, Clubes y equipo t\u00e9cnico de deportistas de \u00e9lite.<\/p><p>Ofrecemos a los deportistas la posibilidad de disponer de un centro m\u00e9dico especializado donde evaluamos las aptitudes que mejoran el rendimiento deportivo del paciente.<\/p><p>Prevenimos, identificamos y tratamos de forma precoz las lesiones para conseguir una r\u00e1pida vuelta a la pr\u00e1ctica deportiva y mejorar los aspectos relacionados con el tutelaje y la ense\u00f1anza m\u00e9dica en la actividad deportiva y la prevenci\u00f3n.<\/p>\t\t\t\t\t\t\t\t<\/div>\n\t\t\t\t<\/div>\n\t\t\t\t\t<\/div>\n\t\t<\/div>\n\t\t\t\t\t<\/div>\n\t\t<\/section>\n\t\t\t\t<section class=\"elementor-section elementor-top-section elementor-element elementor-element-53fa59c5 elementor-section-stretched elementor-section-boxed elementor-section-height-default elementor-section-height-default\" data-id=\"53fa59c5\" data-element_type=\"section\" data-e-type=\"section\" data-settings=\"{&quot;stretch_section&quot;:&quot;section-stretched&quot;}\">\n\t\t\t\t\t\t<div class=\"elementor-container elementor-column-gap-wider\">\n\t\t\t\t\t<div class=\"elementor-column elementor-col-50 elementor-top-column elementor-element elementor-element-4bd960db\" data-id=\"4bd960db\" data-element_type=\"column\" data-e-type=\"column\">\n\t\t\t<div class=\"elementor-widget-wrap elementor-element-populated\">\n\t\t\t\t\t\t<div class=\"elementor-element elementor-element-62a1a25e elementor-widget elementor-widget-heading\" data-id=\"62a1a25e\" data-element_type=\"widget\" data-e-type=\"widget\" data-widget_type=\"heading.default\">\n\t\t\t\t<div class=\"elementor-widget-container\">\n\t\t\t\t\t<h3 class=\"elementor-heading-title elementor-size-default\">MEDICINA PREVENTIVA<\/h3>\t\t\t\t<\/div>\n\t\t\t\t<\/div>\n\t\t\t\t<div class=\"elementor-element elementor-element-683ee08e elementor-widget elementor-widget-text-editor\" data-id=\"683ee08e\" data-element_type=\"widget\" data-e-type=\"widget\" data-widget_type=\"text-editor.default\">\n\t\t\t\t<div class=\"elementor-widget-container\">\n\t\t\t\t\t\t\t\t\t<p><strong>SERVICIOS<\/strong><\/p><ul><li>Servicio de Fisiolog\u00eda Aplicada al Deporte<\/li><li>Reconocimiento m\u00e9dico-deportivo (historia cl\u00ednica y exploraci\u00f3n <strong>\u00a0<\/strong>por aparatos)<\/li><li>Reconocimiento m\u00e9dico-deportivo musculoesquel\u00e9tico<\/li><li>Educaci\u00f3n sanitaria<\/li><li>Anal\u00edtica general<\/li><li>Registro electrocardiogr\u00e1fico basal<\/li><li>Cineantropometr\u00eda<\/li><li>Espirometr\u00eda<\/li><li>Servicio de Diet\u00e9tica y Nutrici\u00f3n<\/li><li>Servicio de seguimiento m\u00e9dico permanente<\/li><\/ul>\t\t\t\t\t\t\t\t<\/div>\n\t\t\t\t<\/div>\n\t\t\t\t\t<\/div>\n\t\t<\/div>\n\t\t\t\t<div class=\"elementor-column elementor-col-50 elementor-top-column elementor-element elementor-element-69e66eca\" data-id=\"69e66eca\" data-element_type=\"column\" data-e-type=\"column\">\n\t\t\t<div class=\"elementor-widget-wrap elementor-element-populated\">\n\t\t\t\t\t\t<div class=\"elementor-element elementor-element-5b03e64e elementor-widget elementor-widget-heading\" data-id=\"5b03e64e\" data-element_type=\"widget\" data-e-type=\"widget\" data-widget_type=\"heading.default\">\n\t\t\t\t<div class=\"elementor-widget-container\">\n\t\t\t\t\t<h3 class=\"elementor-heading-title elementor-size-default\">MEDICINA ASISTENCIAL<\/h3>\t\t\t\t<\/div>\n\t\t\t\t<\/div>\n\t\t\t\t<div class=\"elementor-element elementor-element-37684912 elementor-widget elementor-widget-text-editor\" data-id=\"37684912\" data-element_type=\"widget\" data-e-type=\"widget\" data-widget_type=\"text-editor.default\">\n\t\t\t\t<div class=\"elementor-widget-container\">\n\t\t\t\t\t\t\t\t\t<p><strong>SERVICIOS<\/strong><\/p><ul><li>Servicio de <strong>Traumatolog\u00eda Deportiva<\/strong><ul><li>Prevenci\u00f3n, diagn\u00f3stico y tratamiento de las lesiones del sistema musculoesquel\u00e9tico producidas o relacionadas con la pr\u00e1ctica deportiva (musculares, tendinosas, \u00f3seas, ligamentosas).<\/li><\/ul><\/li><li><strong>Servicios<\/strong><ul><li>Visita traumatol\u00f3gica<\/li><li>Diagn\u00f3stico<\/li><li>Tratamiento m\u00e9dico<ul><li>Infiltraciones terap\u00e9uticas<\/li><li>Tratamientos biol\u00f3gicos<\/li><\/ul><\/li><li>Tratamiento quir\u00fargico<\/li><li>Cirug\u00eda programada y Cirug\u00eda urgente<\/li><\/ul><\/li><\/ul><ul><li><strong>Medicina interna<\/strong><ul><li>Atenci\u00f3n cl\u00ednica integral y completa al paciente, deriv\u00e1ndolo a consultores externos en otras especialidades si es necesario.<\/li><\/ul><\/li><\/ul>\t\t\t\t\t\t\t\t<\/div>\n\t\t\t\t<\/div>\n\t\t\t\t\t<\/div>\n\t\t<\/div>\n\t\t\t\t\t<\/div>\n\t\t<\/section>\n\t\t\t\t<section class=\"elementor-section elementor-top-section elementor-element elementor-element-6870433a elementor-section-stretched elementor-section-boxed elementor-section-height-default elementor-section-height-default\" data-id=\"6870433a\" data-element_type=\"section\" data-e-type=\"section\" data-settings=\"{&quot;stretch_section&quot;:&quot;section-stretched&quot;,&quot;background_background&quot;:&quot;classic&quot;}\">\n\t\t\t\t\t\t<div class=\"elementor-container elementor-column-gap-default\">\n\t\t\t\t\t<div class=\"elementor-column elementor-col-100 elementor-top-column elementor-element elementor-element-771bd7f\" data-id=\"771bd7f\" data-element_type=\"column\" data-e-type=\"column\" data-settings=\"{&quot;background_background&quot;:&quot;classic&quot;}\">\n\t\t\t<div class=\"elementor-widget-wrap elementor-element-populated\">\n\t\t\t\t\t\t<div class=\"elementor-element elementor-element-a6f2e6 elementor-widget elementor-widget-heading\" data-id=\"a6f2e6\" data-element_type=\"widget\" data-e-type=\"widget\" data-widget_type=\"heading.default\">\n\t\t\t\t<div class=\"elementor-widget-container\">\n\t\t\t\t\t<h3 class=\"elementor-heading-title elementor-size-default\">D\u00e9janos tus datos y nosotros te llamamos<\/h3>\t\t\t\t<\/div>\n\t\t\t\t<\/div>\n\t\t\t\t<div class=\"elementor-element elementor-element-2c7f4378 elementor-button-align-stretch elementor-widget elementor-widget-form\" data-id=\"2c7f4378\" data-element_type=\"widget\" data-e-type=\"widget\" data-settings=\"{&quot;button_width&quot;:&quot;20&quot;,&quot;step_next_label&quot;:&quot;Siguiente&quot;,&quot;step_previous_label&quot;:&quot;Anterior&quot;,&quot;step_type&quot;:&quot;number_text&quot;,&quot;step_icon_shape&quot;:&quot;circle&quot;}\" data-widget_type=\"form.default\">\n\t\t\t\t<div class=\"elementor-widget-container\">\n\t\t\t\t\t\t\t<form class=\"elementor-form\" method=\"post\" name=\"FORMULARIO UNIDAD BIOMEC\u00c1NICA\" aria-label=\"FORMULARIO UNIDAD BIOMEC\u00c1NICA\">\n\t\t\t<input type=\"hidden\" name=\"post_id\" value=\"543\"\/>\n\t\t\t<input type=\"hidden\" name=\"form_id\" value=\"2c7f4378\"\/>\n\t\t\t<input type=\"hidden\" name=\"referer_title\" value=\"Unidad de medicina y traumatolog\u00eda deportiva - Cl\u00ednica Tenis Teknon\" \/>\n\n\t\t\t\t\t\t\t<input type=\"hidden\" name=\"queried_id\" value=\"543\"\/>\n\t\t\t\n\t\t\t<div class=\"elementor-form-fields-wrapper elementor-labels-\">\n\t\t\t\t\t\t\t\t<div class=\"elementor-field-type-text elementor-field-group elementor-column elementor-field-group-name elementor-col-20 elementor-field-required\">\n\t\t\t\t\t\t\t\t\t\t\t\t<label for=\"form-field-name\" class=\"elementor-field-label elementor-screen-only\">\n\t\t\t\t\t\t\t\tNombre\t\t\t\t\t\t\t<\/label>\n\t\t\t\t\t\t\t\t\t\t\t\t\t\t<input size=\"1\" type=\"text\" name=\"form_fields[name]\" id=\"form-field-name\" class=\"elementor-field elementor-size-sm  elementor-field-textual\" placeholder=\"Nombre\" required=\"required\">\n\t\t\t\t\t\t\t\t\t\t\t<\/div>\n\t\t\t\t\t\t\t\t<div class=\"elementor-field-type-email elementor-field-group elementor-column elementor-field-group-email elementor-col-20 elementor-field-required\">\n\t\t\t\t\t\t\t\t\t\t\t\t<label for=\"form-field-email\" class=\"elementor-field-label elementor-screen-only\">\n\t\t\t\t\t\t\t\tCorreo electr\u00f3nico\t\t\t\t\t\t\t<\/label>\n\t\t\t\t\t\t\t\t\t\t\t\t\t\t<input size=\"1\" type=\"email\" name=\"form_fields[email]\" id=\"form-field-email\" class=\"elementor-field elementor-size-sm  elementor-field-textual\" placeholder=\"Correo electr\u00f3nico\" required=\"required\">\n\t\t\t\t\t\t\t\t\t\t\t<\/div>\n\t\t\t\t\t\t\t\t<div class=\"elementor-field-type-tel elementor-field-group elementor-column elementor-field-group-field_b5742b5 elementor-col-20 elementor-field-required\">\n\t\t\t\t\t\t\t\t\t\t\t\t<label for=\"form-field-field_b5742b5\" class=\"elementor-field-label elementor-screen-only\">\n\t\t\t\t\t\t\t\tTel\u00e9fono\t\t\t\t\t\t\t<\/label>\n\t\t\t\t\t\t\t\t<input size=\"1\" type=\"tel\" name=\"form_fields[field_b5742b5]\" id=\"form-field-field_b5742b5\" class=\"elementor-field elementor-size-sm  elementor-field-textual\" placeholder=\"Tel\u00e9fono\" required=\"required\" pattern=\"[0-9()#&amp;+*-=.]+\" title=\"Solo se aceptan n\u00fameros y caracteres de tel\u00e9fono (#,-,*,etc).\">\n\n\t\t\t\t\t\t<\/div>\n\t\t\t\t\t\t\t\t<div class=\"elementor-field-type-select elementor-field-group elementor-column elementor-field-group-message elementor-col-20 elementor-field-required\">\n\t\t\t\t\t\t\t\t\t\t\t\t<label for=\"form-field-message\" class=\"elementor-field-label elementor-screen-only\">\n\t\t\t\t\t\t\t\tServicio requerido\t\t\t\t\t\t\t<\/label>\n\t\t\t\t\t\t\t\t<div class=\"elementor-field elementor-select-wrapper remove-before \">\n\t\t\t<div class=\"select-caret-down-wrapper\">\n\t\t\t\t<svg aria-hidden=\"true\" class=\"e-font-icon-svg e-eicon-caret-down\" viewBox=\"0 0 571.4 571.4\" xmlns=\"http:\/\/www.w3.org\/2000\/svg\"><path d=\"M571 393Q571 407 561 418L311 668Q300 679 286 679T261 668L11 418Q0 407 0 393T11 368 36 357H536Q550 357 561 368T571 393Z\"><\/path><\/svg>\t\t\t<\/div>\n\t\t\t<select name=\"form_fields[message]\" id=\"form-field-message\" class=\"elementor-field-textual elementor-size-sm\" required=\"required\">\n\t\t\t\t\t\t\t\t\t<option value=\"Elegir servicio\">Elegir servicio<\/option>\n\t\t\t\t\t\t\t\t\t<option value=\"Medicina Preventiva\">Medicina Preventiva<\/option>\n\t\t\t\t\t\t\t\t\t<option value=\"Medicina Asistencial\">Medicina Asistencial<\/option>\n\t\t\t\t\t\t\t<\/select>\n\t\t<\/div>\n\t\t\t\t\t\t<\/div>\n\t\t\t\t\t\t\t\t<div class=\"elementor-field-type-text\">\n\t\t\t\t\t<input size=\"1\" type=\"text\" name=\"form_fields[field_741f925]\" id=\"form-field-field_741f925\" class=\"elementor-field elementor-size-sm \" style=\"display:none !important;\">\t\t\t\t<\/div>\n\t\t\t\t\t\t\t\t<div class=\"elementor-field-type-acceptance elementor-field-group elementor-column elementor-field-group-field_8234833 elementor-col-100 elementor-field-required\">\n\t\t\t\t\t\t\t<div class=\"elementor-field-subgroup\">\n\t\t\t<span class=\"elementor-field-option\">\n\t\t\t\t<input type=\"checkbox\" name=\"form_fields[field_8234833]\" id=\"form-field-field_8234833\" class=\"elementor-field elementor-size-sm  elementor-acceptance-field\" required=\"required\">\n\t\t\t\t<label for=\"form-field-field_8234833\">Acepto la <a href=\"https:\/\/clinicatenisteknon.com\/politica-de-privacidad\/\">Pol\u00edtica de Privacidad<\/a><\/label>\t\t\t<\/span>\n\t\t<\/div>\n\t\t\t\t\t\t<\/div>\n\t\t\t\t\t\t\t\t<div class=\"elementor-field-group elementor-column elementor-field-type-submit elementor-col-20 e-form__buttons\">\n\t\t\t\t\t<button class=\"elementor-button elementor-size-sm\" type=\"submit\">\n\t\t\t\t\t\t<span class=\"elementor-button-content-wrapper\">\n\t\t\t\t\t\t\t\t\t\t\t\t\t\t\t\t\t\t\t\t\t\t<span class=\"elementor-button-text\">Enviar<\/span>\n\t\t\t\t\t\t\t\t\t\t\t\t\t<\/span>\n\t\t\t\t\t<\/button>\n\t\t\t\t<\/div>\n\t\t\t<\/div>\n\t\t<\/form>\n\t\t\t\t\t\t<\/div>\n\t\t\t\t<\/div>\n\t\t\t\t\t<\/div>\n\t\t<\/div>\n\t\t\t\t\t<\/div>\n\t\t<\/section>\n\t\t\t\t<\/div>\n\t\t","protected":false},"excerpt":{"rendered":"<p>En la Unidad de Medicina y Traumatolog\u00eda deportiva nos ocupamos del estudio de la actividad f\u00edsica y de sus repercusiones en el organismo. Esta Unidad, desempe\u00f1a una labor preventiva, terap\u00e9utica &#8230; <a title=\"Unidad de medicina y traumatolog\u00eda deportiva\" class=\"read-more\" href=\"https:\/\/clinicatenisteknon.com\/en\/unidad-de-medicina-y-traumatologia-deportiva\/\" aria-label=\"Read more about Unidad de medicina y traumatolog\u00eda deportiva\">Read more<\/a><\/p>","protected":false},"author":4,"featured_media":0,"parent":0,"menu_order":0,"comment_status":"closed","ping_status":"closed","template":"","meta":{"generate_page_header":"","footnotes":""},"class_list":["post-543","page","type-page","status-publish"],"yoast_head":"<!-- This site is optimized with the Yoast SEO plugin v27.4 - https:\/\/yoast.com\/product\/yoast-seo-wordpress\/ -->\n<title>Unidad de medicina y traumatolog\u00eda deportiva - Cl\u00ednica Tenis Teknon<\/title>\n<meta name=\"robots\" content=\"index, follow, max-snippet:-1, max-image-preview:large, max-video-preview:-1\" \/>\n<link rel=\"canonical\" href=\"https:\/\/clinicatenisteknon.com\/en\/unidad-de-medicina-y-traumatologia-deportiva\/\" \/>\n<meta property=\"og:locale\" content=\"en_US\" \/>\n<meta property=\"og:type\" content=\"article\" \/>\n<meta property=\"og:title\" content=\"Unidad de medicina y traumatolog\u00eda deportiva - Cl\u00ednica Tenis Teknon\" \/>\n<meta property=\"og:description\" content=\"En la Unidad de Medicina y Traumatolog\u00eda deportiva nos ocupamos del estudio de la actividad f\u00edsica y de sus repercusiones en el organismo. Esta Unidad, desempe\u00f1a una labor preventiva, terap\u00e9utica ... Read more\" \/>\n<meta property=\"og:url\" content=\"https:\/\/clinicatenisteknon.com\/en\/unidad-de-medicina-y-traumatologia-deportiva\/\" \/>\n<meta property=\"og:site_name\" content=\"Cl\u00ednica Tenis Teknon\" \/>\n<meta property=\"article:modified_time\" content=\"2024-08-29T07:29:17+00:00\" \/>\n<meta property=\"og:image\" content=\"https:\/\/clinicatenisteknon.com\/wp-content\/uploads\/2023\/08\/UNIDAD-DE-TRAUMATOLOGIA-1024x683.jpg\" \/>\n<meta name=\"twitter:card\" content=\"summary_large_image\" \/>\n<meta name=\"twitter:label1\" content=\"Est. reading time\" \/>\n\t<meta name=\"twitter:data1\" content=\"2 minutes\" \/>\n<script type=\"application\/ld+json\" class=\"yoast-schema-graph\">{\"@context\":\"https:\\\/\\\/schema.org\",\"@graph\":[{\"@type\":\"WebPage\",\"@id\":\"https:\\\/\\\/clinicatenisteknon.com\\\/unidad-de-medicina-y-traumatologia-deportiva\\\/\",\"url\":\"https:\\\/\\\/clinicatenisteknon.com\\\/unidad-de-medicina-y-traumatologia-deportiva\\\/\",\"name\":\"Unidad de medicina y traumatolog\u00eda deportiva - Cl\u00ednica Tenis Teknon\",\"isPartOf\":{\"@id\":\"https:\\\/\\\/clinicatenisteknon.com\\\/#website\"},\"primaryImageOfPage\":{\"@id\":\"https:\\\/\\\/clinicatenisteknon.com\\\/unidad-de-medicina-y-traumatologia-deportiva\\\/#primaryimage\"},\"image\":{\"@id\":\"https:\\\/\\\/clinicatenisteknon.com\\\/unidad-de-medicina-y-traumatologia-deportiva\\\/#primaryimage\"},\"thumbnailUrl\":\"https:\\\/\\\/clinicatenisteknon.com\\\/wp-content\\\/uploads\\\/2023\\\/08\\\/UNIDAD-DE-TRAUMATOLOGIA-1024x683.jpg\",\"datePublished\":\"2023-03-01T12:21:09+00:00\",\"dateModified\":\"2024-08-29T07:29:17+00:00\",\"breadcrumb\":{\"@id\":\"https:\\\/\\\/clinicatenisteknon.com\\\/unidad-de-medicina-y-traumatologia-deportiva\\\/#breadcrumb\"},\"inLanguage\":\"en-US\",\"potentialAction\":[{\"@type\":\"ReadAction\",\"target\":[\"https:\\\/\\\/clinicatenisteknon.com\\\/unidad-de-medicina-y-traumatologia-deportiva\\\/\"]}]},{\"@type\":\"ImageObject\",\"inLanguage\":\"en-US\",\"@id\":\"https:\\\/\\\/clinicatenisteknon.com\\\/unidad-de-medicina-y-traumatologia-deportiva\\\/#primaryimage\",\"url\":\"https:\\\/\\\/clinicatenisteknon.com\\\/wp-content\\\/uploads\\\/2023\\\/08\\\/UNIDAD-DE-TRAUMATOLOGIA-1024x683.jpg\",\"contentUrl\":\"https:\\\/\\\/clinicatenisteknon.com\\\/wp-content\\\/uploads\\\/2023\\\/08\\\/UNIDAD-DE-TRAUMATOLOGIA-1024x683.jpg\"},{\"@type\":\"BreadcrumbList\",\"@id\":\"https:\\\/\\\/clinicatenisteknon.com\\\/unidad-de-medicina-y-traumatologia-deportiva\\\/#breadcrumb\",\"itemListElement\":[{\"@type\":\"ListItem\",\"position\":1,\"name\":\"Portada\",\"item\":\"https:\\\/\\\/clinicatenisteknon.com\\\/\"},{\"@type\":\"ListItem\",\"position\":2,\"name\":\"Unidad de medicina y traumatolog\u00eda deportiva\"}]},{\"@type\":\"WebSite\",\"@id\":\"https:\\\/\\\/clinicatenisteknon.com\\\/#website\",\"url\":\"https:\\\/\\\/clinicatenisteknon.com\\\/\",\"name\":\"Cl\u00ednica Tenis Teknon\",\"description\":\"Cl\u00ednica del tenis \",\"publisher\":{\"@id\":\"https:\\\/\\\/clinicatenisteknon.com\\\/#organization\"},\"potentialAction\":[{\"@type\":\"SearchAction\",\"target\":{\"@type\":\"EntryPoint\",\"urlTemplate\":\"https:\\\/\\\/clinicatenisteknon.com\\\/?s={search_term_string}\"},\"query-input\":{\"@type\":\"PropertyValueSpecification\",\"valueRequired\":true,\"valueName\":\"search_term_string\"}}],\"inLanguage\":\"en-US\"},{\"@type\":\"Organization\",\"@id\":\"https:\\\/\\\/clinicatenisteknon.com\\\/#organization\",\"name\":\"Cl\u00ednica Tenis Teknon\",\"url\":\"https:\\\/\\\/clinicatenisteknon.com\\\/\",\"logo\":{\"@type\":\"ImageObject\",\"inLanguage\":\"en-US\",\"@id\":\"https:\\\/\\\/clinicatenisteknon.com\\\/#\\\/schema\\\/logo\\\/image\\\/\",\"url\":\"https:\\\/\\\/clinicatenisteknon.com\\\/wp-content\\\/uploads\\\/2023\\\/02\\\/QS-C-Cl-T-Teknon-Logo-Hz-Positiv-CMYK.jpg\",\"contentUrl\":\"https:\\\/\\\/clinicatenisteknon.com\\\/wp-content\\\/uploads\\\/2023\\\/02\\\/QS-C-Cl-T-Teknon-Logo-Hz-Positiv-CMYK.jpg\",\"width\":1802,\"height\":449,\"caption\":\"Cl\u00ednica Tenis Teknon\"},\"image\":{\"@id\":\"https:\\\/\\\/clinicatenisteknon.com\\\/#\\\/schema\\\/logo\\\/image\\\/\"}}]}<\/script>\n<!-- \/ Yoast SEO plugin. -->","yoast_head_json":{"title":"Unidad de medicina y traumatolog\u00eda deportiva - Cl\u00ednica Tenis Teknon","robots":{"index":"index","follow":"follow","max-snippet":"max-snippet:-1","max-image-preview":"max-image-preview:large","max-video-preview":"max-video-preview:-1"},"canonical":"https:\/\/clinicatenisteknon.com\/en\/unidad-de-medicina-y-traumatologia-deportiva\/","og_locale":"en_US","og_type":"article","og_title":"Unidad de medicina y traumatolog\u00eda deportiva - Cl\u00ednica Tenis Teknon","og_description":"En la Unidad de Medicina y Traumatolog\u00eda deportiva nos ocupamos del estudio de la actividad f\u00edsica y de sus repercusiones en el organismo. Esta Unidad, desempe\u00f1a una labor preventiva, terap\u00e9utica ... Read more","og_url":"https:\/\/clinicatenisteknon.com\/en\/unidad-de-medicina-y-traumatologia-deportiva\/","og_site_name":"Cl\u00ednica Tenis Teknon","article_modified_time":"2024-08-29T07:29:17+00:00","og_image":[{"url":"https:\/\/clinicatenisteknon.com\/wp-content\/uploads\/2023\/08\/UNIDAD-DE-TRAUMATOLOGIA-1024x683.jpg","type":"","width":"","height":""}],"twitter_card":"summary_large_image","twitter_misc":{"Est. reading time":"2 minutes"},"schema":{"@context":"https:\/\/schema.org","@graph":[{"@type":"WebPage","@id":"https:\/\/clinicatenisteknon.com\/unidad-de-medicina-y-traumatologia-deportiva\/","url":"https:\/\/clinicatenisteknon.com\/unidad-de-medicina-y-traumatologia-deportiva\/","name":"Unidad de medicina y traumatolog\u00eda deportiva - Cl\u00ednica Tenis Teknon","isPartOf":{"@id":"https:\/\/clinicatenisteknon.com\/#website"},"primaryImageOfPage":{"@id":"https:\/\/clinicatenisteknon.com\/unidad-de-medicina-y-traumatologia-deportiva\/#primaryimage"},"image":{"@id":"https:\/\/clinicatenisteknon.com\/unidad-de-medicina-y-traumatologia-deportiva\/#primaryimage"},"thumbnailUrl":"https:\/\/clinicatenisteknon.com\/wp-content\/uploads\/2023\/08\/UNIDAD-DE-TRAUMATOLOGIA-1024x683.jpg","datePublished":"2023-03-01T12:21:09+00:00","dateModified":"2024-08-29T07:29:17+00:00","breadcrumb":{"@id":"https:\/\/clinicatenisteknon.com\/unidad-de-medicina-y-traumatologia-deportiva\/#breadcrumb"},"inLanguage":"en-US","potentialAction":[{"@type":"ReadAction","target":["https:\/\/clinicatenisteknon.com\/unidad-de-medicina-y-traumatologia-deportiva\/"]}]},{"@type":"ImageObject","inLanguage":"en-US","@id":"https:\/\/clinicatenisteknon.com\/unidad-de-medicina-y-traumatologia-deportiva\/#primaryimage","url":"https:\/\/clinicatenisteknon.com\/wp-content\/uploads\/2023\/08\/UNIDAD-DE-TRAUMATOLOGIA-1024x683.jpg","contentUrl":"https:\/\/clinicatenisteknon.com\/wp-content\/uploads\/2023\/08\/UNIDAD-DE-TRAUMATOLOGIA-1024x683.jpg"},{"@type":"BreadcrumbList","@id":"https:\/\/clinicatenisteknon.com\/unidad-de-medicina-y-traumatologia-deportiva\/#breadcrumb","itemListElement":[{"@type":"ListItem","position":1,"name":"Portada","item":"https:\/\/clinicatenisteknon.com\/"},{"@type":"ListItem","position":2,"name":"Unidad de medicina y traumatolog\u00eda deportiva"}]},{"@type":"WebSite","@id":"https:\/\/clinicatenisteknon.com\/#website","url":"https:\/\/clinicatenisteknon.com\/","name":"Cl\u00ednica Tenis Teknon","description":"Cl\u00ednica del tenis","publisher":{"@id":"https:\/\/clinicatenisteknon.com\/#organization"},"potentialAction":[{"@type":"SearchAction","target":{"@type":"EntryPoint","urlTemplate":"https:\/\/clinicatenisteknon.com\/?s={search_term_string}"},"query-input":{"@type":"PropertyValueSpecification","valueRequired":true,"valueName":"search_term_string"}}],"inLanguage":"en-US"},{"@type":"Organization","@id":"https:\/\/clinicatenisteknon.com\/#organization","name":"Cl\u00ednica Tenis Teknon","url":"https:\/\/clinicatenisteknon.com\/","logo":{"@type":"ImageObject","inLanguage":"en-US","@id":"https:\/\/clinicatenisteknon.com\/#\/schema\/logo\/image\/","url":"https:\/\/clinicatenisteknon.com\/wp-content\/uploads\/2023\/02\/QS-C-Cl-T-Teknon-Logo-Hz-Positiv-CMYK.jpg","contentUrl":"https:\/\/clinicatenisteknon.com\/wp-content\/uploads\/2023\/02\/QS-C-Cl-T-Teknon-Logo-Hz-Positiv-CMYK.jpg","width":1802,"height":449,"caption":"Cl\u00ednica Tenis Teknon"},"image":{"@id":"https:\/\/clinicatenisteknon.com\/#\/schema\/logo\/image\/"}}]}},"_links":{"self":[{"href":"https:\/\/clinicatenisteknon.com\/en\/wp-json\/wp\/v2\/pages\/543","targetHints":{"allow":["GET"]}}],"collection":[{"href":"https:\/\/clinicatenisteknon.com\/en\/wp-json\/wp\/v2\/pages"}],"about":[{"href":"https:\/\/clinicatenisteknon.com\/en\/wp-json\/wp\/v2\/types\/page"}],"author":[{"embeddable":true,"href":"https:\/\/clinicatenisteknon.com\/en\/wp-json\/wp\/v2\/users\/4"}],"replies":[{"embeddable":true,"href":"https:\/\/clinicatenisteknon.com\/en\/wp-json\/wp\/v2\/comments?post=543"}],"version-history":[{"count":32,"href":"https:\/\/clinicatenisteknon.com\/en\/wp-json\/wp\/v2\/pages\/543\/revisions"}],"predecessor-version":[{"id":3217,"href":"https:\/\/clinicatenisteknon.com\/en\/wp-json\/wp\/v2\/pages\/543\/revisions\/3217"}],"wp:attachment":[{"href":"https:\/\/clinicatenisteknon.com\/en\/wp-json\/wp\/v2\/media?parent=543"}],"curies":[{"name":"wp","href":"https:\/\/api.w.org\/{rel}","templated":true}]}}