{"id":555,"date":"2023-03-01T13:23:26","date_gmt":"2023-03-01T12:23:26","guid":{"rendered":"https:\/\/clinicatenisteknon.com\/?page_id=555"},"modified":"2024-08-29T09:39:14","modified_gmt":"2024-08-29T07:39:14","slug":"unidad-de-readaptacion-deportiva","status":"publish","type":"page","link":"https:\/\/clinicatenisteknon.com\/en\/unidad-de-readaptacion-deportiva\/","title":{"rendered":"Sports Rehabilitation Unit"},"content":{"rendered":"\t\t<div data-elementor-type=\"wp-page\" data-elementor-id=\"555\" class=\"elementor elementor-555\" data-elementor-post-type=\"page\">\n\t\t\t\t\t\t<section class=\"elementor-section elementor-top-section elementor-element elementor-element-7326d7cd elementor-section-stretched elementor-section-boxed elementor-section-height-default elementor-section-height-default\" data-id=\"7326d7cd\" data-element_type=\"section\" data-e-type=\"section\" data-settings=\"{&quot;stretch_section&quot;:&quot;section-stretched&quot;}\">\n\t\t\t\t\t\t<div class=\"elementor-container elementor-column-gap-default\">\n\t\t\t\t\t<div class=\"elementor-column elementor-col-50 elementor-top-column elementor-element elementor-element-3554c9d4\" data-id=\"3554c9d4\" data-element_type=\"column\" data-e-type=\"column\">\n\t\t\t<div class=\"elementor-widget-wrap elementor-element-populated\">\n\t\t\t\t\t\t<div class=\"elementor-element elementor-element-69bada7d elementor-widget elementor-widget-image\" data-id=\"69bada7d\" data-element_type=\"widget\" data-e-type=\"widget\" data-widget_type=\"image.default\">\n\t\t\t\t<div class=\"elementor-widget-container\">\n\t\t\t\t\t\t\t\t\t\t\t\t\t\t\t<img fetchpriority=\"high\" decoding=\"async\" width=\"2560\" height=\"1707\" src=\"https:\/\/clinicatenisteknon.com\/wp-content\/uploads\/2023\/11\/SALA-RHB-scaled.jpg\" class=\"attachment-full size-full wp-image-1919\" alt=\"\" srcset=\"https:\/\/clinicatenisteknon.com\/wp-content\/uploads\/2023\/11\/SALA-RHB-scaled.jpg 2560w, https:\/\/clinicatenisteknon.com\/wp-content\/uploads\/2023\/11\/SALA-RHB-scaled-600x400.jpg 600w, https:\/\/clinicatenisteknon.com\/wp-content\/uploads\/2023\/11\/SALA-RHB-300x200.jpg 300w, https:\/\/clinicatenisteknon.com\/wp-content\/uploads\/2023\/11\/SALA-RHB-1024x683.jpg 1024w, https:\/\/clinicatenisteknon.com\/wp-content\/uploads\/2023\/11\/SALA-RHB-768x512.jpg 768w, https:\/\/clinicatenisteknon.com\/wp-content\/uploads\/2023\/11\/SALA-RHB-1536x1024.jpg 1536w, https:\/\/clinicatenisteknon.com\/wp-content\/uploads\/2023\/11\/SALA-RHB-2048x1365.jpg 2048w, https:\/\/clinicatenisteknon.com\/wp-content\/uploads\/2023\/11\/SALA-RHB-18x12.jpg 18w\" sizes=\"(max-width: 2560px) 100vw, 2560px\" \/>\t\t\t\t\t\t\t\t\t\t\t\t\t\t\t<\/div>\n\t\t\t\t<\/div>\n\t\t\t\t\t<\/div>\n\t\t<\/div>\n\t\t\t\t<div class=\"elementor-column elementor-col-50 elementor-top-column elementor-element elementor-element-15fc0909 elementor-invisible\" data-id=\"15fc0909\" data-element_type=\"column\" data-e-type=\"column\" data-settings=\"{&quot;animation&quot;:&quot;fadeInRight&quot;}\">\n\t\t\t<div class=\"elementor-widget-wrap elementor-element-populated\">\n\t\t\t\t\t\t<div class=\"elementor-element elementor-element-6eda30e6 elementor-widget elementor-widget-text-editor\" data-id=\"6eda30e6\" data-element_type=\"widget\" data-e-type=\"widget\" data-widget_type=\"text-editor.default\">\n\t\t\t\t<div class=\"elementor-widget-container\">\n\t\t\t\t\t\t\t\t\t<p>Tratamos de minimizar el riesgo de lesi\u00f3n durante la pr\u00e1ctica deportiva planificando programas de prevenci\u00f3n para reducir el riesgo y la frecuencia de lesiones.<\/p><p>Nos centramos en la prevenci\u00f3n, la reeducaci\u00f3n y la recuperaci\u00f3n de la lesi\u00f3n.<\/p><p>El readaptador f\u00edsico forma parte del equipo multidisciplinar y es el encargado de la \u00faltima fase de una lesi\u00f3n. Trabaja de forma coordinada con el resto de profesionales de la Cl\u00ednica.\u00a0<\/p><p><strong>Nos aseguramos de que la vuelta a la competici\u00f3n sea segura<\/strong>, minimizando los riesgos de sufrir una reca\u00edda.<\/p><p>Nuestro objetivo es el de mejorar el estado f\u00edsico ya sea para aumentar el rendimiento deportivo o simplemente por fines saludables.<\/p>\t\t\t\t\t\t\t\t<\/div>\n\t\t\t\t<\/div>\n\t\t\t\t\t<\/div>\n\t\t<\/div>\n\t\t\t\t\t<\/div>\n\t\t<\/section>\n\t\t\t\t<section class=\"elementor-section elementor-top-section elementor-element elementor-element-85b956 elementor-section-stretched elementor-section-boxed elementor-section-height-default elementor-section-height-default\" data-id=\"85b956\" data-element_type=\"section\" data-e-type=\"section\" data-settings=\"{&quot;stretch_section&quot;:&quot;section-stretched&quot;}\">\n\t\t\t\t\t\t<div class=\"elementor-container elementor-column-gap-wider\">\n\t\t\t\t\t<div class=\"elementor-column elementor-col-50 elementor-top-column elementor-element elementor-element-e99a3e6\" data-id=\"e99a3e6\" data-element_type=\"column\" data-e-type=\"column\">\n\t\t\t<div class=\"elementor-widget-wrap elementor-element-populated\">\n\t\t\t\t\t\t<div class=\"elementor-element elementor-element-1d8079d5 elementor-widget elementor-widget-heading\" data-id=\"1d8079d5\" data-element_type=\"widget\" data-e-type=\"widget\" data-widget_type=\"heading.default\">\n\t\t\t\t<div class=\"elementor-widget-container\">\n\t\t\t\t\t<h3 class=\"elementor-heading-title elementor-size-default\">MEDICINA PREVENTIVA<\/h3>\t\t\t\t<\/div>\n\t\t\t\t<\/div>\n\t\t\t\t<div class=\"elementor-element elementor-element-3c5b89fb elementor-widget elementor-widget-text-editor\" data-id=\"3c5b89fb\" data-element_type=\"widget\" data-e-type=\"widget\" data-widget_type=\"text-editor.default\">\n\t\t\t\t<div class=\"elementor-widget-container\">\n\t\t\t\t\t\t\t\t\t<p><strong>SERVICIOS<\/strong><\/p><ul><li>Prevenci\u00f3n de lesiones.<\/li><li>Reconocimiento y evaluaci\u00f3n de la lesi\u00f3n.<\/li><li>Planificaci\u00f3n y dise\u00f1o del programa de readaptaci\u00f3n f\u00edsico-deportiva.<\/li><li>Evaluaci\u00f3n continua del deportista de manera individualizada<\/li><li style=\"list-style-type: none;\"><ul><li style=\"list-style-type: none;\">\u00a0<\/li><\/ul><\/li><\/ul>\t\t\t\t\t\t\t\t<\/div>\n\t\t\t\t<\/div>\n\t\t\t\t\t<\/div>\n\t\t<\/div>\n\t\t\t\t<div class=\"elementor-column elementor-col-50 elementor-top-column elementor-element elementor-element-59da6e26\" data-id=\"59da6e26\" data-element_type=\"column\" data-e-type=\"column\">\n\t\t\t<div class=\"elementor-widget-wrap elementor-element-populated\">\n\t\t\t\t\t\t<div class=\"elementor-element elementor-element-71228154 elementor-widget elementor-widget-heading\" data-id=\"71228154\" data-element_type=\"widget\" data-e-type=\"widget\" data-widget_type=\"heading.default\">\n\t\t\t\t<div class=\"elementor-widget-container\">\n\t\t\t\t\t<h3 class=\"elementor-heading-title elementor-size-default\">MEDICINA ASISTENCIAL<\/h3>\t\t\t\t<\/div>\n\t\t\t\t<\/div>\n\t\t\t\t<div class=\"elementor-element elementor-element-c2256e7 elementor-widget elementor-widget-text-editor\" data-id=\"c2256e7\" data-element_type=\"widget\" data-e-type=\"widget\" data-widget_type=\"text-editor.default\">\n\t\t\t\t<div class=\"elementor-widget-container\">\n\t\t\t\t\t\t\t\t\t<p style=\"text-align: left;\"><strong>SERVICIOS<\/strong><\/p><ul><li>Ejecuci\u00f3n del plan de entrenamiento.<\/li><li>Control y seguimiento de la evoluci\u00f3n de la lesi\u00f3n durante el per\u00edodo de readaptaci\u00f3n y tras su incorporaci\u00f3n al entrenamiento y competici\u00f3n.<\/li><li>Reeducaci\u00f3n de las \u00e1reas corporales que lo precisen.<\/li><li>Mantenimiento de otras capacidades f\u00edsicas durante la lesi\u00f3n.<\/li><li>Trabajo neuromuscular.<\/li><li>Trabajo exc\u00e9ntrico.<\/li><li>Ejercicios propioceptivos<\/li><li style=\"list-style-type: none;\"><ul><li style=\"list-style-type: none;\">\u00a0<\/li><\/ul><\/li><\/ul>\t\t\t\t\t\t\t\t<\/div>\n\t\t\t\t<\/div>\n\t\t\t\t\t<\/div>\n\t\t<\/div>\n\t\t\t\t\t<\/div>\n\t\t<\/section>\n\t\t\t\t<section class=\"elementor-section elementor-top-section elementor-element elementor-element-5650f352 elementor-section-stretched elementor-section-boxed elementor-section-height-default elementor-section-height-default\" data-id=\"5650f352\" data-element_type=\"section\" data-e-type=\"section\" data-settings=\"{&quot;stretch_section&quot;:&quot;section-stretched&quot;,&quot;background_background&quot;:&quot;classic&quot;}\">\n\t\t\t\t\t\t<div class=\"elementor-container elementor-column-gap-default\">\n\t\t\t\t\t<div class=\"elementor-column elementor-col-100 elementor-top-column elementor-element elementor-element-1aafbf84\" data-id=\"1aafbf84\" data-element_type=\"column\" data-e-type=\"column\" data-settings=\"{&quot;background_background&quot;:&quot;classic&quot;}\">\n\t\t\t<div class=\"elementor-widget-wrap elementor-element-populated\">\n\t\t\t\t\t\t<div class=\"elementor-element elementor-element-43071730 elementor-widget elementor-widget-heading\" data-id=\"43071730\" data-element_type=\"widget\" data-e-type=\"widget\" data-widget_type=\"heading.default\">\n\t\t\t\t<div class=\"elementor-widget-container\">\n\t\t\t\t\t<h3 class=\"elementor-heading-title elementor-size-default\">D\u00e9janos tus datos y nosotros te llamamos<\/h3>\t\t\t\t<\/div>\n\t\t\t\t<\/div>\n\t\t\t\t<div class=\"elementor-element elementor-element-27c2ae7a elementor-button-align-stretch elementor-widget elementor-widget-form\" data-id=\"27c2ae7a\" data-element_type=\"widget\" data-e-type=\"widget\" data-settings=\"{&quot;button_width&quot;:&quot;20&quot;,&quot;step_next_label&quot;:&quot;Siguiente&quot;,&quot;step_previous_label&quot;:&quot;Anterior&quot;,&quot;step_type&quot;:&quot;number_text&quot;,&quot;step_icon_shape&quot;:&quot;circle&quot;}\" data-widget_type=\"form.default\">\n\t\t\t\t<div class=\"elementor-widget-container\">\n\t\t\t\t\t\t\t<form class=\"elementor-form\" method=\"post\" name=\"FORMULARIO UNIDAD BIOMEC\u00c1NICA\" aria-label=\"FORMULARIO UNIDAD BIOMEC\u00c1NICA\">\n\t\t\t<input type=\"hidden\" name=\"post_id\" value=\"555\"\/>\n\t\t\t<input type=\"hidden\" name=\"form_id\" value=\"27c2ae7a\"\/>\n\t\t\t<input type=\"hidden\" name=\"referer_title\" value=\"Unidad de readaptaci\u00f3n deportiva - Cl\u00ednica Tenis Teknon\" \/>\n\n\t\t\t\t\t\t\t<input type=\"hidden\" name=\"queried_id\" value=\"555\"\/>\n\t\t\t\n\t\t\t<div class=\"elementor-form-fields-wrapper elementor-labels-\">\n\t\t\t\t\t\t\t\t<div class=\"elementor-field-type-text elementor-field-group elementor-column elementor-field-group-name elementor-col-20 elementor-field-required\">\n\t\t\t\t\t\t\t\t\t\t\t\t<label for=\"form-field-name\" class=\"elementor-field-label elementor-screen-only\">\n\t\t\t\t\t\t\t\tNombre\t\t\t\t\t\t\t<\/label>\n\t\t\t\t\t\t\t\t\t\t\t\t\t\t<input size=\"1\" type=\"text\" name=\"form_fields[name]\" id=\"form-field-name\" class=\"elementor-field elementor-size-sm  elementor-field-textual\" placeholder=\"Nombre\" required=\"required\">\n\t\t\t\t\t\t\t\t\t\t\t<\/div>\n\t\t\t\t\t\t\t\t<div class=\"elementor-field-type-email elementor-field-group elementor-column elementor-field-group-email elementor-col-20 elementor-field-required\">\n\t\t\t\t\t\t\t\t\t\t\t\t<label for=\"form-field-email\" class=\"elementor-field-label elementor-screen-only\">\n\t\t\t\t\t\t\t\tCorreo electr\u00f3nico\t\t\t\t\t\t\t<\/label>\n\t\t\t\t\t\t\t\t\t\t\t\t\t\t<input size=\"1\" type=\"email\" name=\"form_fields[email]\" id=\"form-field-email\" class=\"elementor-field elementor-size-sm  elementor-field-textual\" placeholder=\"Correo electr\u00f3nico\" required=\"required\">\n\t\t\t\t\t\t\t\t\t\t\t<\/div>\n\t\t\t\t\t\t\t\t<div class=\"elementor-field-type-tel elementor-field-group elementor-column elementor-field-group-field_b5742b5 elementor-col-20 elementor-field-required\">\n\t\t\t\t\t\t\t\t\t\t\t\t<label for=\"form-field-field_b5742b5\" class=\"elementor-field-label elementor-screen-only\">\n\t\t\t\t\t\t\t\tTel\u00e9fono\t\t\t\t\t\t\t<\/label>\n\t\t\t\t\t\t\t\t<input size=\"1\" type=\"tel\" name=\"form_fields[field_b5742b5]\" id=\"form-field-field_b5742b5\" class=\"elementor-field elementor-size-sm  elementor-field-textual\" placeholder=\"Tel\u00e9fono\" required=\"required\" pattern=\"[0-9()#&amp;+*-=.]+\" title=\"Solo se aceptan n\u00fameros y caracteres de tel\u00e9fono (#,-,*,etc).\">\n\n\t\t\t\t\t\t<\/div>\n\t\t\t\t\t\t\t\t<div class=\"elementor-field-type-select elementor-field-group elementor-column elementor-field-group-message elementor-col-20 elementor-field-required\">\n\t\t\t\t\t\t\t\t\t\t\t\t<label for=\"form-field-message\" class=\"elementor-field-label elementor-screen-only\">\n\t\t\t\t\t\t\t\tServicio requerido\t\t\t\t\t\t\t<\/label>\n\t\t\t\t\t\t\t\t<div class=\"elementor-field elementor-select-wrapper remove-before \">\n\t\t\t<div class=\"select-caret-down-wrapper\">\n\t\t\t\t<svg aria-hidden=\"true\" class=\"e-font-icon-svg e-eicon-caret-down\" viewBox=\"0 0 571.4 571.4\" xmlns=\"http:\/\/www.w3.org\/2000\/svg\"><path d=\"M571 393Q571 407 561 418L311 668Q300 679 286 679T261 668L11 418Q0 407 0 393T11 368 36 357H536Q550 357 561 368T571 393Z\"><\/path><\/svg>\t\t\t<\/div>\n\t\t\t<select name=\"form_fields[message]\" id=\"form-field-message\" class=\"elementor-field-textual elementor-size-sm\" required=\"required\">\n\t\t\t\t\t\t\t\t\t<option value=\"Elegir servicio\">Elegir servicio<\/option>\n\t\t\t\t\t\t\t\t\t<option value=\"Medicina Prefentiva\">Medicina Prefentiva<\/option>\n\t\t\t\t\t\t\t\t\t<option value=\"Medicina Asistencial\">Medicina Asistencial<\/option>\n\t\t\t\t\t\t\t<\/select>\n\t\t<\/div>\n\t\t\t\t\t\t<\/div>\n\t\t\t\t\t\t\t\t<div class=\"elementor-field-type-text\">\n\t\t\t\t\t<input size=\"1\" type=\"text\" name=\"form_fields[field_b1f0634]\" id=\"form-field-field_b1f0634\" class=\"elementor-field elementor-size-sm \" style=\"display:none !important;\">\t\t\t\t<\/div>\n\t\t\t\t\t\t\t\t<div class=\"elementor-field-type-acceptance elementor-field-group elementor-column elementor-field-group-field_606257b elementor-col-100 elementor-field-required\">\n\t\t\t\t\t\t\t<div class=\"elementor-field-subgroup\">\n\t\t\t<span class=\"elementor-field-option\">\n\t\t\t\t<input type=\"checkbox\" name=\"form_fields[field_606257b]\" id=\"form-field-field_606257b\" class=\"elementor-field elementor-size-sm  elementor-acceptance-field\" required=\"required\">\n\t\t\t\t<label for=\"form-field-field_606257b\">Acepto la <a href=\"https:\/\/clinicatenisteknon.com\/politica-de-privacidad\/\">Pol\u00edtica de Privacidad<\/a><\/label>\t\t\t<\/span>\n\t\t<\/div>\n\t\t\t\t\t\t<\/div>\n\t\t\t\t\t\t\t\t<div class=\"elementor-field-group elementor-column elementor-field-type-submit elementor-col-20 e-form__buttons\">\n\t\t\t\t\t<button class=\"elementor-button elementor-size-sm\" type=\"submit\">\n\t\t\t\t\t\t<span class=\"elementor-button-content-wrapper\">\n\t\t\t\t\t\t\t\t\t\t\t\t\t\t\t\t\t\t\t\t\t\t<span class=\"elementor-button-text\">Enviar<\/span>\n\t\t\t\t\t\t\t\t\t\t\t\t\t<\/span>\n\t\t\t\t\t<\/button>\n\t\t\t\t<\/div>\n\t\t\t<\/div>\n\t\t<\/form>\n\t\t\t\t\t\t<\/div>\n\t\t\t\t<\/div>\n\t\t\t\t\t<\/div>\n\t\t<\/div>\n\t\t\t\t\t<\/div>\n\t\t<\/section>\n\t\t\t\t<\/div>\n\t\t","protected":false},"excerpt":{"rendered":"<p>Tratamos de minimizar el riesgo de lesi\u00f3n durante la pr\u00e1ctica deportiva planificando programas de prevenci\u00f3n para reducir el riesgo y la frecuencia de lesiones. Nos centramos en la prevenci\u00f3n, la &#8230; <a title=\"Sports Rehabilitation Unit\" class=\"read-more\" href=\"https:\/\/clinicatenisteknon.com\/en\/unidad-de-readaptacion-deportiva\/\" aria-label=\"Read more about Unidad de readaptaci\u00f3n deportiva\">Read more<\/a><\/p>","protected":false},"author":4,"featured_media":0,"parent":0,"menu_order":0,"comment_status":"closed","ping_status":"closed","template":"","meta":{"generate_page_header":"","footnotes":""},"class_list":["post-555","page","type-page","status-publish"],"yoast_head":"<!-- This site is optimized with the Yoast SEO plugin v27.4 - https:\/\/yoast.com\/product\/yoast-seo-wordpress\/ -->\n<title>Unidad de readaptaci\u00f3n deportiva - Cl\u00ednica Tenis Teknon<\/title>\n<meta name=\"robots\" content=\"index, follow, max-snippet:-1, max-image-preview:large, max-video-preview:-1\" \/>\n<link rel=\"canonical\" href=\"https:\/\/clinicatenisteknon.com\/en\/unidad-de-readaptacion-deportiva\/\" \/>\n<meta property=\"og:locale\" content=\"en_US\" \/>\n<meta property=\"og:type\" content=\"article\" \/>\n<meta property=\"og:title\" content=\"Unidad de readaptaci\u00f3n deportiva - Cl\u00ednica Tenis Teknon\" \/>\n<meta property=\"og:description\" content=\"Tratamos de minimizar el riesgo de lesi\u00f3n durante la pr\u00e1ctica deportiva planificando programas de prevenci\u00f3n para reducir el riesgo y la frecuencia de lesiones. Nos centramos en la prevenci\u00f3n, la ... Read more\" \/>\n<meta property=\"og:url\" content=\"https:\/\/clinicatenisteknon.com\/en\/unidad-de-readaptacion-deportiva\/\" \/>\n<meta property=\"og:site_name\" content=\"Cl\u00ednica Tenis Teknon\" \/>\n<meta property=\"article:modified_time\" content=\"2024-08-29T07:39:14+00:00\" \/>\n<meta property=\"og:image\" content=\"https:\/\/clinicatenisteknon.com\/wp-content\/uploads\/2023\/11\/SALA-RHB-scaled.jpg\" \/>\n<meta name=\"twitter:card\" content=\"summary_large_image\" \/>\n<meta name=\"twitter:label1\" content=\"Est. reading time\" \/>\n\t<meta name=\"twitter:data1\" content=\"2 minutes\" \/>\n<script type=\"application\/ld+json\" class=\"yoast-schema-graph\">{\"@context\":\"https:\\\/\\\/schema.org\",\"@graph\":[{\"@type\":\"WebPage\",\"@id\":\"https:\\\/\\\/clinicatenisteknon.com\\\/unidad-de-readaptacion-deportiva\\\/\",\"url\":\"https:\\\/\\\/clinicatenisteknon.com\\\/unidad-de-readaptacion-deportiva\\\/\",\"name\":\"Unidad de readaptaci\u00f3n deportiva - Cl\u00ednica Tenis Teknon\",\"isPartOf\":{\"@id\":\"https:\\\/\\\/clinicatenisteknon.com\\\/#website\"},\"primaryImageOfPage\":{\"@id\":\"https:\\\/\\\/clinicatenisteknon.com\\\/unidad-de-readaptacion-deportiva\\\/#primaryimage\"},\"image\":{\"@id\":\"https:\\\/\\\/clinicatenisteknon.com\\\/unidad-de-readaptacion-deportiva\\\/#primaryimage\"},\"thumbnailUrl\":\"https:\\\/\\\/clinicatenisteknon.com\\\/wp-content\\\/uploads\\\/2023\\\/11\\\/SALA-RHB-scaled.jpg\",\"datePublished\":\"2023-03-01T12:23:26+00:00\",\"dateModified\":\"2024-08-29T07:39:14+00:00\",\"breadcrumb\":{\"@id\":\"https:\\\/\\\/clinicatenisteknon.com\\\/unidad-de-readaptacion-deportiva\\\/#breadcrumb\"},\"inLanguage\":\"en-US\",\"potentialAction\":[{\"@type\":\"ReadAction\",\"target\":[\"https:\\\/\\\/clinicatenisteknon.com\\\/unidad-de-readaptacion-deportiva\\\/\"]}]},{\"@type\":\"ImageObject\",\"inLanguage\":\"en-US\",\"@id\":\"https:\\\/\\\/clinicatenisteknon.com\\\/unidad-de-readaptacion-deportiva\\\/#primaryimage\",\"url\":\"https:\\\/\\\/clinicatenisteknon.com\\\/wp-content\\\/uploads\\\/2023\\\/11\\\/SALA-RHB-scaled.jpg\",\"contentUrl\":\"https:\\\/\\\/clinicatenisteknon.com\\\/wp-content\\\/uploads\\\/2023\\\/11\\\/SALA-RHB-scaled.jpg\"},{\"@type\":\"BreadcrumbList\",\"@id\":\"https:\\\/\\\/clinicatenisteknon.com\\\/unidad-de-readaptacion-deportiva\\\/#breadcrumb\",\"itemListElement\":[{\"@type\":\"ListItem\",\"position\":1,\"name\":\"Portada\",\"item\":\"https:\\\/\\\/clinicatenisteknon.com\\\/\"},{\"@type\":\"ListItem\",\"position\":2,\"name\":\"Unidad de readaptaci\u00f3n deportiva\"}]},{\"@type\":\"WebSite\",\"@id\":\"https:\\\/\\\/clinicatenisteknon.com\\\/#website\",\"url\":\"https:\\\/\\\/clinicatenisteknon.com\\\/\",\"name\":\"Cl\u00ednica Tenis Teknon\",\"description\":\"Cl\u00ednica del tenis \",\"publisher\":{\"@id\":\"https:\\\/\\\/clinicatenisteknon.com\\\/#organization\"},\"potentialAction\":[{\"@type\":\"SearchAction\",\"target\":{\"@type\":\"EntryPoint\",\"urlTemplate\":\"https:\\\/\\\/clinicatenisteknon.com\\\/?s={search_term_string}\"},\"query-input\":{\"@type\":\"PropertyValueSpecification\",\"valueRequired\":true,\"valueName\":\"search_term_string\"}}],\"inLanguage\":\"en-US\"},{\"@type\":\"Organization\",\"@id\":\"https:\\\/\\\/clinicatenisteknon.com\\\/#organization\",\"name\":\"Cl\u00ednica Tenis Teknon\",\"url\":\"https:\\\/\\\/clinicatenisteknon.com\\\/\",\"logo\":{\"@type\":\"ImageObject\",\"inLanguage\":\"en-US\",\"@id\":\"https:\\\/\\\/clinicatenisteknon.com\\\/#\\\/schema\\\/logo\\\/image\\\/\",\"url\":\"https:\\\/\\\/clinicatenisteknon.com\\\/wp-content\\\/uploads\\\/2023\\\/02\\\/QS-C-Cl-T-Teknon-Logo-Hz-Positiv-CMYK.jpg\",\"contentUrl\":\"https:\\\/\\\/clinicatenisteknon.com\\\/wp-content\\\/uploads\\\/2023\\\/02\\\/QS-C-Cl-T-Teknon-Logo-Hz-Positiv-CMYK.jpg\",\"width\":1802,\"height\":449,\"caption\":\"Cl\u00ednica Tenis Teknon\"},\"image\":{\"@id\":\"https:\\\/\\\/clinicatenisteknon.com\\\/#\\\/schema\\\/logo\\\/image\\\/\"}}]}<\/script>\n<!-- \/ Yoast SEO plugin. -->","yoast_head_json":{"title":"Unidad de readaptaci\u00f3n deportiva - Cl\u00ednica Tenis Teknon","robots":{"index":"index","follow":"follow","max-snippet":"max-snippet:-1","max-image-preview":"max-image-preview:large","max-video-preview":"max-video-preview:-1"},"canonical":"https:\/\/clinicatenisteknon.com\/en\/unidad-de-readaptacion-deportiva\/","og_locale":"en_US","og_type":"article","og_title":"Unidad de readaptaci\u00f3n deportiva - Cl\u00ednica Tenis Teknon","og_description":"Tratamos de minimizar el riesgo de lesi\u00f3n durante la pr\u00e1ctica deportiva planificando programas de prevenci\u00f3n para reducir el riesgo y la frecuencia de lesiones. Nos centramos en la prevenci\u00f3n, la ... Read more","og_url":"https:\/\/clinicatenisteknon.com\/en\/unidad-de-readaptacion-deportiva\/","og_site_name":"Cl\u00ednica Tenis Teknon","article_modified_time":"2024-08-29T07:39:14+00:00","og_image":[{"url":"https:\/\/clinicatenisteknon.com\/wp-content\/uploads\/2023\/11\/SALA-RHB-scaled.jpg","type":"","width":"","height":""}],"twitter_card":"summary_large_image","twitter_misc":{"Est. reading time":"2 minutes"},"schema":{"@context":"https:\/\/schema.org","@graph":[{"@type":"WebPage","@id":"https:\/\/clinicatenisteknon.com\/unidad-de-readaptacion-deportiva\/","url":"https:\/\/clinicatenisteknon.com\/unidad-de-readaptacion-deportiva\/","name":"Unidad de readaptaci\u00f3n deportiva - Cl\u00ednica Tenis Teknon","isPartOf":{"@id":"https:\/\/clinicatenisteknon.com\/#website"},"primaryImageOfPage":{"@id":"https:\/\/clinicatenisteknon.com\/unidad-de-readaptacion-deportiva\/#primaryimage"},"image":{"@id":"https:\/\/clinicatenisteknon.com\/unidad-de-readaptacion-deportiva\/#primaryimage"},"thumbnailUrl":"https:\/\/clinicatenisteknon.com\/wp-content\/uploads\/2023\/11\/SALA-RHB-scaled.jpg","datePublished":"2023-03-01T12:23:26+00:00","dateModified":"2024-08-29T07:39:14+00:00","breadcrumb":{"@id":"https:\/\/clinicatenisteknon.com\/unidad-de-readaptacion-deportiva\/#breadcrumb"},"inLanguage":"en-US","potentialAction":[{"@type":"ReadAction","target":["https:\/\/clinicatenisteknon.com\/unidad-de-readaptacion-deportiva\/"]}]},{"@type":"ImageObject","inLanguage":"en-US","@id":"https:\/\/clinicatenisteknon.com\/unidad-de-readaptacion-deportiva\/#primaryimage","url":"https:\/\/clinicatenisteknon.com\/wp-content\/uploads\/2023\/11\/SALA-RHB-scaled.jpg","contentUrl":"https:\/\/clinicatenisteknon.com\/wp-content\/uploads\/2023\/11\/SALA-RHB-scaled.jpg"},{"@type":"BreadcrumbList","@id":"https:\/\/clinicatenisteknon.com\/unidad-de-readaptacion-deportiva\/#breadcrumb","itemListElement":[{"@type":"ListItem","position":1,"name":"Portada","item":"https:\/\/clinicatenisteknon.com\/"},{"@type":"ListItem","position":2,"name":"Unidad de readaptaci\u00f3n deportiva"}]},{"@type":"WebSite","@id":"https:\/\/clinicatenisteknon.com\/#website","url":"https:\/\/clinicatenisteknon.com\/","name":"Cl\u00ednica Tenis Teknon","description":"Cl\u00ednica del tenis","publisher":{"@id":"https:\/\/clinicatenisteknon.com\/#organization"},"potentialAction":[{"@type":"SearchAction","target":{"@type":"EntryPoint","urlTemplate":"https:\/\/clinicatenisteknon.com\/?s={search_term_string}"},"query-input":{"@type":"PropertyValueSpecification","valueRequired":true,"valueName":"search_term_string"}}],"inLanguage":"en-US"},{"@type":"Organization","@id":"https:\/\/clinicatenisteknon.com\/#organization","name":"Cl\u00ednica Tenis Teknon","url":"https:\/\/clinicatenisteknon.com\/","logo":{"@type":"ImageObject","inLanguage":"en-US","@id":"https:\/\/clinicatenisteknon.com\/#\/schema\/logo\/image\/","url":"https:\/\/clinicatenisteknon.com\/wp-content\/uploads\/2023\/02\/QS-C-Cl-T-Teknon-Logo-Hz-Positiv-CMYK.jpg","contentUrl":"https:\/\/clinicatenisteknon.com\/wp-content\/uploads\/2023\/02\/QS-C-Cl-T-Teknon-Logo-Hz-Positiv-CMYK.jpg","width":1802,"height":449,"caption":"Cl\u00ednica Tenis Teknon"},"image":{"@id":"https:\/\/clinicatenisteknon.com\/#\/schema\/logo\/image\/"}}]}},"_links":{"self":[{"href":"https:\/\/clinicatenisteknon.com\/en\/wp-json\/wp\/v2\/pages\/555","targetHints":{"allow":["GET"]}}],"collection":[{"href":"https:\/\/clinicatenisteknon.com\/en\/wp-json\/wp\/v2\/pages"}],"about":[{"href":"https:\/\/clinicatenisteknon.com\/en\/wp-json\/wp\/v2\/types\/page"}],"author":[{"embeddable":true,"href":"https:\/\/clinicatenisteknon.com\/en\/wp-json\/wp\/v2\/users\/4"}],"replies":[{"embeddable":true,"href":"https:\/\/clinicatenisteknon.com\/en\/wp-json\/wp\/v2\/comments?post=555"}],"version-history":[{"count":43,"href":"https:\/\/clinicatenisteknon.com\/en\/wp-json\/wp\/v2\/pages\/555\/revisions"}],"predecessor-version":[{"id":3235,"href":"https:\/\/clinicatenisteknon.com\/en\/wp-json\/wp\/v2\/pages\/555\/revisions\/3235"}],"wp:attachment":[{"href":"https:\/\/clinicatenisteknon.com\/en\/wp-json\/wp\/v2\/media?parent=555"}],"curies":[{"name":"wp","href":"https:\/\/api.w.org\/{rel}","templated":true}]}}