{"id":2112,"date":"2024-01-29T11:36:23","date_gmt":"2024-01-29T10:36:23","guid":{"rendered":"https:\/\/clinicatenisteknon.com\/?post_type=product&#038;p=2112"},"modified":"2025-10-27T12:56:10","modified_gmt":"2025-10-27T11:56:10","slug":"curso-grabado-pie-y-tobillo","status":"publish","type":"product","link":"https:\/\/clinicatenisteknon.com\/en\/producto\/curso-grabado-pie-y-tobillo\/","title":{"rendered":"Curso Grabado Pie y Tobillo"},"content":{"rendered":"","protected":false},"excerpt":{"rendered":"<p>Accede a las grabaciones de los dos d\u00edas del Curso de manera virtual y a todo su contenido.<\/p>\n<p>Este contenido estar\u00e1 activo hasta el 23\/5\/2025, las 24 hs, y podr\u00e1s verlo en el horario que te resulte c\u00f3modo.<\/p>","protected":false},"featured_media":3264,"template":"","meta":{"generate_page_header":""},"product_brand":[],"product_cat":[69],"product_tag":[],"class_list":{"0":"post-2112","1":"product","2":"type-product","3":"status-publish","4":"has-post-thumbnail","6":"product_cat-sin-categorizar","8":"first","9":"instock","10":"taxable","11":"shipping-taxable","12":"purchasable","13":"product-type-simple"},"yoast_head":"<!-- This site is optimized with the Yoast SEO plugin v27.4 - https:\/\/yoast.com\/product\/yoast-seo-wordpress\/ -->\n<title>Curso Grabado Pie y Tobillo - Cl\u00ednica Tenis Teknon<\/title>\n<meta name=\"robots\" content=\"noindex, nofollow\" \/>\n<meta property=\"og:locale\" content=\"en_US\" \/>\n<meta property=\"og:type\" content=\"article\" \/>\n<meta property=\"og:title\" content=\"Curso Grabado Pie y Tobillo - Cl\u00ednica Tenis Teknon\" \/>\n<meta property=\"og:description\" content=\"Accede a las grabaciones de los dos d\u00edas del Curso de manera virtual y a todo su contenido.  Este contenido estar\u00e1 activo hasta el 23\/5\/2025, las 24 hs, y podr\u00e1s verlo en el horario que te resulte c\u00f3modo.\" \/>\n<meta property=\"og:url\" content=\"https:\/\/clinicatenisteknon.com\/en\/product-2\/curso-grabado-pie-y-tobillo\/\" \/>\n<meta property=\"og:site_name\" content=\"Cl\u00ednica Tenis Teknon\" \/>\n<meta property=\"article:modified_time\" content=\"2025-10-27T11:56:10+00:00\" \/>\n<meta property=\"og:image\" content=\"https:\/\/clinicatenisteknon.com\/wp-content\/uploads\/2024\/10\/PIE-Y-TOBILLO-EN-EL-TENIS-portada-1024x724.png\" \/>\n\t<meta property=\"og:image:width\" content=\"1024\" \/>\n\t<meta property=\"og:image:height\" content=\"724\" \/>\n\t<meta property=\"og:image:type\" content=\"image\/png\" \/>\n<meta name=\"twitter:card\" content=\"summary_large_image\" \/>\n<meta name=\"twitter:label1\" content=\"Est. reading time\" \/>\n\t<meta name=\"twitter:data1\" content=\"1 minute\" \/>\n<script type=\"application\/ld+json\" class=\"yoast-schema-graph\">{\"@context\":\"https:\\\/\\\/schema.org\",\"@graph\":[{\"@type\":\"WebPage\",\"@id\":\"https:\\\/\\\/clinicatenisteknon.com\\\/producto\\\/curso-grabado-pie-y-tobillo\\\/\",\"url\":\"https:\\\/\\\/clinicatenisteknon.com\\\/producto\\\/curso-grabado-pie-y-tobillo\\\/\",\"name\":\"Curso Grabado Pie y Tobillo - Cl\u00ednica Tenis Teknon\",\"isPartOf\":{\"@id\":\"https:\\\/\\\/clinicatenisteknon.com\\\/#website\"},\"primaryImageOfPage\":{\"@id\":\"https:\\\/\\\/clinicatenisteknon.com\\\/producto\\\/curso-grabado-pie-y-tobillo\\\/#primaryimage\"},\"image\":{\"@id\":\"https:\\\/\\\/clinicatenisteknon.com\\\/producto\\\/curso-grabado-pie-y-tobillo\\\/#primaryimage\"},\"thumbnailUrl\":\"https:\\\/\\\/clinicatenisteknon.com\\\/wp-content\\\/uploads\\\/2024\\\/10\\\/PIE-Y-TOBILLO-EN-EL-TENIS-portada.png\",\"datePublished\":\"2024-01-29T10:36:23+00:00\",\"dateModified\":\"2025-10-27T11:56:10+00:00\",\"breadcrumb\":{\"@id\":\"https:\\\/\\\/clinicatenisteknon.com\\\/producto\\\/curso-grabado-pie-y-tobillo\\\/#breadcrumb\"},\"inLanguage\":\"en-US\",\"potentialAction\":[{\"@type\":\"ReadAction\",\"target\":[\"https:\\\/\\\/clinicatenisteknon.com\\\/producto\\\/curso-grabado-pie-y-tobillo\\\/\"]}]},{\"@type\":\"ImageObject\",\"inLanguage\":\"en-US\",\"@id\":\"https:\\\/\\\/clinicatenisteknon.com\\\/producto\\\/curso-grabado-pie-y-tobillo\\\/#primaryimage\",\"url\":\"https:\\\/\\\/clinicatenisteknon.com\\\/wp-content\\\/uploads\\\/2024\\\/10\\\/PIE-Y-TOBILLO-EN-EL-TENIS-portada.png\",\"contentUrl\":\"https:\\\/\\\/clinicatenisteknon.com\\\/wp-content\\\/uploads\\\/2024\\\/10\\\/PIE-Y-TOBILLO-EN-EL-TENIS-portada.png\",\"width\":2245,\"height\":1587,\"caption\":\"Portada Curso Monogr\u00e1fico Pie y Tobillo en el Tenia dr. angel ruir cotorro\"},{\"@type\":\"BreadcrumbList\",\"@id\":\"https:\\\/\\\/clinicatenisteknon.com\\\/producto\\\/curso-grabado-pie-y-tobillo\\\/#breadcrumb\",\"itemListElement\":[{\"@type\":\"ListItem\",\"position\":1,\"name\":\"Portada\",\"item\":\"https:\\\/\\\/clinicatenisteknon.com\\\/\"},{\"@type\":\"ListItem\",\"position\":2,\"name\":\"Tienda\",\"item\":\"https:\\\/\\\/clinicatenisteknon.com\\\/tienda\\\/\"},{\"@type\":\"ListItem\",\"position\":3,\"name\":\"Curso Grabado Pie y Tobillo\"}]},{\"@type\":\"WebSite\",\"@id\":\"https:\\\/\\\/clinicatenisteknon.com\\\/#website\",\"url\":\"https:\\\/\\\/clinicatenisteknon.com\\\/\",\"name\":\"Cl\u00ednica Tenis Teknon\",\"description\":\"Cl\u00ednica del tenis \",\"publisher\":{\"@id\":\"https:\\\/\\\/clinicatenisteknon.com\\\/#organization\"},\"potentialAction\":[{\"@type\":\"SearchAction\",\"target\":{\"@type\":\"EntryPoint\",\"urlTemplate\":\"https:\\\/\\\/clinicatenisteknon.com\\\/?s={search_term_string}\"},\"query-input\":{\"@type\":\"PropertyValueSpecification\",\"valueRequired\":true,\"valueName\":\"search_term_string\"}}],\"inLanguage\":\"en-US\"},{\"@type\":\"Organization\",\"@id\":\"https:\\\/\\\/clinicatenisteknon.com\\\/#organization\",\"name\":\"Cl\u00ednica Tenis Teknon\",\"url\":\"https:\\\/\\\/clinicatenisteknon.com\\\/\",\"logo\":{\"@type\":\"ImageObject\",\"inLanguage\":\"en-US\",\"@id\":\"https:\\\/\\\/clinicatenisteknon.com\\\/#\\\/schema\\\/logo\\\/image\\\/\",\"url\":\"https:\\\/\\\/clinicatenisteknon.com\\\/wp-content\\\/uploads\\\/2023\\\/02\\\/QS-C-Cl-T-Teknon-Logo-Hz-Positiv-CMYK.jpg\",\"contentUrl\":\"https:\\\/\\\/clinicatenisteknon.com\\\/wp-content\\\/uploads\\\/2023\\\/02\\\/QS-C-Cl-T-Teknon-Logo-Hz-Positiv-CMYK.jpg\",\"width\":1802,\"height\":449,\"caption\":\"Cl\u00ednica Tenis Teknon\"},\"image\":{\"@id\":\"https:\\\/\\\/clinicatenisteknon.com\\\/#\\\/schema\\\/logo\\\/image\\\/\"}}]}<\/script>\n<!-- \/ Yoast SEO plugin. -->","yoast_head_json":{"title":"Curso Grabado Pie y Tobillo - Cl\u00ednica Tenis Teknon","robots":{"index":"noindex","follow":"nofollow"},"og_locale":"en_US","og_type":"article","og_title":"Curso Grabado Pie y Tobillo - Cl\u00ednica Tenis Teknon","og_description":"Accede a las grabaciones de los dos d\u00edas del Curso de manera virtual y a todo su contenido.  Este contenido estar\u00e1 activo hasta el 23\/5\/2025, las 24 hs, y podr\u00e1s verlo en el horario que te resulte c\u00f3modo.","og_url":"https:\/\/clinicatenisteknon.com\/en\/product-2\/curso-grabado-pie-y-tobillo\/","og_site_name":"Cl\u00ednica Tenis Teknon","article_modified_time":"2025-10-27T11:56:10+00:00","og_image":[{"width":1024,"height":724,"url":"https:\/\/clinicatenisteknon.com\/wp-content\/uploads\/2024\/10\/PIE-Y-TOBILLO-EN-EL-TENIS-portada-1024x724.png","type":"image\/png"}],"twitter_card":"summary_large_image","twitter_misc":{"Est. reading time":"1 minute"},"schema":{"@context":"https:\/\/schema.org","@graph":[{"@type":"WebPage","@id":"https:\/\/clinicatenisteknon.com\/producto\/curso-grabado-pie-y-tobillo\/","url":"https:\/\/clinicatenisteknon.com\/producto\/curso-grabado-pie-y-tobillo\/","name":"Curso Grabado Pie y Tobillo - Cl\u00ednica Tenis Teknon","isPartOf":{"@id":"https:\/\/clinicatenisteknon.com\/#website"},"primaryImageOfPage":{"@id":"https:\/\/clinicatenisteknon.com\/producto\/curso-grabado-pie-y-tobillo\/#primaryimage"},"image":{"@id":"https:\/\/clinicatenisteknon.com\/producto\/curso-grabado-pie-y-tobillo\/#primaryimage"},"thumbnailUrl":"https:\/\/clinicatenisteknon.com\/wp-content\/uploads\/2024\/10\/PIE-Y-TOBILLO-EN-EL-TENIS-portada.png","datePublished":"2024-01-29T10:36:23+00:00","dateModified":"2025-10-27T11:56:10+00:00","breadcrumb":{"@id":"https:\/\/clinicatenisteknon.com\/producto\/curso-grabado-pie-y-tobillo\/#breadcrumb"},"inLanguage":"en-US","potentialAction":[{"@type":"ReadAction","target":["https:\/\/clinicatenisteknon.com\/producto\/curso-grabado-pie-y-tobillo\/"]}]},{"@type":"ImageObject","inLanguage":"en-US","@id":"https:\/\/clinicatenisteknon.com\/producto\/curso-grabado-pie-y-tobillo\/#primaryimage","url":"https:\/\/clinicatenisteknon.com\/wp-content\/uploads\/2024\/10\/PIE-Y-TOBILLO-EN-EL-TENIS-portada.png","contentUrl":"https:\/\/clinicatenisteknon.com\/wp-content\/uploads\/2024\/10\/PIE-Y-TOBILLO-EN-EL-TENIS-portada.png","width":2245,"height":1587,"caption":"Portada Curso Monogr\u00e1fico Pie y Tobillo en el Tenia dr. angel ruir cotorro"},{"@type":"BreadcrumbList","@id":"https:\/\/clinicatenisteknon.com\/producto\/curso-grabado-pie-y-tobillo\/#breadcrumb","itemListElement":[{"@type":"ListItem","position":1,"name":"Portada","item":"https:\/\/clinicatenisteknon.com\/"},{"@type":"ListItem","position":2,"name":"Tienda","item":"https:\/\/clinicatenisteknon.com\/tienda\/"},{"@type":"ListItem","position":3,"name":"Curso Grabado Pie y Tobillo"}]},{"@type":"WebSite","@id":"https:\/\/clinicatenisteknon.com\/#website","url":"https:\/\/clinicatenisteknon.com\/","name":"Cl\u00ednica Tenis Teknon","description":"Cl\u00ednica del tenis","publisher":{"@id":"https:\/\/clinicatenisteknon.com\/#organization"},"potentialAction":[{"@type":"SearchAction","target":{"@type":"EntryPoint","urlTemplate":"https:\/\/clinicatenisteknon.com\/?s={search_term_string}"},"query-input":{"@type":"PropertyValueSpecification","valueRequired":true,"valueName":"search_term_string"}}],"inLanguage":"en-US"},{"@type":"Organization","@id":"https:\/\/clinicatenisteknon.com\/#organization","name":"Cl\u00ednica Tenis Teknon","url":"https:\/\/clinicatenisteknon.com\/","logo":{"@type":"ImageObject","inLanguage":"en-US","@id":"https:\/\/clinicatenisteknon.com\/#\/schema\/logo\/image\/","url":"https:\/\/clinicatenisteknon.com\/wp-content\/uploads\/2023\/02\/QS-C-Cl-T-Teknon-Logo-Hz-Positiv-CMYK.jpg","contentUrl":"https:\/\/clinicatenisteknon.com\/wp-content\/uploads\/2023\/02\/QS-C-Cl-T-Teknon-Logo-Hz-Positiv-CMYK.jpg","width":1802,"height":449,"caption":"Cl\u00ednica Tenis Teknon"},"image":{"@id":"https:\/\/clinicatenisteknon.com\/#\/schema\/logo\/image\/"}}]}},"_links":{"self":[{"href":"https:\/\/clinicatenisteknon.com\/en\/wp-json\/wp\/v2\/product\/2112","targetHints":{"allow":["GET"]}}],"collection":[{"href":"https:\/\/clinicatenisteknon.com\/en\/wp-json\/wp\/v2\/product"}],"about":[{"href":"https:\/\/clinicatenisteknon.com\/en\/wp-json\/wp\/v2\/types\/product"}],"version-history":[{"count":6,"href":"https:\/\/clinicatenisteknon.com\/en\/wp-json\/wp\/v2\/product\/2112\/revisions"}],"predecessor-version":[{"id":3449,"href":"https:\/\/clinicatenisteknon.com\/en\/wp-json\/wp\/v2\/product\/2112\/revisions\/3449"}],"wp:featuredmedia":[{"embeddable":true,"href":"https:\/\/clinicatenisteknon.com\/en\/wp-json\/wp\/v2\/media\/3264"}],"wp:attachment":[{"href":"https:\/\/clinicatenisteknon.com\/en\/wp-json\/wp\/v2\/media?parent=2112"}],"wp:term":[{"taxonomy":"product_brand","embeddable":true,"href":"https:\/\/clinicatenisteknon.com\/en\/wp-json\/wp\/v2\/product_brand?post=2112"},{"taxonomy":"product_cat","embeddable":true,"href":"https:\/\/clinicatenisteknon.com\/en\/wp-json\/wp\/v2\/product_cat?post=2112"},{"taxonomy":"product_tag","embeddable":true,"href":"https:\/\/clinicatenisteknon.com\/en\/wp-json\/wp\/v2\/product_tag?post=2112"}],"curies":[{"name":"wp","href":"https:\/\/api.w.org\/{rel}","templated":true}]}}