{"id":1170,"date":"2023-06-13T13:12:43","date_gmt":"2023-06-13T11:12:43","guid":{"rendered":"https:\/\/clinicatenisteknon.com\/?page_id=1170"},"modified":"2023-09-20T12:25:18","modified_gmt":"2023-09-20T10:25:18","slug":"terapia-regenerativa","status":"publish","type":"page","link":"https:\/\/clinicatenisteknon.com\/es_es\/terapia-regenerativa\/","title":{"rendered":"Terapia Regenerativa"},"content":{"rendered":"\t\t<div data-elementor-type=\"wp-page\" data-elementor-id=\"1170\" class=\"elementor elementor-1170\" data-elementor-post-type=\"page\">\n\t\t\t\t\t\t<section class=\"elementor-section elementor-top-section elementor-element elementor-element-85211c2 elementor-section-boxed elementor-section-height-default elementor-section-height-default\" data-id=\"85211c2\" data-element_type=\"section\" data-e-type=\"section\">\n\t\t\t\t\t\t<div class=\"elementor-container elementor-column-gap-default\">\n\t\t\t\t\t<div class=\"elementor-column elementor-col-100 elementor-top-column elementor-element elementor-element-0718a70\" data-id=\"0718a70\" data-element_type=\"column\" data-e-type=\"column\">\n\t\t\t<div class=\"elementor-widget-wrap elementor-element-populated\">\n\t\t\t\t\t\t<div class=\"elementor-element elementor-element-6a5f25b elementor-widget elementor-widget-heading\" data-id=\"6a5f25b\" data-element_type=\"widget\" data-e-type=\"widget\" data-widget_type=\"heading.default\">\n\t\t\t\t<div class=\"elementor-widget-container\">\n\t\t\t\t\t<h2 class=\"elementor-heading-title elementor-size-default\">Terapia Regenerativa<\/h2>\t\t\t\t<\/div>\n\t\t\t\t<\/div>\n\t\t\t\t<div class=\"elementor-element elementor-element-d93cf5d elementor-widget-divider--view-line elementor-widget elementor-widget-divider\" data-id=\"d93cf5d\" data-element_type=\"widget\" data-e-type=\"widget\" data-widget_type=\"divider.default\">\n\t\t\t\t<div class=\"elementor-widget-container\">\n\t\t\t\t\t\t\t<div class=\"elementor-divider\">\n\t\t\t<span class=\"elementor-divider-separator\">\n\t\t\t\t\t\t<\/span>\n\t\t<\/div>\n\t\t\t\t\t\t<\/div>\n\t\t\t\t<\/div>\n\t\t\t\t<div class=\"elementor-element elementor-element-8a742c8 elementor-widget elementor-widget-text-editor\" data-id=\"8a742c8\" data-element_type=\"widget\" data-e-type=\"widget\" data-widget_type=\"text-editor.default\">\n\t\t\t\t<div class=\"elementor-widget-container\">\n\t\t\t\t\t\t\t\t\t<p>La medicina regenerativa es un campo interdisciplinario que se enfoca en restaurar la estructura y funci\u00f3n de las c\u00e9lulas, \u00f3rganos y tejidos da\u00f1ados o enfermos, confiando en el proceso de curaci\u00f3n natural del cuerpo en lugar de la cirug\u00eda o la medicaci\u00f3n.\u00a0Su objetivo es tratar la causa ra\u00edz de una enfermedad reparando o regenerando las c\u00e9lulas da\u00f1adas, mientras que la medicina tradicional trata los s\u00edntomas.<br \/><br \/>Los productos de la medicina regenerativa incluyen la generaci\u00f3n y el uso de c\u00e9lulas madre terap\u00e9uticas y la ingenier\u00eda de tejidos, como las c\u00e9lulas madre mesenquimales (MSC) y el plasma rico en plaquetas (PRP).<\/p>\t\t\t\t\t\t\t\t<\/div>\n\t\t\t\t<\/div>\n\t\t\t\t\t<\/div>\n\t\t<\/div>\n\t\t\t\t\t<\/div>\n\t\t<\/section>\n\t\t\t\t<section class=\"elementor-section elementor-top-section elementor-element elementor-element-b92debf elementor-section-boxed elementor-section-height-default elementor-section-height-default\" data-id=\"b92debf\" data-element_type=\"section\" data-e-type=\"section\">\n\t\t\t\t\t\t<div class=\"elementor-container elementor-column-gap-default\">\n\t\t\t\t\t<div class=\"elementor-column elementor-col-100 elementor-top-column elementor-element elementor-element-c9197b6\" data-id=\"c9197b6\" data-element_type=\"column\" data-e-type=\"column\">\n\t\t\t<div class=\"elementor-widget-wrap elementor-element-populated\">\n\t\t\t\t\t\t<div class=\"elementor-element elementor-element-641c99d elementor-widget elementor-widget-heading\" data-id=\"641c99d\" data-element_type=\"widget\" data-e-type=\"widget\" data-widget_type=\"heading.default\">\n\t\t\t\t<div class=\"elementor-widget-container\">\n\t\t\t\t\t<h3 class=\"elementor-heading-title elementor-size-default\">Terapia con c\u00e9lulas madre mesenquimales cultivadas<\/h3>\t\t\t\t<\/div>\n\t\t\t\t<\/div>\n\t\t\t\t<div class=\"elementor-element elementor-element-d79267e elementor-widget-divider--view-line elementor-widget elementor-widget-divider\" data-id=\"d79267e\" data-element_type=\"widget\" data-e-type=\"widget\" data-widget_type=\"divider.default\">\n\t\t\t\t<div class=\"elementor-widget-container\">\n\t\t\t\t\t\t\t<div class=\"elementor-divider\">\n\t\t\t<span class=\"elementor-divider-separator\">\n\t\t\t\t\t\t<\/span>\n\t\t<\/div>\n\t\t\t\t\t\t<\/div>\n\t\t\t\t<\/div>\n\t\t\t\t<div class=\"elementor-element elementor-element-53e10b0 elementor-widget elementor-widget-text-editor\" data-id=\"53e10b0\" data-element_type=\"widget\" data-e-type=\"widget\" data-widget_type=\"text-editor.default\">\n\t\t\t\t<div class=\"elementor-widget-container\">\n\t\t\t\t\t\t\t\t\t<h4 class=\"heading-24\"><strong><em>El procedimiento<\/em><\/strong><\/h4><p class=\"summary-service-italics\">La terapia MSC cultivada es un procedimiento de tres partes:<\/p><ol class=\"list-75\" role=\"list\"><li class=\"list-item-2\"><strong><em>Extracci\u00f3n de m\u00e9dula \u00f3sea<\/em><\/strong>\u00a0: la m\u00e9dula \u00f3sea del paciente se obtiene por aspiraci\u00f3n del hueso p\u00e9lvico (a trav\u00e9s de la nalga).\u00a0Se aspiran aproximadamente 100 cc de m\u00e9dula \u00f3sea.\u00a0El proceso se realiza de forma ambulatoria, en quir\u00f3fano con sedaci\u00f3n y anestesia local, durando todo el procedimiento aproximadamente una hora.\u00a0Se recomienda reposo relativo durante uno o dos d\u00edas despu\u00e9s.<\/li><li class=\"list-item-2\"><strong><em>Cultivo<\/em><\/strong>\u00a0&#8211; La m\u00e9dula \u00f3sea se env\u00eda para su procesamiento en el laboratorio de cultivo celular del Instituto de Biolog\u00eda y Gen\u00e9tica Molecular de la Universidad de Valladolid, Espa\u00f1a.\u00a0Se procesa durante tres semanas para aislar las c\u00e9lulas progenitoras con capacidad regenerativa.\u00a0Esto da como resultado cuarenta millones de c\u00e9lulas madre ricas en potencial regenerativo.<\/li><li class=\"list-item-2\"><strong><em>Inyecci\u00f3n<\/em><\/strong>\u00a0: el producto resultante se inyecta en el \u00e1rea da\u00f1ada para la regeneraci\u00f3n y el alivio de los s\u00edntomas.\u00a0Esto tambi\u00e9n se realiza de forma ambulatoria en un quir\u00f3fano y el paciente es dado de alta inmediatamente despu\u00e9s del procedimiento.\u00a0Se recomienda un reposo relativo de unos d\u00edas seguido de una rehabilitaci\u00f3n espec\u00edfica adaptada a cada caso concreto.<\/li><\/ol>\t\t\t\t\t\t\t\t<\/div>\n\t\t\t\t<\/div>\n\t\t\t\t<div class=\"elementor-element elementor-element-68d0248 elementor-widget elementor-widget-text-editor\" data-id=\"68d0248\" data-element_type=\"widget\" data-e-type=\"widget\" data-widget_type=\"text-editor.default\">\n\t\t\t\t<div class=\"elementor-widget-container\">\n\t\t\t\t\t\t\t\t\t<h4 class=\"heading-25\"><em><strong>Regulaci\u00f3n de c\u00e9lulas madre<\/strong><\/em><\/h4><div><ul><li class=\"list-item-2\">La investigaci\u00f3n m\u00e9dica sobre c\u00e9lulas madre a\u00fan se encuentra en etapas tempranas y falta una regulaci\u00f3n global armonizada.\u00a0Como resultado, muchas cl\u00ednicas en todo el mundo ofrecen terapias con c\u00e9lulas madre no reguladas que no est\u00e1n probadas y no forman parte de ning\u00fan ensayo cl\u00ednico.\u00a0Por lo tanto, es importante comprender la legislaci\u00f3n y la naturaleza del m\u00e9todo propuesto antes de optar por uno.<\/li><li class=\"list-item-2\">Seg\u00fan la normativa de las Autoridades Sanitarias Europeas (EMAA) y la Agencia Espa\u00f1ola de Productos M\u00e9dicos y Sanitarios (AEMPS), la pr\u00e1ctica de la terapia celular debe realizarse en el \u00e1mbito de los ensayos cl\u00ednicos de acuerdo con las leyes claras que regulan su pr\u00e1ctica.<\/li><li class=\"list-item-2\">La terapia con C\u00e9lulas Madre Mesenquimales Cultivadas practicada por nuestro equipo m\u00e9dico se realiza dentro del estricto cumplimiento del marco regulatorio de la EMAA y la AEMPS y todos los pacientes est\u00e1n incluidos en un ensayo cl\u00ednico supervisado por el Comit\u00e9 \u00c9tico de Investigaci\u00f3n Cl\u00ednica y la EMAA.<\/li><\/ul><\/div>\t\t\t\t\t\t\t\t<\/div>\n\t\t\t\t<\/div>\n\t\t\t\t\t<\/div>\n\t\t<\/div>\n\t\t\t\t\t<\/div>\n\t\t<\/section>\n\t\t\t\t<section class=\"elementor-section elementor-top-section elementor-element elementor-element-ca377f8 elementor-section-boxed elementor-section-height-default elementor-section-height-default\" data-id=\"ca377f8\" data-element_type=\"section\" data-e-type=\"section\">\n\t\t\t\t\t\t<div class=\"elementor-container elementor-column-gap-default\">\n\t\t\t\t\t<div class=\"elementor-column elementor-col-100 elementor-top-column elementor-element elementor-element-01b73e3\" data-id=\"01b73e3\" data-element_type=\"column\" data-e-type=\"column\">\n\t\t\t<div class=\"elementor-widget-wrap elementor-element-populated\">\n\t\t\t\t\t\t<div class=\"elementor-element elementor-element-8460827 elementor-widget elementor-widget-heading\" data-id=\"8460827\" data-element_type=\"widget\" data-e-type=\"widget\" data-widget_type=\"heading.default\">\n\t\t\t\t<div class=\"elementor-widget-container\">\n\t\t\t\t\t<h3 class=\"elementor-heading-title elementor-size-default\">Plasma Rico en Plaquetas - PRP<\/h3>\t\t\t\t<\/div>\n\t\t\t\t<\/div>\n\t\t\t\t<div class=\"elementor-element elementor-element-0e909a5 elementor-widget-divider--view-line elementor-widget elementor-widget-divider\" data-id=\"0e909a5\" data-element_type=\"widget\" data-e-type=\"widget\" data-widget_type=\"divider.default\">\n\t\t\t\t<div class=\"elementor-widget-container\">\n\t\t\t\t\t\t\t<div class=\"elementor-divider\">\n\t\t\t<span class=\"elementor-divider-separator\">\n\t\t\t\t\t\t<\/span>\n\t\t<\/div>\n\t\t\t\t\t\t<\/div>\n\t\t\t\t<\/div>\n\t\t\t\t<div class=\"elementor-element elementor-element-d085c07 elementor-widget elementor-widget-text-editor\" data-id=\"d085c07\" data-element_type=\"widget\" data-e-type=\"widget\" data-widget_type=\"text-editor.default\">\n\t\t\t\t<div class=\"elementor-widget-container\">\n\t\t\t\t\t\t\t\t\t<p><span>El plasma rico en plaquetas (PRP) promueve la reparaci\u00f3n de tejidos mediante el uso de plaquetas del propio paciente en las \u00e1reas da\u00f1adas para acelerar la curaci\u00f3n de tendones, ligamentos, m\u00fasculos y articulaciones lesionados.<\/span><br \/><br \/><span>El plasma es la porci\u00f3n l\u00edquida de la sangre y act\u00faa como un medio para que los gl\u00f3bulos rojos, los gl\u00f3bulos blancos y las plaquetas circulen por todo el cuerpo.\u00a0La funci\u00f3n principal de las plaquetas es la coagulaci\u00f3n de la sangre, sin embargo, tambi\u00e9n contienen prote\u00ednas, conocidas como factores de crecimiento, que son importantes en la curaci\u00f3n de lesiones.<\/span><br \/><br \/><span>El PRP es un plasma con una mayor concentraci\u00f3n de plaquetas, de cinco a diez veces mayor que la t\u00edpica en sangre, otorg\u00e1ndole una mayor cantidad de factores de crecimiento.<\/span><\/p><h4 class=\"heading-24\"><strong><em>El procedimiento<\/em><\/strong><\/h4><ul class=\"list-77\" role=\"list\"><li class=\"list-item-2\"><span>Las inyecciones de PRP se preparan extrayendo sangre del paciente y pas\u00e1ndola por una centr\u00edfuga para separar los componentes y concentrar las plaquetas.\u00a0Estas plaquetas \u00abactivadas\u00bb luego se inyectan directamente en el tejido corporal lesionado del paciente.<\/span><\/li><li class=\"list-item-2\"><span>El producto resultante se inyecta en el \u00e1rea lesionada usando anestesia local.\u00a0A veces se utiliza una imagen de ultrasonido para guiar la inyecci\u00f3n.<\/span><\/li><\/ul>\t\t\t\t\t\t\t\t<\/div>\n\t\t\t\t<\/div>\n\t\t\t\t\t<\/div>\n\t\t<\/div>\n\t\t\t\t\t<\/div>\n\t\t<\/section>\n\t\t\t\t<section class=\"elementor-section elementor-top-section elementor-element elementor-element-f5bbde8 elementor-section-boxed elementor-section-height-default elementor-section-height-default\" data-id=\"f5bbde8\" data-element_type=\"section\" data-e-type=\"section\">\n\t\t\t\t\t\t<div class=\"elementor-container elementor-column-gap-default\">\n\t\t\t\t\t<div class=\"elementor-column elementor-col-100 elementor-top-column elementor-element elementor-element-04dfae7\" data-id=\"04dfae7\" data-element_type=\"column\" data-e-type=\"column\">\n\t\t\t<div class=\"elementor-widget-wrap elementor-element-populated\">\n\t\t\t\t\t\t<div class=\"elementor-element elementor-element-1d8e1bd elementor-widget elementor-widget-heading\" data-id=\"1d8e1bd\" data-element_type=\"widget\" data-e-type=\"widget\" data-widget_type=\"heading.default\">\n\t\t\t\t<div class=\"elementor-widget-container\">\n\t\t\t\t\t<h3 class=\"elementor-heading-title elementor-size-default\">Tratamiento de c\u00e9lulas de matriz<\/h3>\t\t\t\t<\/div>\n\t\t\t\t<\/div>\n\t\t\t\t<div class=\"elementor-element elementor-element-b74fe75 elementor-widget-divider--view-line elementor-widget elementor-widget-divider\" data-id=\"b74fe75\" data-element_type=\"widget\" data-e-type=\"widget\" data-widget_type=\"divider.default\">\n\t\t\t\t<div class=\"elementor-widget-container\">\n\t\t\t\t\t\t\t<div class=\"elementor-divider\">\n\t\t\t<span class=\"elementor-divider-separator\">\n\t\t\t\t\t\t<\/span>\n\t\t<\/div>\n\t\t\t\t\t\t<\/div>\n\t\t\t\t<\/div>\n\t\t\t\t<div class=\"elementor-element elementor-element-c605ead elementor-widget elementor-widget-text-editor\" data-id=\"c605ead\" data-element_type=\"widget\" data-e-type=\"widget\" data-widget_type=\"text-editor.default\">\n\t\t\t\t<div class=\"elementor-widget-container\">\n\t\t\t\t\t\t\t\t\t<p><span>Este tratamiento intraarticular combina Plasma Rico en Plaquetas (PRP) con \u00c1cido Hialur\u00f3nico (HA).<\/span><br \/><span>El \u00e1cido hialur\u00f3nico es una sustancia natural en su cuerpo y un componente clave en el l\u00edquido sinovial de una articulaci\u00f3n.\u00a0Ayuda a recubrir el cart\u00edlago y act\u00faa como lubricante y amortiguador en la articulaci\u00f3n.<\/span><br \/><br \/><span>PRP junto con HA es una terapia con beneficios antiinflamatorios mejorados y este tratamiento puede proporcionar beneficios antiinflamatorios mejorados que alivian el dolor y la rigidez articular al actuar como lubricante en las articulaciones donde el l\u00edquido sinovial normal se ha adelgazado.<\/span><\/p><h4 class=\"heading-24\"><strong><em>El procedimiento<\/em><\/strong><\/h4><ul class=\"list-77\" role=\"list\"><li class=\"list-item-2\"><span><span>El procedimiento se realiza de forma ambulatoria, donde la sustancia se inyecta directamente en la articulaci\u00f3n.\u00a0<\/span><span>Se recomienda reposo relativo durante uno o dos d\u00edas despu\u00e9s.<\/span><\/span><\/li><\/ul>\t\t\t\t\t\t\t\t<\/div>\n\t\t\t\t<\/div>\n\t\t\t\t\t<\/div>\n\t\t<\/div>\n\t\t\t\t\t<\/div>\n\t\t<\/section>\n\t\t\t\t<\/div>\n\t\t","protected":false},"excerpt":{"rendered":"<p>Terapia Regenerativa La medicina regenerativa es un campo interdisciplinario que se enfoca en restaurar la estructura y funci\u00f3n de las c\u00e9lulas, \u00f3rganos y tejidos da\u00f1ados o enfermos, confiando en el &#8230; <a title=\"Terapia Regenerativa\" class=\"read-more\" href=\"https:\/\/clinicatenisteknon.com\/es_es\/terapia-regenerativa\/\" aria-label=\"Leer m\u00e1s sobre Terapia Regenerativa\">Leer m\u00e1s<\/a><\/p>\n","protected":false},"author":4,"featured_media":0,"parent":0,"menu_order":0,"comment_status":"closed","ping_status":"closed","template":"","meta":{"generate_page_header":"","footnotes":""},"class_list":["post-1170","page","type-page","status-publish"],"yoast_head":"<!-- This site is optimized with the Yoast SEO plugin v27.5 - https:\/\/yoast.com\/product\/yoast-seo-wordpress\/ -->\n<title>Terapia Regenerativa - Cl\u00ednica Tenis Teknon<\/title>\n<meta name=\"robots\" content=\"index, follow, max-snippet:-1, max-image-preview:large, max-video-preview:-1\" \/>\n<link rel=\"canonical\" href=\"https:\/\/clinicatenisteknon.com\/es_es\/terapia-regenerativa\/\" \/>\n<meta property=\"og:locale\" content=\"es_ES\" \/>\n<meta property=\"og:type\" content=\"article\" \/>\n<meta property=\"og:title\" content=\"Terapia Regenerativa - Cl\u00ednica Tenis Teknon\" \/>\n<meta property=\"og:description\" content=\"Terapia Regenerativa La medicina regenerativa es un campo interdisciplinario que se enfoca en restaurar la estructura y funci\u00f3n de las c\u00e9lulas, \u00f3rganos y tejidos da\u00f1ados o enfermos, confiando en el ... Leer m\u00e1s\" \/>\n<meta property=\"og:url\" content=\"https:\/\/clinicatenisteknon.com\/es_es\/terapia-regenerativa\/\" \/>\n<meta property=\"og:site_name\" content=\"Cl\u00ednica Tenis Teknon\" \/>\n<meta property=\"article:modified_time\" content=\"2023-09-20T10:25:18+00:00\" \/>\n<meta name=\"twitter:card\" content=\"summary_large_image\" \/>\n<meta name=\"twitter:label1\" content=\"Tiempo de lectura\" \/>\n\t<meta name=\"twitter:data1\" content=\"4 minutos\" \/>\n<script type=\"application\/ld+json\" class=\"yoast-schema-graph\">{\"@context\":\"https:\\\/\\\/schema.org\",\"@graph\":[{\"@type\":\"WebPage\",\"@id\":\"https:\\\/\\\/clinicatenisteknon.com\\\/terapia-regenerativa\\\/\",\"url\":\"https:\\\/\\\/clinicatenisteknon.com\\\/terapia-regenerativa\\\/\",\"name\":\"Terapia Regenerativa - Cl\u00ednica Tenis Teknon\",\"isPartOf\":{\"@id\":\"https:\\\/\\\/clinicatenisteknon.com\\\/#website\"},\"datePublished\":\"2023-06-13T11:12:43+00:00\",\"dateModified\":\"2023-09-20T10:25:18+00:00\",\"breadcrumb\":{\"@id\":\"https:\\\/\\\/clinicatenisteknon.com\\\/terapia-regenerativa\\\/#breadcrumb\"},\"inLanguage\":\"es\",\"potentialAction\":[{\"@type\":\"ReadAction\",\"target\":[\"https:\\\/\\\/clinicatenisteknon.com\\\/terapia-regenerativa\\\/\"]}]},{\"@type\":\"BreadcrumbList\",\"@id\":\"https:\\\/\\\/clinicatenisteknon.com\\\/terapia-regenerativa\\\/#breadcrumb\",\"itemListElement\":[{\"@type\":\"ListItem\",\"position\":1,\"name\":\"Portada\",\"item\":\"https:\\\/\\\/clinicatenisteknon.com\\\/\"},{\"@type\":\"ListItem\",\"position\":2,\"name\":\"Terapia Regenerativa\"}]},{\"@type\":\"WebSite\",\"@id\":\"https:\\\/\\\/clinicatenisteknon.com\\\/#website\",\"url\":\"https:\\\/\\\/clinicatenisteknon.com\\\/\",\"name\":\"Cl\u00ednica Tenis Teknon\",\"description\":\"Cl\u00ednica del tenis \",\"publisher\":{\"@id\":\"https:\\\/\\\/clinicatenisteknon.com\\\/#organization\"},\"potentialAction\":[{\"@type\":\"SearchAction\",\"target\":{\"@type\":\"EntryPoint\",\"urlTemplate\":\"https:\\\/\\\/clinicatenisteknon.com\\\/?s={search_term_string}\"},\"query-input\":{\"@type\":\"PropertyValueSpecification\",\"valueRequired\":true,\"valueName\":\"search_term_string\"}}],\"inLanguage\":\"es\"},{\"@type\":\"Organization\",\"@id\":\"https:\\\/\\\/clinicatenisteknon.com\\\/#organization\",\"name\":\"Cl\u00ednica Tenis Teknon\",\"url\":\"https:\\\/\\\/clinicatenisteknon.com\\\/\",\"logo\":{\"@type\":\"ImageObject\",\"inLanguage\":\"es\",\"@id\":\"https:\\\/\\\/clinicatenisteknon.com\\\/#\\\/schema\\\/logo\\\/image\\\/\",\"url\":\"https:\\\/\\\/clinicatenisteknon.com\\\/wp-content\\\/uploads\\\/2023\\\/02\\\/QS-C-Cl-T-Teknon-Logo-Hz-Positiv-CMYK.jpg\",\"contentUrl\":\"https:\\\/\\\/clinicatenisteknon.com\\\/wp-content\\\/uploads\\\/2023\\\/02\\\/QS-C-Cl-T-Teknon-Logo-Hz-Positiv-CMYK.jpg\",\"width\":1802,\"height\":449,\"caption\":\"Cl\u00ednica Tenis Teknon\"},\"image\":{\"@id\":\"https:\\\/\\\/clinicatenisteknon.com\\\/#\\\/schema\\\/logo\\\/image\\\/\"}}]}<\/script>\n<!-- \/ Yoast SEO plugin. -->","yoast_head_json":{"title":"Terapia Regenerativa - Cl\u00ednica Tenis Teknon","robots":{"index":"index","follow":"follow","max-snippet":"max-snippet:-1","max-image-preview":"max-image-preview:large","max-video-preview":"max-video-preview:-1"},"canonical":"https:\/\/clinicatenisteknon.com\/es_es\/terapia-regenerativa\/","og_locale":"es_ES","og_type":"article","og_title":"Terapia Regenerativa - Cl\u00ednica Tenis Teknon","og_description":"Terapia Regenerativa La medicina regenerativa es un campo interdisciplinario que se enfoca en restaurar la estructura y funci\u00f3n de las c\u00e9lulas, \u00f3rganos y tejidos da\u00f1ados o enfermos, confiando en el ... Leer m\u00e1s","og_url":"https:\/\/clinicatenisteknon.com\/es_es\/terapia-regenerativa\/","og_site_name":"Cl\u00ednica Tenis Teknon","article_modified_time":"2023-09-20T10:25:18+00:00","twitter_card":"summary_large_image","twitter_misc":{"Tiempo de lectura":"4 minutos"},"schema":{"@context":"https:\/\/schema.org","@graph":[{"@type":"WebPage","@id":"https:\/\/clinicatenisteknon.com\/terapia-regenerativa\/","url":"https:\/\/clinicatenisteknon.com\/terapia-regenerativa\/","name":"Terapia Regenerativa - Cl\u00ednica Tenis Teknon","isPartOf":{"@id":"https:\/\/clinicatenisteknon.com\/#website"},"datePublished":"2023-06-13T11:12:43+00:00","dateModified":"2023-09-20T10:25:18+00:00","breadcrumb":{"@id":"https:\/\/clinicatenisteknon.com\/terapia-regenerativa\/#breadcrumb"},"inLanguage":"es","potentialAction":[{"@type":"ReadAction","target":["https:\/\/clinicatenisteknon.com\/terapia-regenerativa\/"]}]},{"@type":"BreadcrumbList","@id":"https:\/\/clinicatenisteknon.com\/terapia-regenerativa\/#breadcrumb","itemListElement":[{"@type":"ListItem","position":1,"name":"Portada","item":"https:\/\/clinicatenisteknon.com\/"},{"@type":"ListItem","position":2,"name":"Terapia Regenerativa"}]},{"@type":"WebSite","@id":"https:\/\/clinicatenisteknon.com\/#website","url":"https:\/\/clinicatenisteknon.com\/","name":"Cl\u00ednica Tenis Teknon","description":"Cl\u00ednica del tenis ","publisher":{"@id":"https:\/\/clinicatenisteknon.com\/#organization"},"potentialAction":[{"@type":"SearchAction","target":{"@type":"EntryPoint","urlTemplate":"https:\/\/clinicatenisteknon.com\/?s={search_term_string}"},"query-input":{"@type":"PropertyValueSpecification","valueRequired":true,"valueName":"search_term_string"}}],"inLanguage":"es"},{"@type":"Organization","@id":"https:\/\/clinicatenisteknon.com\/#organization","name":"Cl\u00ednica Tenis Teknon","url":"https:\/\/clinicatenisteknon.com\/","logo":{"@type":"ImageObject","inLanguage":"es","@id":"https:\/\/clinicatenisteknon.com\/#\/schema\/logo\/image\/","url":"https:\/\/clinicatenisteknon.com\/wp-content\/uploads\/2023\/02\/QS-C-Cl-T-Teknon-Logo-Hz-Positiv-CMYK.jpg","contentUrl":"https:\/\/clinicatenisteknon.com\/wp-content\/uploads\/2023\/02\/QS-C-Cl-T-Teknon-Logo-Hz-Positiv-CMYK.jpg","width":1802,"height":449,"caption":"Cl\u00ednica Tenis Teknon"},"image":{"@id":"https:\/\/clinicatenisteknon.com\/#\/schema\/logo\/image\/"}}]}},"_links":{"self":[{"href":"https:\/\/clinicatenisteknon.com\/es_es\/wp-json\/wp\/v2\/pages\/1170","targetHints":{"allow":["GET"]}}],"collection":[{"href":"https:\/\/clinicatenisteknon.com\/es_es\/wp-json\/wp\/v2\/pages"}],"about":[{"href":"https:\/\/clinicatenisteknon.com\/es_es\/wp-json\/wp\/v2\/types\/page"}],"author":[{"embeddable":true,"href":"https:\/\/clinicatenisteknon.com\/es_es\/wp-json\/wp\/v2\/users\/4"}],"replies":[{"embeddable":true,"href":"https:\/\/clinicatenisteknon.com\/es_es\/wp-json\/wp\/v2\/comments?post=1170"}],"version-history":[{"count":16,"href":"https:\/\/clinicatenisteknon.com\/es_es\/wp-json\/wp\/v2\/pages\/1170\/revisions"}],"predecessor-version":[{"id":1690,"href":"https:\/\/clinicatenisteknon.com\/es_es\/wp-json\/wp\/v2\/pages\/1170\/revisions\/1690"}],"wp:attachment":[{"href":"https:\/\/clinicatenisteknon.com\/es_es\/wp-json\/wp\/v2\/media?parent=1170"}],"curies":[{"name":"wp","href":"https:\/\/api.w.org\/{rel}","templated":true}]}}