{"id":1418,"date":"2023-08-08T11:24:05","date_gmt":"2023-08-08T09:24:05","guid":{"rendered":"https:\/\/clinicatenisteknon.com\/?page_id=1418"},"modified":"2023-08-08T13:50:48","modified_gmt":"2023-08-08T11:50:48","slug":"cadera","status":"publish","type":"page","link":"https:\/\/clinicatenisteknon.com\/es_es\/tratamientos\/cadera\/","title":{"rendered":"Cadera"},"content":{"rendered":"\t\t<div data-elementor-type=\"wp-page\" data-elementor-id=\"1418\" class=\"elementor elementor-1418\" data-elementor-post-type=\"page\">\n\t\t\t\t\t\t<section class=\"elementor-section elementor-top-section elementor-element elementor-element-63f39873 elementor-section-stretched elementor-section-boxed elementor-section-height-default elementor-section-height-default\" data-id=\"63f39873\" data-element_type=\"section\" data-e-type=\"section\" data-settings=\"{&quot;stretch_section&quot;:&quot;section-stretched&quot;}\">\n\t\t\t\t\t\t<div class=\"elementor-container elementor-column-gap-default\">\n\t\t\t\t\t<div class=\"elementor-column elementor-col-50 elementor-top-column elementor-element elementor-element-250585b5\" data-id=\"250585b5\" data-element_type=\"column\" data-e-type=\"column\">\n\t\t\t<div class=\"elementor-widget-wrap elementor-element-populated\">\n\t\t\t\t\t\t<div class=\"elementor-element elementor-element-42733c27 elementor-widget elementor-widget-image\" data-id=\"42733c27\" data-element_type=\"widget\" data-e-type=\"widget\" data-widget_type=\"image.default\">\n\t\t\t\t<div class=\"elementor-widget-container\">\n\t\t\t\t\t\t\t\t\t\t\t\t\t\t\t<img fetchpriority=\"high\" decoding=\"async\" width=\"1024\" height=\"646\" src=\"https:\/\/clinicatenisteknon.com\/wp-content\/uploads\/2023\/07\/CADERA-1024x646.jpg\" class=\"attachment-large size-large wp-image-1359\" alt=\"\" srcset=\"https:\/\/clinicatenisteknon.com\/wp-content\/uploads\/2023\/07\/CADERA-1024x646.jpg 1024w, https:\/\/clinicatenisteknon.com\/wp-content\/uploads\/2023\/07\/CADERA-scaled-600x379.jpg 600w, https:\/\/clinicatenisteknon.com\/wp-content\/uploads\/2023\/07\/CADERA-300x189.jpg 300w, https:\/\/clinicatenisteknon.com\/wp-content\/uploads\/2023\/07\/CADERA-768x484.jpg 768w, https:\/\/clinicatenisteknon.com\/wp-content\/uploads\/2023\/07\/CADERA-1536x969.jpg 1536w, https:\/\/clinicatenisteknon.com\/wp-content\/uploads\/2023\/07\/CADERA-2048x1292.jpg 2048w, https:\/\/clinicatenisteknon.com\/wp-content\/uploads\/2023\/07\/CADERA-18x12.jpg 18w\" sizes=\"(max-width: 1024px) 100vw, 1024px\" \/>\t\t\t\t\t\t\t\t\t\t\t\t\t\t\t<\/div>\n\t\t\t\t<\/div>\n\t\t\t\t\t<\/div>\n\t\t<\/div>\n\t\t\t\t<div class=\"elementor-column elementor-col-50 elementor-top-column elementor-element elementor-element-66c57f8f elementor-invisible\" data-id=\"66c57f8f\" data-element_type=\"column\" data-e-type=\"column\" data-settings=\"{&quot;animation&quot;:&quot;fadeInRight&quot;}\">\n\t\t\t<div class=\"elementor-widget-wrap elementor-element-populated\">\n\t\t\t\t\t\t<div class=\"elementor-element elementor-element-5158fa9 elementor-widget elementor-widget-heading\" data-id=\"5158fa9\" data-element_type=\"widget\" data-e-type=\"widget\" data-widget_type=\"heading.default\">\n\t\t\t\t<div class=\"elementor-widget-container\">\n\t\t\t\t\t<h2 class=\"elementor-heading-title elementor-size-default\">Tratamiendo de Cadera<\/h2>\t\t\t\t<\/div>\n\t\t\t\t<\/div>\n\t\t\t\t\t<\/div>\n\t\t<\/div>\n\t\t\t\t\t<\/div>\n\t\t<\/section>\n\t\t\t\t<section class=\"elementor-section elementor-top-section elementor-element elementor-element-2621a71d elementor-section-stretched elementor-section-boxed elementor-section-height-default elementor-section-height-default\" data-id=\"2621a71d\" data-element_type=\"section\" data-e-type=\"section\" data-settings=\"{&quot;stretch_section&quot;:&quot;section-stretched&quot;}\">\n\t\t\t\t\t\t<div class=\"elementor-container elementor-column-gap-wider\">\n\t\t\t\t\t<div class=\"elementor-column elementor-col-100 elementor-top-column elementor-element elementor-element-41ed3f05\" data-id=\"41ed3f05\" data-element_type=\"column\" data-e-type=\"column\">\n\t\t\t<div class=\"elementor-widget-wrap elementor-element-populated\">\n\t\t\t\t\t\t<div class=\"elementor-element elementor-element-22290dd1 elementor-widget elementor-widget-text-editor\" data-id=\"22290dd1\" data-element_type=\"widget\" data-e-type=\"widget\" data-widget_type=\"text-editor.default\">\n\t\t\t\t<div class=\"elementor-widget-container\">\n\t\t\t\t\t\t\t\t\t<h3><strong>Pinzamiento Femoroacetabular (FAI)<\/strong><\/h3><p>FAI, tambi\u00e9n llamado Choque Femoroacetabular, consiste en un crecimiento \u00f3seo anormal a lo largo de uno o ambos huesos que forman la articulaci\u00f3n de la cadera y que causan roce y fricci\u00f3n entre ellos.<\/p><p>Esto puede conducir a un mayor riesgo de osteoartritis de la cadera debido al deterioro del cart\u00edlago y el labrum.<\/p>\t\t\t\t\t\t\t\t<\/div>\n\t\t\t\t<\/div>\n\t\t\t\t<div class=\"elementor-element elementor-element-113665f7 elementor-widget elementor-widget-heading\" data-id=\"113665f7\" data-element_type=\"widget\" data-e-type=\"widget\" data-widget_type=\"heading.default\">\n\t\t\t\t<div class=\"elementor-widget-container\">\n\t\t\t\t\t<p class=\"elementor-heading-title elementor-size-default\">Hay de 3 tipos<\/p>\t\t\t\t<\/div>\n\t\t\t\t<\/div>\n\t\t\t\t<div class=\"elementor-element elementor-element-21bc466e elementor-widget elementor-widget-text-editor\" data-id=\"21bc466e\" data-element_type=\"widget\" data-e-type=\"widget\" data-widget_type=\"text-editor.default\">\n\t\t\t\t<div class=\"elementor-widget-container\">\n\t\t\t\t\t\t\t\t\t<p>1. El pinzamiento de la leva es el resultado de una cabeza femoral no perfectamente redonda que causa dolor en la ingle porque la cabeza femoral no puede moverse con suavidad en la cavidad de la cadera.<\/p><p>2. El pinzamiento en pinza, es un crecimiento \u00f3seo excesivo en el que el acet\u00e1bulo crea un saliente sobre la cabeza femoral que provoca dolor en los movimientos de flexi\u00f3n y rotaci\u00f3n.<\/p><p>3. El choque combinado es cuando ambas condiciones existen al mismo tiempo.<\/p>\t\t\t\t\t\t\t\t<\/div>\n\t\t\t\t<\/div>\n\t\t\t\t<div class=\"elementor-element elementor-element-553b40a4 elementor-widget elementor-widget-heading\" data-id=\"553b40a4\" data-element_type=\"widget\" data-e-type=\"widget\" data-widget_type=\"heading.default\">\n\t\t\t\t<div class=\"elementor-widget-container\">\n\t\t\t\t\t<p class=\"elementor-heading-title elementor-size-default\">Tratamiento<\/p>\t\t\t\t<\/div>\n\t\t\t\t<\/div>\n\t\t\t\t<div class=\"elementor-element elementor-element-2821a4e4 elementor-widget elementor-widget-text-editor\" data-id=\"2821a4e4\" data-element_type=\"widget\" data-e-type=\"widget\" data-widget_type=\"text-editor.default\">\n\t\t\t\t<div class=\"elementor-widget-container\">\n\t\t\t\t\t\t\t\t\t<ul><li><strong>Cirug\u00eda artrosc\u00f3pica:<\/strong> trata la mayor\u00eda de las condiciones de FAI. Se utiliza para limpiar da\u00f1os en el labrum y el cart\u00edlago articular, corregir la deformaci\u00f3n y preservar el labrum o reinsertarlo si es posible.<\/li><li><strong>El pinzamiento en pinza<\/strong> es un crecimiento \u00f3seo excesivo en el que el acet\u00e1bulo crea un saliente sobre la cabeza femoral que provoca dolor en los movimientos de flexi\u00f3n y rotaci\u00f3n.<\/li><li>En ciertos casos severos, puede ser necesaria una <strong>cirug\u00eda abierta<\/strong> para lograr la correcci\u00f3n.<\/li><\/ul>\t\t\t\t\t\t\t\t<\/div>\n\t\t\t\t<\/div>\n\t\t\t\t\t<\/div>\n\t\t<\/div>\n\t\t\t\t\t<\/div>\n\t\t<\/section>\n\t\t\t\t<section class=\"elementor-section elementor-top-section elementor-element elementor-element-e7047d3 elementor-section-stretched elementor-section-boxed elementor-section-height-default elementor-section-height-default\" data-id=\"e7047d3\" data-element_type=\"section\" data-e-type=\"section\" data-settings=\"{&quot;stretch_section&quot;:&quot;section-stretched&quot;}\">\n\t\t\t\t\t\t<div class=\"elementor-container elementor-column-gap-wider\">\n\t\t\t\t\t<div class=\"elementor-column elementor-col-100 elementor-top-column elementor-element elementor-element-10dce8c\" data-id=\"10dce8c\" data-element_type=\"column\" data-e-type=\"column\">\n\t\t\t<div class=\"elementor-widget-wrap elementor-element-populated\">\n\t\t\t\t\t\t<div class=\"elementor-element elementor-element-f3323a0 elementor-widget elementor-widget-text-editor\" data-id=\"f3323a0\" data-element_type=\"widget\" data-e-type=\"widget\" data-widget_type=\"text-editor.default\">\n\t\t\t\t<div class=\"elementor-widget-container\">\n\t\t\t\t\t\t\t\t\t<h3><strong>Lesiones del labrum<\/strong><\/h3><p>El labrum est\u00e1 formado por fibrocart\u00edlago (col\u00e1geno) que rodea el acet\u00e1bulo (cavidad de la cadera) y proporciona estabilidad y propiocepci\u00f3n para la marcha y los movimientos finos de la cadera.<br \/>Las lesiones generalmente ocurren en la parte anterior y superior de la cadera como consecuencia de una lesi\u00f3n, desgaste y, a menudo, est\u00e1n relacionadas con el pinzamiento femoroacetabular.<\/p>\t\t\t\t\t\t\t\t<\/div>\n\t\t\t\t<\/div>\n\t\t\t\t<div class=\"elementor-element elementor-element-378e6fa elementor-widget elementor-widget-heading\" data-id=\"378e6fa\" data-element_type=\"widget\" data-e-type=\"widget\" data-widget_type=\"heading.default\">\n\t\t\t\t<div class=\"elementor-widget-container\">\n\t\t\t\t\t<p class=\"elementor-heading-title elementor-size-default\">Tratamiento<\/p>\t\t\t\t<\/div>\n\t\t\t\t<\/div>\n\t\t\t\t<div class=\"elementor-element elementor-element-c1e65e0 elementor-widget elementor-widget-text-editor\" data-id=\"c1e65e0\" data-element_type=\"widget\" data-e-type=\"widget\" data-widget_type=\"text-editor.default\">\n\t\t\t\t<div class=\"elementor-widget-container\">\n\t\t\t\t\t\t\t\t\t<ul><li><p><strong>Conservador<\/strong>: compuesto por antiinflamatorios, fisioterapia e infiltraciones intraarticulares como corticoides, plasma rico en plaquetas (PRP) y \u00e1cido hialur\u00f3nico.<\/p><\/li><li><p><strong>Cirug\u00eda<\/strong>: se utiliza para la reparaci\u00f3n, el desbridamiento o la reconstrucci\u00f3n del labrum y se puede realizar mediante artroscopia de cadera.<\/p><\/li><\/ul>\t\t\t\t\t\t\t\t<\/div>\n\t\t\t\t<\/div>\n\t\t\t\t\t<\/div>\n\t\t<\/div>\n\t\t\t\t\t<\/div>\n\t\t<\/section>\n\t\t\t\t<section class=\"elementor-section elementor-top-section elementor-element elementor-element-49433ea elementor-section-stretched elementor-section-boxed elementor-section-height-default elementor-section-height-default\" data-id=\"49433ea\" data-element_type=\"section\" data-e-type=\"section\" data-settings=\"{&quot;stretch_section&quot;:&quot;section-stretched&quot;}\">\n\t\t\t\t\t\t<div class=\"elementor-container elementor-column-gap-wider\">\n\t\t\t\t\t<div class=\"elementor-column elementor-col-100 elementor-top-column elementor-element elementor-element-bb06b2d\" data-id=\"bb06b2d\" data-element_type=\"column\" data-e-type=\"column\">\n\t\t\t<div class=\"elementor-widget-wrap elementor-element-populated\">\n\t\t\t\t\t\t<div class=\"elementor-element elementor-element-7e0ea11 elementor-widget elementor-widget-text-editor\" data-id=\"7e0ea11\" data-element_type=\"widget\" data-e-type=\"widget\" data-widget_type=\"text-editor.default\">\n\t\t\t\t<div class=\"elementor-widget-container\">\n\t\t\t\t\t\t\t\t\t<h3><strong>Lesiones del cart\u00edlago<\/strong><\/h3><p>La lesi\u00f3n condral, osteocondral o del cart\u00edlago se produce por condiciones degenerativas o traumatismos. Si la lesi\u00f3n es extensa y afecta a todo el cart\u00edlago se considera artrosis.<\/p>\t\t\t\t\t\t\t\t<\/div>\n\t\t\t\t<\/div>\n\t\t\t\t<div class=\"elementor-element elementor-element-acae2f5 elementor-widget elementor-widget-heading\" data-id=\"acae2f5\" data-element_type=\"widget\" data-e-type=\"widget\" data-widget_type=\"heading.default\">\n\t\t\t\t<div class=\"elementor-widget-container\">\n\t\t\t\t\t<p class=\"elementor-heading-title elementor-size-default\">Tratamiento<\/p>\t\t\t\t<\/div>\n\t\t\t\t<\/div>\n\t\t\t\t<div class=\"elementor-element elementor-element-3423aea elementor-widget elementor-widget-text-editor\" data-id=\"3423aea\" data-element_type=\"widget\" data-e-type=\"widget\" data-widget_type=\"text-editor.default\">\n\t\t\t\t<div class=\"elementor-widget-container\">\n\t\t\t\t\t\t\t\t\t<ul><li><p><strong>Conservador<\/strong>: implica la modificaci\u00f3n de las actividades diarias, rehabilitaci\u00f3n e infiltraciones con corticoides, Plasma Rico en Plaquetas (PRP) y C\u00e9lulas Madre Mesenquimales.<\/p><\/li><li><p><strong>Cirug\u00eda<\/strong>: la artroscopia diagn\u00f3stica y terap\u00e9utica est\u00e1 indicada para las lesiones del labrum y los cuerpos sueltos, no est\u00e1 indicada para la artrosis.<\/p><\/li><\/ul>\t\t\t\t\t\t\t\t<\/div>\n\t\t\t\t<\/div>\n\t\t\t\t\t<\/div>\n\t\t<\/div>\n\t\t\t\t\t<\/div>\n\t\t<\/section>\n\t\t\t\t<section class=\"elementor-section elementor-top-section elementor-element elementor-element-4f10538 elementor-section-stretched elementor-section-boxed elementor-section-height-default elementor-section-height-default\" data-id=\"4f10538\" data-element_type=\"section\" data-e-type=\"section\" data-settings=\"{&quot;stretch_section&quot;:&quot;section-stretched&quot;}\">\n\t\t\t\t\t\t<div class=\"elementor-container elementor-column-gap-wider\">\n\t\t\t\t\t<div class=\"elementor-column elementor-col-100 elementor-top-column elementor-element elementor-element-ce9e178\" data-id=\"ce9e178\" data-element_type=\"column\" data-e-type=\"column\">\n\t\t\t<div class=\"elementor-widget-wrap elementor-element-populated\">\n\t\t\t\t\t\t<div class=\"elementor-element elementor-element-d3d634a elementor-widget elementor-widget-text-editor\" data-id=\"d3d634a\" data-element_type=\"widget\" data-e-type=\"widget\" data-widget_type=\"text-editor.default\">\n\t\t\t\t<div class=\"elementor-widget-container\">\n\t\t\t\t\t\t\t\t\t<h3><strong>Reemplazo de Cadera<\/strong><\/h3><p>La cirug\u00eda de reemplazo de cadera se recomienda cuando todas las dem\u00e1s opciones de tratamiento no han logrado aliviar el dolor. Toda la articulaci\u00f3n de la cadera o partes de la articulaci\u00f3n se reemplazan con una pr\u00f3tesis hecha de componentes de metal, cer\u00e1mica y pl\u00e1stico.<\/p>\t\t\t\t\t\t\t\t<\/div>\n\t\t\t\t<\/div>\n\t\t\t\t<div class=\"elementor-element elementor-element-8f6648d elementor-widget elementor-widget-heading\" data-id=\"8f6648d\" data-element_type=\"widget\" data-e-type=\"widget\" data-widget_type=\"heading.default\">\n\t\t\t\t<div class=\"elementor-widget-container\">\n\t\t\t\t\t<p class=\"elementor-heading-title elementor-size-default\">Tipos<\/p>\t\t\t\t<\/div>\n\t\t\t\t<\/div>\n\t\t\t\t<div class=\"elementor-element elementor-element-e9e3323 elementor-widget elementor-widget-text-editor\" data-id=\"e9e3323\" data-element_type=\"widget\" data-e-type=\"widget\" data-widget_type=\"text-editor.default\">\n\t\t\t\t<div class=\"elementor-widget-container\">\n\t\t\t\t\t\t\t\t\t<ul><li>El reemplazo parcial de cadera es un procedimiento en el que se reemplaza la mitad de la articulaci\u00f3n de la cadera, la cabeza femoral. Solo se utiliza para fracturas del cuello femoral en personas mayores que no son muy activas. No suele estar indicado en la artrosis ya que produce un gran desgaste del acet\u00e1bulo.<\/li><li>El rejuvenecimiento de la cadera es un procedimiento en el que se recorta la cabeza femoral y se cubre con una cubierta de metal. Esto se usa t\u00edpicamente para j\u00f3venes activos y deportistas. La principal ventaja es la preservaci\u00f3n del cuello femoral y la minimizaci\u00f3n de la remoci\u00f3n \u00f3sea proporcionando mayor estabilidad a la articulaci\u00f3n de la cadera y un menor tiempo de recuperaci\u00f3n. Hay una desventaja, aunque baja, de la fractura del cuello femoral.<\/li><li>El reemplazo total de cadera es un procedimiento en el que se reemplaza toda la articulaci\u00f3n de la cadera con un componente cementado que se fija al hueso. La cirug\u00eda de reemplazo de cadera elimina el revestimiento articular da\u00f1ado y reemplaza las superficies articulares con un implante artificial. Varios componentes y materiales comprenden una pr\u00f3tesis de cadera que van desde el metal-polietileno resistente altamente pulido hasta la cer\u00e1mica y el pl\u00e1stico.<\/li><\/ul>\t\t\t\t\t\t\t\t<\/div>\n\t\t\t\t<\/div>\n\t\t\t\t\t<\/div>\n\t\t<\/div>\n\t\t\t\t\t<\/div>\n\t\t<\/section>\n\t\t\t\t<\/div>\n\t\t","protected":false},"excerpt":{"rendered":"<p>Tratamiendo de Cadera Pinzamiento Femoroacetabular (FAI) FAI, tambi\u00e9n llamado Choque Femoroacetabular, consiste en un crecimiento \u00f3seo anormal a lo largo de uno o ambos huesos que forman la articulaci\u00f3n de &#8230; <a title=\"Cadera\" class=\"read-more\" href=\"https:\/\/clinicatenisteknon.com\/es_es\/tratamientos\/cadera\/\" aria-label=\"Leer m\u00e1s sobre Cadera\">Leer m\u00e1s<\/a><\/p>\n","protected":false},"author":4,"featured_media":0,"parent":1168,"menu_order":1,"comment_status":"closed","ping_status":"closed","template":"","meta":{"generate_page_header":"","footnotes":""},"class_list":["post-1418","page","type-page","status-publish"],"yoast_head":"<!-- This site is optimized with the Yoast SEO plugin v27.6 - https:\/\/yoast.com\/product\/yoast-seo-wordpress\/ -->\n<title>Cadera - Cl\u00ednica Tenis Teknon<\/title>\n<meta name=\"robots\" content=\"index, follow, max-snippet:-1, max-image-preview:large, max-video-preview:-1\" \/>\n<link rel=\"canonical\" href=\"https:\/\/clinicatenisteknon.com\/es_es\/tratamientos\/cadera\/\" \/>\n<meta property=\"og:locale\" content=\"es_ES\" \/>\n<meta property=\"og:type\" content=\"article\" \/>\n<meta property=\"og:title\" content=\"Cadera - Cl\u00ednica Tenis Teknon\" \/>\n<meta property=\"og:description\" content=\"Tratamiendo de Cadera Pinzamiento Femoroacetabular (FAI) FAI, tambi\u00e9n llamado Choque Femoroacetabular, consiste en un crecimiento \u00f3seo anormal a lo largo de uno o ambos huesos que forman la articulaci\u00f3n de ... Leer m\u00e1s\" \/>\n<meta property=\"og:url\" content=\"https:\/\/clinicatenisteknon.com\/es_es\/tratamientos\/cadera\/\" \/>\n<meta property=\"og:site_name\" content=\"Cl\u00ednica Tenis Teknon\" \/>\n<meta property=\"article:modified_time\" content=\"2023-08-08T11:50:48+00:00\" \/>\n<meta property=\"og:image\" content=\"https:\/\/clinicatenisteknon.com\/wp-content\/uploads\/2023\/07\/CADERA-1024x646.jpg\" \/>\n<meta name=\"twitter:card\" content=\"summary_large_image\" \/>\n<meta name=\"twitter:label1\" content=\"Tiempo de lectura\" \/>\n\t<meta name=\"twitter:data1\" content=\"4 minutos\" \/>\n<script type=\"application\/ld+json\" class=\"yoast-schema-graph\">{\"@context\":\"https:\\\/\\\/schema.org\",\"@graph\":[{\"@type\":\"WebPage\",\"@id\":\"https:\\\/\\\/clinicatenisteknon.com\\\/tratamientos\\\/cadera\\\/\",\"url\":\"https:\\\/\\\/clinicatenisteknon.com\\\/tratamientos\\\/cadera\\\/\",\"name\":\"Cadera - Cl\u00ednica Tenis Teknon\",\"isPartOf\":{\"@id\":\"https:\\\/\\\/clinicatenisteknon.com\\\/#website\"},\"primaryImageOfPage\":{\"@id\":\"https:\\\/\\\/clinicatenisteknon.com\\\/tratamientos\\\/cadera\\\/#primaryimage\"},\"image\":{\"@id\":\"https:\\\/\\\/clinicatenisteknon.com\\\/tratamientos\\\/cadera\\\/#primaryimage\"},\"thumbnailUrl\":\"https:\\\/\\\/clinicatenisteknon.com\\\/wp-content\\\/uploads\\\/2023\\\/07\\\/CADERA-1024x646.jpg\",\"datePublished\":\"2023-08-08T09:24:05+00:00\",\"dateModified\":\"2023-08-08T11:50:48+00:00\",\"breadcrumb\":{\"@id\":\"https:\\\/\\\/clinicatenisteknon.com\\\/tratamientos\\\/cadera\\\/#breadcrumb\"},\"inLanguage\":\"es\",\"potentialAction\":[{\"@type\":\"ReadAction\",\"target\":[\"https:\\\/\\\/clinicatenisteknon.com\\\/tratamientos\\\/cadera\\\/\"]}]},{\"@type\":\"ImageObject\",\"inLanguage\":\"es\",\"@id\":\"https:\\\/\\\/clinicatenisteknon.com\\\/tratamientos\\\/cadera\\\/#primaryimage\",\"url\":\"https:\\\/\\\/clinicatenisteknon.com\\\/wp-content\\\/uploads\\\/2023\\\/07\\\/CADERA-1024x646.jpg\",\"contentUrl\":\"https:\\\/\\\/clinicatenisteknon.com\\\/wp-content\\\/uploads\\\/2023\\\/07\\\/CADERA-1024x646.jpg\"},{\"@type\":\"BreadcrumbList\",\"@id\":\"https:\\\/\\\/clinicatenisteknon.com\\\/tratamientos\\\/cadera\\\/#breadcrumb\",\"itemListElement\":[{\"@type\":\"ListItem\",\"position\":1,\"name\":\"Portada\",\"item\":\"https:\\\/\\\/clinicatenisteknon.com\\\/\"},{\"@type\":\"ListItem\",\"position\":2,\"name\":\"Tratamientos\",\"item\":\"https:\\\/\\\/clinicatenisteknon.com\\\/es_es\\\/tratamientos\\\/\"},{\"@type\":\"ListItem\",\"position\":3,\"name\":\"Cadera\"}]},{\"@type\":\"WebSite\",\"@id\":\"https:\\\/\\\/clinicatenisteknon.com\\\/#website\",\"url\":\"https:\\\/\\\/clinicatenisteknon.com\\\/\",\"name\":\"Cl\u00ednica Tenis Teknon\",\"description\":\"Cl\u00ednica del tenis \",\"publisher\":{\"@id\":\"https:\\\/\\\/clinicatenisteknon.com\\\/#organization\"},\"potentialAction\":[{\"@type\":\"SearchAction\",\"target\":{\"@type\":\"EntryPoint\",\"urlTemplate\":\"https:\\\/\\\/clinicatenisteknon.com\\\/?s={search_term_string}\"},\"query-input\":{\"@type\":\"PropertyValueSpecification\",\"valueRequired\":true,\"valueName\":\"search_term_string\"}}],\"inLanguage\":\"es\"},{\"@type\":\"Organization\",\"@id\":\"https:\\\/\\\/clinicatenisteknon.com\\\/#organization\",\"name\":\"Cl\u00ednica Tenis Teknon\",\"url\":\"https:\\\/\\\/clinicatenisteknon.com\\\/\",\"logo\":{\"@type\":\"ImageObject\",\"inLanguage\":\"es\",\"@id\":\"https:\\\/\\\/clinicatenisteknon.com\\\/#\\\/schema\\\/logo\\\/image\\\/\",\"url\":\"https:\\\/\\\/clinicatenisteknon.com\\\/wp-content\\\/uploads\\\/2023\\\/02\\\/QS-C-Cl-T-Teknon-Logo-Hz-Positiv-CMYK.jpg\",\"contentUrl\":\"https:\\\/\\\/clinicatenisteknon.com\\\/wp-content\\\/uploads\\\/2023\\\/02\\\/QS-C-Cl-T-Teknon-Logo-Hz-Positiv-CMYK.jpg\",\"width\":1802,\"height\":449,\"caption\":\"Cl\u00ednica Tenis Teknon\"},\"image\":{\"@id\":\"https:\\\/\\\/clinicatenisteknon.com\\\/#\\\/schema\\\/logo\\\/image\\\/\"}}]}<\/script>\n<!-- \/ Yoast SEO plugin. -->","yoast_head_json":{"title":"Cadera - Cl\u00ednica Tenis Teknon","robots":{"index":"index","follow":"follow","max-snippet":"max-snippet:-1","max-image-preview":"max-image-preview:large","max-video-preview":"max-video-preview:-1"},"canonical":"https:\/\/clinicatenisteknon.com\/es_es\/tratamientos\/cadera\/","og_locale":"es_ES","og_type":"article","og_title":"Cadera - Cl\u00ednica Tenis Teknon","og_description":"Tratamiendo de Cadera Pinzamiento Femoroacetabular (FAI) FAI, tambi\u00e9n llamado Choque Femoroacetabular, consiste en un crecimiento \u00f3seo anormal a lo largo de uno o ambos huesos que forman la articulaci\u00f3n de ... Leer m\u00e1s","og_url":"https:\/\/clinicatenisteknon.com\/es_es\/tratamientos\/cadera\/","og_site_name":"Cl\u00ednica Tenis Teknon","article_modified_time":"2023-08-08T11:50:48+00:00","og_image":[{"url":"https:\/\/clinicatenisteknon.com\/wp-content\/uploads\/2023\/07\/CADERA-1024x646.jpg","type":"","width":"","height":""}],"twitter_card":"summary_large_image","twitter_misc":{"Tiempo de lectura":"4 minutos"},"schema":{"@context":"https:\/\/schema.org","@graph":[{"@type":"WebPage","@id":"https:\/\/clinicatenisteknon.com\/tratamientos\/cadera\/","url":"https:\/\/clinicatenisteknon.com\/tratamientos\/cadera\/","name":"Cadera - Cl\u00ednica Tenis Teknon","isPartOf":{"@id":"https:\/\/clinicatenisteknon.com\/#website"},"primaryImageOfPage":{"@id":"https:\/\/clinicatenisteknon.com\/tratamientos\/cadera\/#primaryimage"},"image":{"@id":"https:\/\/clinicatenisteknon.com\/tratamientos\/cadera\/#primaryimage"},"thumbnailUrl":"https:\/\/clinicatenisteknon.com\/wp-content\/uploads\/2023\/07\/CADERA-1024x646.jpg","datePublished":"2023-08-08T09:24:05+00:00","dateModified":"2023-08-08T11:50:48+00:00","breadcrumb":{"@id":"https:\/\/clinicatenisteknon.com\/tratamientos\/cadera\/#breadcrumb"},"inLanguage":"es","potentialAction":[{"@type":"ReadAction","target":["https:\/\/clinicatenisteknon.com\/tratamientos\/cadera\/"]}]},{"@type":"ImageObject","inLanguage":"es","@id":"https:\/\/clinicatenisteknon.com\/tratamientos\/cadera\/#primaryimage","url":"https:\/\/clinicatenisteknon.com\/wp-content\/uploads\/2023\/07\/CADERA-1024x646.jpg","contentUrl":"https:\/\/clinicatenisteknon.com\/wp-content\/uploads\/2023\/07\/CADERA-1024x646.jpg"},{"@type":"BreadcrumbList","@id":"https:\/\/clinicatenisteknon.com\/tratamientos\/cadera\/#breadcrumb","itemListElement":[{"@type":"ListItem","position":1,"name":"Portada","item":"https:\/\/clinicatenisteknon.com\/"},{"@type":"ListItem","position":2,"name":"Tratamientos","item":"https:\/\/clinicatenisteknon.com\/es_es\/tratamientos\/"},{"@type":"ListItem","position":3,"name":"Cadera"}]},{"@type":"WebSite","@id":"https:\/\/clinicatenisteknon.com\/#website","url":"https:\/\/clinicatenisteknon.com\/","name":"Cl\u00ednica Tenis Teknon","description":"Cl\u00ednica del tenis ","publisher":{"@id":"https:\/\/clinicatenisteknon.com\/#organization"},"potentialAction":[{"@type":"SearchAction","target":{"@type":"EntryPoint","urlTemplate":"https:\/\/clinicatenisteknon.com\/?s={search_term_string}"},"query-input":{"@type":"PropertyValueSpecification","valueRequired":true,"valueName":"search_term_string"}}],"inLanguage":"es"},{"@type":"Organization","@id":"https:\/\/clinicatenisteknon.com\/#organization","name":"Cl\u00ednica Tenis Teknon","url":"https:\/\/clinicatenisteknon.com\/","logo":{"@type":"ImageObject","inLanguage":"es","@id":"https:\/\/clinicatenisteknon.com\/#\/schema\/logo\/image\/","url":"https:\/\/clinicatenisteknon.com\/wp-content\/uploads\/2023\/02\/QS-C-Cl-T-Teknon-Logo-Hz-Positiv-CMYK.jpg","contentUrl":"https:\/\/clinicatenisteknon.com\/wp-content\/uploads\/2023\/02\/QS-C-Cl-T-Teknon-Logo-Hz-Positiv-CMYK.jpg","width":1802,"height":449,"caption":"Cl\u00ednica Tenis Teknon"},"image":{"@id":"https:\/\/clinicatenisteknon.com\/#\/schema\/logo\/image\/"}}]}},"_links":{"self":[{"href":"https:\/\/clinicatenisteknon.com\/es_es\/wp-json\/wp\/v2\/pages\/1418","targetHints":{"allow":["GET"]}}],"collection":[{"href":"https:\/\/clinicatenisteknon.com\/es_es\/wp-json\/wp\/v2\/pages"}],"about":[{"href":"https:\/\/clinicatenisteknon.com\/es_es\/wp-json\/wp\/v2\/types\/page"}],"author":[{"embeddable":true,"href":"https:\/\/clinicatenisteknon.com\/es_es\/wp-json\/wp\/v2\/users\/4"}],"replies":[{"embeddable":true,"href":"https:\/\/clinicatenisteknon.com\/es_es\/wp-json\/wp\/v2\/comments?post=1418"}],"version-history":[{"count":17,"href":"https:\/\/clinicatenisteknon.com\/es_es\/wp-json\/wp\/v2\/pages\/1418\/revisions"}],"predecessor-version":[{"id":1504,"href":"https:\/\/clinicatenisteknon.com\/es_es\/wp-json\/wp\/v2\/pages\/1418\/revisions\/1504"}],"up":[{"embeddable":true,"href":"https:\/\/clinicatenisteknon.com\/es_es\/wp-json\/wp\/v2\/pages\/1168"}],"wp:attachment":[{"href":"https:\/\/clinicatenisteknon.com\/es_es\/wp-json\/wp\/v2\/media?parent=1418"}],"curies":[{"name":"wp","href":"https:\/\/api.w.org\/{rel}","templated":true}]}}