{"id":3109,"date":"2024-03-11T13:47:32","date_gmt":"2024-03-11T12:47:32","guid":{"rendered":"https:\/\/clinicatenisteknon.com\/?post_type=product&#038;p=3109"},"modified":"2025-10-27T12:55:58","modified_gmt":"2025-10-27T11:55:58","slug":"curso-grabado-rodilla","status":"publish","type":"product","link":"https:\/\/clinicatenisteknon.com\/es_es\/producto\/curso-grabado-rodilla\/","title":{"rendered":"Curso Grabado Rodilla"},"content":{"rendered":"","protected":false},"excerpt":{"rendered":"<p>Accede a las grabaciones de los dos d\u00edas del Curso de manera virtual y a todo su contenido.<\/p>\n<p>Este contenido estar\u00e1 activo hasta el 11\/6\/2024, las 24 hs, y podr\u00e1s verlo en el horario que te resulte c\u00f3modo.<\/p>\n<p>&nbsp;<\/p>\n","protected":false},"featured_media":2340,"template":"","meta":{"generate_page_header":""},"product_brand":[],"product_cat":[69],"product_tag":[],"class_list":{"0":"post-3109","1":"product","2":"type-product","3":"status-publish","4":"has-post-thumbnail","6":"product_cat-sin-categorizar","8":"first","9":"instock","10":"taxable","11":"shipping-taxable","12":"purchasable","13":"product-type-simple"},"yoast_head":"<!-- This site is optimized with the Yoast SEO plugin v27.4 - https:\/\/yoast.com\/product\/yoast-seo-wordpress\/ -->\n<title>Curso Grabado Rodilla - Cl\u00ednica Tenis Teknon<\/title>\n<meta name=\"robots\" content=\"noindex, nofollow\" \/>\n<meta property=\"og:locale\" content=\"es_ES\" \/>\n<meta property=\"og:type\" content=\"article\" \/>\n<meta property=\"og:title\" content=\"Curso Grabado Rodilla - Cl\u00ednica Tenis Teknon\" \/>\n<meta property=\"og:description\" content=\"Accede a las grabaciones de los dos d\u00edas del Curso de manera virtual y a todo su contenido.  Este contenido estar\u00e1 activo hasta el 11\/6\/2024, las 24 hs, y podr\u00e1s verlo en el horario que te resulte c\u00f3modo.  &nbsp;\" \/>\n<meta property=\"og:url\" content=\"https:\/\/clinicatenisteknon.com\/es_es\/producto\/curso-grabado-rodilla\/\" \/>\n<meta property=\"og:site_name\" content=\"Cl\u00ednica Tenis Teknon\" \/>\n<meta property=\"article:modified_time\" content=\"2025-10-27T11:55:58+00:00\" \/>\n<meta property=\"og:image\" content=\"https:\/\/clinicatenisteknon.com\/wp-content\/uploads\/2024\/02\/C-scaled.jpg\" \/>\n\t<meta property=\"og:image:width\" content=\"2560\" \/>\n\t<meta property=\"og:image:height\" content=\"1810\" \/>\n\t<meta property=\"og:image:type\" content=\"image\/jpeg\" \/>\n<meta name=\"twitter:card\" content=\"summary_large_image\" \/>\n<meta name=\"twitter:label1\" content=\"Tiempo de lectura\" \/>\n\t<meta name=\"twitter:data1\" content=\"1 minuto\" \/>\n<script type=\"application\/ld+json\" class=\"yoast-schema-graph\">{\"@context\":\"https:\\\/\\\/schema.org\",\"@graph\":[{\"@type\":\"WebPage\",\"@id\":\"https:\\\/\\\/clinicatenisteknon.com\\\/producto\\\/curso-grabado-rodilla\\\/\",\"url\":\"https:\\\/\\\/clinicatenisteknon.com\\\/producto\\\/curso-grabado-rodilla\\\/\",\"name\":\"Curso Grabado Rodilla - Cl\u00ednica Tenis Teknon\",\"isPartOf\":{\"@id\":\"https:\\\/\\\/clinicatenisteknon.com\\\/#website\"},\"primaryImageOfPage\":{\"@id\":\"https:\\\/\\\/clinicatenisteknon.com\\\/producto\\\/curso-grabado-rodilla\\\/#primaryimage\"},\"image\":{\"@id\":\"https:\\\/\\\/clinicatenisteknon.com\\\/producto\\\/curso-grabado-rodilla\\\/#primaryimage\"},\"thumbnailUrl\":\"https:\\\/\\\/clinicatenisteknon.com\\\/wp-content\\\/uploads\\\/2024\\\/02\\\/C-scaled.jpg\",\"datePublished\":\"2024-03-11T12:47:32+00:00\",\"dateModified\":\"2025-10-27T11:55:58+00:00\",\"breadcrumb\":{\"@id\":\"https:\\\/\\\/clinicatenisteknon.com\\\/producto\\\/curso-grabado-rodilla\\\/#breadcrumb\"},\"inLanguage\":\"es\",\"potentialAction\":[{\"@type\":\"ReadAction\",\"target\":[\"https:\\\/\\\/clinicatenisteknon.com\\\/producto\\\/curso-grabado-rodilla\\\/\"]}]},{\"@type\":\"ImageObject\",\"inLanguage\":\"es\",\"@id\":\"https:\\\/\\\/clinicatenisteknon.com\\\/producto\\\/curso-grabado-rodilla\\\/#primaryimage\",\"url\":\"https:\\\/\\\/clinicatenisteknon.com\\\/wp-content\\\/uploads\\\/2024\\\/02\\\/C-scaled.jpg\",\"contentUrl\":\"https:\\\/\\\/clinicatenisteknon.com\\\/wp-content\\\/uploads\\\/2024\\\/02\\\/C-scaled.jpg\",\"width\":2560,\"height\":1810},{\"@type\":\"BreadcrumbList\",\"@id\":\"https:\\\/\\\/clinicatenisteknon.com\\\/producto\\\/curso-grabado-rodilla\\\/#breadcrumb\",\"itemListElement\":[{\"@type\":\"ListItem\",\"position\":1,\"name\":\"Portada\",\"item\":\"https:\\\/\\\/clinicatenisteknon.com\\\/\"},{\"@type\":\"ListItem\",\"position\":2,\"name\":\"Tienda\",\"item\":\"https:\\\/\\\/clinicatenisteknon.com\\\/tienda\\\/\"},{\"@type\":\"ListItem\",\"position\":3,\"name\":\"Curso Grabado Rodilla\"}]},{\"@type\":\"WebSite\",\"@id\":\"https:\\\/\\\/clinicatenisteknon.com\\\/#website\",\"url\":\"https:\\\/\\\/clinicatenisteknon.com\\\/\",\"name\":\"Cl\u00ednica Tenis Teknon\",\"description\":\"Cl\u00ednica del tenis \",\"publisher\":{\"@id\":\"https:\\\/\\\/clinicatenisteknon.com\\\/#organization\"},\"potentialAction\":[{\"@type\":\"SearchAction\",\"target\":{\"@type\":\"EntryPoint\",\"urlTemplate\":\"https:\\\/\\\/clinicatenisteknon.com\\\/?s={search_term_string}\"},\"query-input\":{\"@type\":\"PropertyValueSpecification\",\"valueRequired\":true,\"valueName\":\"search_term_string\"}}],\"inLanguage\":\"es\"},{\"@type\":\"Organization\",\"@id\":\"https:\\\/\\\/clinicatenisteknon.com\\\/#organization\",\"name\":\"Cl\u00ednica Tenis Teknon\",\"url\":\"https:\\\/\\\/clinicatenisteknon.com\\\/\",\"logo\":{\"@type\":\"ImageObject\",\"inLanguage\":\"es\",\"@id\":\"https:\\\/\\\/clinicatenisteknon.com\\\/#\\\/schema\\\/logo\\\/image\\\/\",\"url\":\"https:\\\/\\\/clinicatenisteknon.com\\\/wp-content\\\/uploads\\\/2023\\\/02\\\/QS-C-Cl-T-Teknon-Logo-Hz-Positiv-CMYK.jpg\",\"contentUrl\":\"https:\\\/\\\/clinicatenisteknon.com\\\/wp-content\\\/uploads\\\/2023\\\/02\\\/QS-C-Cl-T-Teknon-Logo-Hz-Positiv-CMYK.jpg\",\"width\":1802,\"height\":449,\"caption\":\"Cl\u00ednica Tenis Teknon\"},\"image\":{\"@id\":\"https:\\\/\\\/clinicatenisteknon.com\\\/#\\\/schema\\\/logo\\\/image\\\/\"}}]}<\/script>\n<!-- \/ Yoast SEO plugin. -->","yoast_head_json":{"title":"Curso Grabado Rodilla - Cl\u00ednica Tenis Teknon","robots":{"index":"noindex","follow":"nofollow"},"og_locale":"es_ES","og_type":"article","og_title":"Curso Grabado Rodilla - Cl\u00ednica Tenis Teknon","og_description":"Accede a las grabaciones de los dos d\u00edas del Curso de manera virtual y a todo su contenido.  Este contenido estar\u00e1 activo hasta el 11\/6\/2024, las 24 hs, y podr\u00e1s verlo en el horario que te resulte c\u00f3modo.  &nbsp;","og_url":"https:\/\/clinicatenisteknon.com\/es_es\/producto\/curso-grabado-rodilla\/","og_site_name":"Cl\u00ednica Tenis Teknon","article_modified_time":"2025-10-27T11:55:58+00:00","og_image":[{"width":2560,"height":1810,"url":"https:\/\/clinicatenisteknon.com\/wp-content\/uploads\/2024\/02\/C-scaled.jpg","type":"image\/jpeg"}],"twitter_card":"summary_large_image","twitter_misc":{"Tiempo de lectura":"1 minuto"},"schema":{"@context":"https:\/\/schema.org","@graph":[{"@type":"WebPage","@id":"https:\/\/clinicatenisteknon.com\/producto\/curso-grabado-rodilla\/","url":"https:\/\/clinicatenisteknon.com\/producto\/curso-grabado-rodilla\/","name":"Curso Grabado Rodilla - Cl\u00ednica Tenis Teknon","isPartOf":{"@id":"https:\/\/clinicatenisteknon.com\/#website"},"primaryImageOfPage":{"@id":"https:\/\/clinicatenisteknon.com\/producto\/curso-grabado-rodilla\/#primaryimage"},"image":{"@id":"https:\/\/clinicatenisteknon.com\/producto\/curso-grabado-rodilla\/#primaryimage"},"thumbnailUrl":"https:\/\/clinicatenisteknon.com\/wp-content\/uploads\/2024\/02\/C-scaled.jpg","datePublished":"2024-03-11T12:47:32+00:00","dateModified":"2025-10-27T11:55:58+00:00","breadcrumb":{"@id":"https:\/\/clinicatenisteknon.com\/producto\/curso-grabado-rodilla\/#breadcrumb"},"inLanguage":"es","potentialAction":[{"@type":"ReadAction","target":["https:\/\/clinicatenisteknon.com\/producto\/curso-grabado-rodilla\/"]}]},{"@type":"ImageObject","inLanguage":"es","@id":"https:\/\/clinicatenisteknon.com\/producto\/curso-grabado-rodilla\/#primaryimage","url":"https:\/\/clinicatenisteknon.com\/wp-content\/uploads\/2024\/02\/C-scaled.jpg","contentUrl":"https:\/\/clinicatenisteknon.com\/wp-content\/uploads\/2024\/02\/C-scaled.jpg","width":2560,"height":1810},{"@type":"BreadcrumbList","@id":"https:\/\/clinicatenisteknon.com\/producto\/curso-grabado-rodilla\/#breadcrumb","itemListElement":[{"@type":"ListItem","position":1,"name":"Portada","item":"https:\/\/clinicatenisteknon.com\/"},{"@type":"ListItem","position":2,"name":"Tienda","item":"https:\/\/clinicatenisteknon.com\/tienda\/"},{"@type":"ListItem","position":3,"name":"Curso Grabado Rodilla"}]},{"@type":"WebSite","@id":"https:\/\/clinicatenisteknon.com\/#website","url":"https:\/\/clinicatenisteknon.com\/","name":"Cl\u00ednica Tenis Teknon","description":"Cl\u00ednica del tenis ","publisher":{"@id":"https:\/\/clinicatenisteknon.com\/#organization"},"potentialAction":[{"@type":"SearchAction","target":{"@type":"EntryPoint","urlTemplate":"https:\/\/clinicatenisteknon.com\/?s={search_term_string}"},"query-input":{"@type":"PropertyValueSpecification","valueRequired":true,"valueName":"search_term_string"}}],"inLanguage":"es"},{"@type":"Organization","@id":"https:\/\/clinicatenisteknon.com\/#organization","name":"Cl\u00ednica Tenis Teknon","url":"https:\/\/clinicatenisteknon.com\/","logo":{"@type":"ImageObject","inLanguage":"es","@id":"https:\/\/clinicatenisteknon.com\/#\/schema\/logo\/image\/","url":"https:\/\/clinicatenisteknon.com\/wp-content\/uploads\/2023\/02\/QS-C-Cl-T-Teknon-Logo-Hz-Positiv-CMYK.jpg","contentUrl":"https:\/\/clinicatenisteknon.com\/wp-content\/uploads\/2023\/02\/QS-C-Cl-T-Teknon-Logo-Hz-Positiv-CMYK.jpg","width":1802,"height":449,"caption":"Cl\u00ednica Tenis Teknon"},"image":{"@id":"https:\/\/clinicatenisteknon.com\/#\/schema\/logo\/image\/"}}]}},"_links":{"self":[{"href":"https:\/\/clinicatenisteknon.com\/es_es\/wp-json\/wp\/v2\/product\/3109","targetHints":{"allow":["GET"]}}],"collection":[{"href":"https:\/\/clinicatenisteknon.com\/es_es\/wp-json\/wp\/v2\/product"}],"about":[{"href":"https:\/\/clinicatenisteknon.com\/es_es\/wp-json\/wp\/v2\/types\/product"}],"version-history":[{"count":4,"href":"https:\/\/clinicatenisteknon.com\/es_es\/wp-json\/wp\/v2\/product\/3109\/revisions"}],"predecessor-version":[{"id":3450,"href":"https:\/\/clinicatenisteknon.com\/es_es\/wp-json\/wp\/v2\/product\/3109\/revisions\/3450"}],"wp:featuredmedia":[{"embeddable":true,"href":"https:\/\/clinicatenisteknon.com\/es_es\/wp-json\/wp\/v2\/media\/2340"}],"wp:attachment":[{"href":"https:\/\/clinicatenisteknon.com\/es_es\/wp-json\/wp\/v2\/media?parent=3109"}],"wp:term":[{"taxonomy":"product_brand","embeddable":true,"href":"https:\/\/clinicatenisteknon.com\/es_es\/wp-json\/wp\/v2\/product_brand?post=3109"},{"taxonomy":"product_cat","embeddable":true,"href":"https:\/\/clinicatenisteknon.com\/es_es\/wp-json\/wp\/v2\/product_cat?post=3109"},{"taxonomy":"product_tag","embeddable":true,"href":"https:\/\/clinicatenisteknon.com\/es_es\/wp-json\/wp\/v2\/product_tag?post=3109"}],"curies":[{"name":"wp","href":"https:\/\/api.w.org\/{rel}","templated":true}]}}